{"id":10,"date":"2013-03-30T10:56:55","date_gmt":"2013-03-30T09:56:55","guid":{"rendered":"http:\/\/www.groundworkers.se\/?page_id=10"},"modified":"2025-11-25T19:53:30","modified_gmt":"2025-11-25T18:53:30","slug":"valpar","status":"publish","type":"page","link":"http:\/\/www.groundworkers.se\/?page_id=10","title":{"rendered":"Valpar"},"content":{"rendered":"<p style=\"text-align: left;\"><strong><span style=\"font-size: large;\">H\u00e4r<\/span><span style=\"font-size: large;\"> presenteras Ground Workers kullar efter hand som de blir av.<\/span><\/strong><\/p>\n<p>X-kullen<br \/>\nE: Ground Workers Unstoppable U: Odett Od Paplov\u00e9 Cesty<br \/>\nF\u00f6dda: 2025-06-28<br \/>\n<span style=\"font-size: 10pt;\">Ground Workers Adventure \u201dAffe\u201d<\/span><br \/>\n<span style=\"font-size: 10pt;\">Ground Workers Amazing \u201dAlma\u201d<br \/>\nGround Workers Aristocrat \u201dNikki\u201d<br \/>\nGround Workers Ambassador \u201dBusy\u201d<\/span><\/p>\n<p>Z-kullen<br \/>\n<span style=\"font-size: 10pt;\"><span style=\"font-size: 12pt;\">E: Kultens Lennart U: Ground Workers Terrific<br \/>\nF\u00f6dda: 2025-04-10<br \/>\n<span style=\"font-size: 10pt;\">Ground Workers Zip &#8221;Lotuz&#8221;<br \/>\nGround Workers Zingy &#8221;Barbara\u201d<\/span><\/span><\/span><\/p>\n<p><a href=\"https:\/\/www.groundworkers.se\/?page_id=2864\">Y-kullen<\/a><br \/>\nE: Ottercap I Won&#8217;t Back Down <span style=\"font-size: 10pt;\"><span style=\"font-size: 12pt;\">\u00a0U: Vydra Iz Pesni Lovchiva<br \/>\n<\/span><\/span>F\u00f6dda: 2024-04-14<br \/>\n<span style=\"font-size: 10pt;\">Ground Workers Yes &#8221;Pira\u201d <em>Resultat<\/em>: SEVCH<\/span><br \/>\n<span style=\"font-size: 10pt;\">Ground Workers Yelp &#8221;Yngve&#8221; <em>Resultat<\/em>: BIR-valp, cert i Spanien<br \/>\nGround Workers Yap &#8221;Ragnar&#8221;<br \/>\nGround Workers Yell &#8221;<a href=\"https:\/\/www.groundworkers.se\/?page_id=2834\">Yella<\/a>&#8221; <em>Resultat<\/em>: Juniorcert, nordic juniorcert, dansk juniorchampion, BPH m skott, Kvalit\u00e9 1 p\u00e5 GA-prov, SEVCH, cert och BIM i Norge<\/span><\/p>\n<p><a href=\"https:\/\/www.groundworkers.se\/?page_id=2854\">X-kullen<\/a><br \/>\nE: F\u00e5geltorps Bj\u00f6rn Bosch<span style=\"font-size: 10pt;\"><span style=\"font-size: 12pt;\">\u00a0 U: Odett Od Paplov\u00e8 Cesty<br \/>\nF\u00f6dda: 2024-04-09<br \/>\n<span style=\"font-size: 10pt;\">Ground Workers Xit &#8221;Sparven&#8221;<br \/>\nGround Workers Xtra &#8221;Knasen&#8221;<br \/>\nGround Workers Xtreme &#8221;Puck&#8221; <em>Resultat<\/em>: BIR-valp<br \/>\nGround Workers Xpect &#8221;Dumle&#8221; <em>Resultat<\/em>: CACIB-J och cert utst\u00e4llning<br \/>\n<\/span><\/span><\/span><\/p>\n<p><a href=\"https:\/\/www.groundworkers.se\/?page_id=2680\">W-Kullen<\/a><br \/>\n<span style=\"font-size: 10pt;\"><span style=\"font-size: 12pt;\">E: Baddy In Token Of Unicorn\u00a0 U: Vydra Iz Pesni Lovchiva<\/span><br \/>\n<span style=\"font-size: 12pt;\">F\u00f6dda: 2023-04-15<\/span><br \/>\nGround Workers Wild &#8221;Willow&#8221; <em>Resultat<\/em>: BIM-valp, Excellent p\u00e5 utst\u00e4llning, Gk anlagsprov viltsp\u00e5r<br \/>\nGround Workers Wonder &#8221;Wissla&#8221; <em>Resultat<\/em>: \u00a0SEVCH, Excellent p\u00e5 utst\u00e4llning, 1a pris p\u00e5 grytjaktprov<br \/>\n<\/span><span style=\"font-size: 10pt;\">Ground Workers Wallop &#8221;Wilgot\/Wille&#8221;<br \/>\n<\/span><span style=\"font-size: 10pt;\">Ground Workers Whoops &#8221;Bobby&#8221; <em>Resultat<\/em>: HP i valpklass<\/span><\/p>\n<p><a href=\"https:\/\/www.groundworkers.se\/?page_id=2665\">V-Kullen<\/a><br \/>\n<span style=\"font-size: 10pt;\"><span style=\"font-size: 12pt;\">E: Baddy In Token Of Unicorn\u00a0 U: Ottercap You Tell Me<\/span><br \/>\n<span style=\"font-size: 12pt;\">F\u00f6dda: 2023-04-10<\/span><br \/>\nGround Workers Venture &#8221;Ville&#8221; <em>Resultat<\/em>:\u00a0 T\u00e4vlar i NW1, RLDN, RLDF, Excellent med CK p\u00e5 utst\u00e4llning<br \/>\nGround Workers Valiant &#8221;Nilsson&#8221;<br \/>\nGround Workers Victory &#8221;Viggo&#8221; <em>Resultat<\/em>: Kvalit\u00e9 1 p\u00e5 GA-prov, Excellent p\u00e5 utst\u00e4llning<br \/>\nGround Workers Vivid &#8221;Ozzy&#8221; <em>Resultat<\/em>: BPH m. skott, SEVCH, Excellent p\u00e5 utst\u00e4llning<br \/>\nGround Workers\u00a0 Vex &#8221;Vera&#8221;<br \/>\nGround Workers Verity &#8221;Winston&#8221;<\/span><\/p>\n<p><a href=\"https:\/\/www.groundworkers.se\/?page_id=2650\">U-Kullen<\/a><br \/>\n<span style=\"font-size: 10pt;\"><span style=\"font-size: 12pt;\">E: Roekull Enok\u00a0 U: Vydra Iz Pesni Lovchiva<\/span><br \/>\n<span style=\"font-size: 12pt;\">F\u00f6dda: 2022-03-29<\/span><br \/>\nGround Workers Unbreakable &#8221;Roffe&#8221;<br \/>\nGround Workers Unquestionable &#8221;Grimm&#8221; <em>Resultat<\/em>: Gk anlagsprov viltsp\u00e5r<br \/>\nGround Workers Unstoppable &#8221;Helge&#8221; <em>Resultat<\/em>: SEVCH, DKUCH, Kvalit\u00e9 1 p\u00e5 GA-prov<br \/>\nGround Workers Unbeatable &#8221;Ubbe&#8221; <em>Resultat<\/em>: Gk anlagsprov viltsp\u00e5r, Ck utst\u00e4llning<br \/>\nGround Workers Unforgettable &#8221;Nelly&#8221; <em>Resultat<\/em>: SEVCH, Cert utst\u00e4llning, RLDN, RLDF, RLDA<br \/>\n<\/span><\/p>\n<p><a href=\"https:\/\/www.groundworkers.se\/?page_id=2631\">T-Kullen<\/a><br \/>\n<span style=\"font-size: 10pt;\"><span style=\"font-size: 12pt;\">E: Baddy In Token Of Unicorn\u00a0 U: Ottercap You Tell Me<\/span><br \/>\n<span style=\"font-size: 12pt;\">F\u00f6dda: 2022-03-26<\/span><br \/>\nGround Workers Tactical &#8221;Hubbe&#8221; <em>Resultat<\/em>: Cert utst\u00e4llning, JAKTHUND<br \/>\nGround Workers Thunder &#8221;Grim&#8221; <em>Resultat<\/em>: Gk anlagsprov viltsp\u00e5r<br \/>\nGround Workers Terrific &#8221;Tie&#8221; <em>Resultat<\/em>: NORDVCH, NOBSCH, DKSCH(B), RLDN, RLDF, SEVCH, BPH m skott, cert p\u00e5 utst\u00e4llning i b\u00e5de Danmark och Sverige, Kvalit\u00e9 1 p\u00e5 GA-prov<br \/>\nGround Workers Treasure &#8221;Doris&#8221; <em>Resultat<\/em>: Excellent p\u00e5 utst\u00e4llning<br \/>\nGround Workers Tricksy &#8221;Ulla&#8221; <em>Resultat<\/em>: Excellent p\u00e5 utst\u00e4llning, Gk anlagsprov i viltsp\u00e5r<br \/>\nGround Workers Temper &#8221;Stina&#8221; JAKTHUND<\/span><\/p>\n<p><a href=\"https:\/\/www.groundworkers.se\/?page_id=2617\">S-Kullen<\/a><br \/>\n<span style=\"font-size: 10pt;\"><span style=\"font-size: 12pt;\">E: Forestjoy Kadett\u00a0 U: Vydra Iz Pesni Lovchiva<\/span><br \/>\n<span style=\"font-size: 12pt;\">F\u00f6dda: 2021-07-10<\/span><br \/>\nGround Workers Sunshine &#8221;Nobby&#8221;<br \/>\nGround Workers Surprise &#8221;Rex&#8221; <em>Resultat<\/em>: Cert och Cacib i Norge p\u00e5 utst\u00e4llning, BPH m. skott, LD Startklass, tv\u00e5 godk\u00e4nda starter i rallylydnad nyb\u00f6rjarklass<br \/>\nGround Workers Scott &#8221;Scott&#8221; JAKTHUND<br \/>\nGround Workers Superb &#8221;Slipzen&#8221; JAKTHUND<br \/>\nGround Workers Scarecrow &#8221;Kr\u00e5ka&#8221; <em>Resultat<\/em>: 1a pris i \u00f6ppenklass viltsp\u00e5r, Ck utst\u00e4llning<br \/>\nGround Wrokers Splendid &#8221;Diddi&#8221; <em>Resultat<\/em>: Gk anlagsprov viltsp\u00e5r, JAKTHUND<\/span><\/p>\n<p><a href=\"https:\/\/www.groundworkers.se\/?page_id=2602\">R-Kullen<\/a><br \/>\n<span style=\"font-size: 10pt;\"><span style=\"font-size: 12pt;\">E: Diggersgang Axel for Ground Workers\u00a0 U: Ottercap You Tell Me<\/span><br \/>\n<span style=\"font-size: 12pt;\">F\u00f6dda: 2021-01-30<\/span><br \/>\nGround Workers Ready &#8221;Ronnie&#8221; <em>Resultat<\/em>; SEVCH, JAKTHUND<br \/>\nGround Workers Reliable &#8221;Bosse&#8221; JAKTHUND<br \/>\nGround Workers Rough &#8221;Abbe&#8221; <em>Resultat<\/em>: SEVCH, JAKTHUND<br \/>\nGround Workers Ravishing &#8221;Doris&#8221; <em>Resultat<\/em>: Very good p\u00e5 utst\u00e4llning, JAKTHUND<br \/>\nGround Workers Riddle &#8221;Pi&#8221; JAKTHUND<\/span><\/p>\n<p><a href=\"https:\/\/www.groundworkers.se\/?page_id=2581\"><span style=\"font-size: 12pt;\">Q-Kullen<\/span><\/a><br \/>\n<span style=\"font-size: 12pt;\">E: Alekhan Iz Pesni Lovchiva\u00a0 U: Ottercap You Tell Me<\/span><br \/>\n<span style=\"font-size: 12pt;\">F\u00f6dda: 2020-06-28<\/span><br \/>\n<span style=\"font-size: 10pt;\">Ground Workers Qualified &#8221;Tyke&#8221; JAKTHUND<\/span><br \/>\n<span style=\"font-size: 10pt;\">Ground Workers Quality &#8221;Qaos&#8221; <em>Resultat<\/em>: Gk anlagsprov viltsp\u00e5r, JAKTHUND<\/span><br \/>\n<span style=\"font-size: 10pt;\">Ground Workers Quarrel &#8221;Qai&#8221;<\/span><br \/>\n<span style=\"font-size: 10pt;\">Ground Workers Query &#8221;Qvick&#8221;<\/span><br \/>\n<span style=\"font-size: 10pt;\">Ground Workers Quibble &#8221;Qallan&#8221;<\/span><br \/>\n<span style=\"font-size: 10pt;\">Ground Workers Quest &#8221;Quta&#8221; JAKTHUND<\/span><\/p>\n<p><a href=\"http:\/\/www.groundworkers.se\/?page_id=2126\"><span style=\"font-size: 12pt;\">P-Kullen<\/span><\/a><br \/>\n<span style=\"font-size: 12pt;\">E: Carmal&#8217;s Devil\u00a0 U: Vydra Iz Pesni Lovchiva<\/span><br \/>\n<span style=\"font-size: 12pt;\">F\u00f6dda: 2020-05-22<\/span><br \/>\n<span style=\"font-size: 10pt;\">Ground Workers Precious &#8221;Mira&#8221; JAKTHUND<\/span><br \/>\n<span style=\"font-size: 10pt;\">Ground Workers Pawesome &#8221;Rocka&#8221; <em>Resultat<\/em>: BPH m. skott, RLD N<\/span><\/p>\n<p><a title=\"O-kullen\" href=\"http:\/\/www.groundworkers.se\/?page_id=2035\"><span style=\"font-size: large;\"><span style=\"font-size: 12pt;\">O-Kullen<\/span><br \/>\n<\/span><\/a><span style=\"font-size: 12pt;\">E: Bordirus Little Moonshine U: Carmal&#8217;s Fox<\/span><br \/>\n<span style=\"font-size: 12pt;\">F\u00f6dda: 2018-05-29<\/span><br \/>\n<span style=\"font-size: 10pt;\">Ground Workers Obstinate &#8221;Saga&#8221; JAKTHUND<\/span><br \/>\n<span style=\"font-size: 10pt;\">Ground Workers Opportunity &#8221;Otti&#8221; <em>Resultat<\/em>: SEVCH<\/span><\/p>\n<p><span style=\"font-size: large;\"><span style=\"font-size: 12pt;\"><a title=\"N-kullen\" href=\"http:\/\/www.groundworkers.se\/?page_id=2030\">N-Kullen<\/a><\/span><br \/>\n<span style=\"font-size: 12pt;\">E: Ground Workers Fabulous U: Ottercap You Tell Me<\/span><br \/>\n<span style=\"font-size: 10pt;\"><span style=\"font-size: 12pt;\">F\u00f6dda: 2018-05-23<\/span><br \/>\nGround Workers Nexus &#8221;Rufus&#8221; JAKTHUND<br \/>\nGround Workers Nosey &#8221;Neville&#8221; JAKTHUND<br \/>\nGround Workers Notorious &#8221;Nils\/Nisse&#8221; JAKTHUND<br \/>\nGround Workers Naughty &#8221;Noak&#8221; <em>Resultat<\/em>: Excellent p\u00e5 utst\u00e4llning, RLD N, RLD F, RLD A, BPH m. skott, 1:a pris i \u00f6ppenklass viltsp\u00e5r<br \/>\nGround Workers Natty &#8221;Stella&#8221; <em>Resultat<\/em>: Excellent p\u00e5 utst\u00e4llning, JAKTHUND<br \/>\nGround Workers Nimbus &#8221;Kipp&#8221;<\/span><\/span><\/p>\n<p><span style=\"font-size: 12pt;\"><a title=\"M-kullen\" href=\"http:\/\/www.groundworkers.se\/?page_id=1945\">M-Kullen<\/a><\/span><span style=\"font-size: large;\"><br \/>\n<\/span><span style=\"font-size: 10pt;\"><span style=\"font-size: 12pt;\">E: Ottercap Sunshine Superman U: Carmal&#8217;s Famous<\/span><br \/>\n<span style=\"font-size: 12pt;\">F\u00f6dda: 2017-05-29<\/span><br \/>\nGround Workers Magic &#8221;Vessla&#8221; JAKTHUND<br \/>\nGround Workers Marvellous &#8221;Mickla&#8221; <em>Resultat<\/em>: Excellent p\u00e5 utst\u00e4llning, f\u00f6rstapris i startklass lydnad, BPH m. skott<br \/>\nGround Workers Maniac &#8221;Mini&#8221; JAKTHUND<br \/>\nGround Workers Masterpiece &#8221;Candie&#8221; <em>Resultat<\/em>: NW1, NordicCert p\u00e5 utst\u00e4llning , SEVCH, DKUCH, SEUCH<br \/>\nGround Workers Merry &#8221;Luna&#8221; JAKTHUND<\/span><em id=\"__mceDel\"><span style=\"font-size: large;\"><br \/>\n<\/span><\/em><\/p>\n<p><span style=\"font-size: large;\"><a title=\"L-kullen\" href=\"http:\/\/www.groundworkers.se\/?page_id=1919\"><span style=\"font-size: 12pt;\">L-Kullen<\/span><\/a><br \/>\n<span style=\"font-size: small;\"><span style=\"font-size: 12pt;\">E: Ottercap Action Radar U :Sub Terram\u00a0Bucks The System<\/span><br \/>\n<span style=\"font-size: 12pt;\">F\u00f6dda: 2017-03-04<\/span><br \/>\n<span style=\"font-size: 10pt;\">Ground Workers Lucifer &#8221;Louie&#8221; <em>Resultat<\/em>: Gk anlagsprov i viltsp\u00e5r, BPH m skott<\/span><br \/>\n<span style=\"font-size: 10pt;\">Ground Workers Legend &#8221;Linux&#8221;\u00a0<em>Resultat<\/em>: Gk anlagsprov i viltsp\u00e5r, Kvalit\u00e9 1 p\u00e5 GA prov, JAKTHUND.<\/span><br \/>\n<span style=\"font-size: 10pt;\">Ground Workers Loudly &#8221;Lea&#8221; <em>Resultat<\/em>: R-cert p\u00e5 utst\u00e4llning, SEVCH, Kvalit\u00e9 1 p\u00e5 GA prov.<\/span><br \/>\n<span style=\"font-size: 10pt;\">Ground Workers Liberty &#8221;Betti&#8221; <em>Resultat<\/em>: Kvalit\u00e9 1 p\u00e5 GA prov, JAKTHUND<\/span><\/span><br \/>\n<\/span><\/p>\n<p><span style=\"font-size: large;\">K-Kullen<\/span><br \/>\n<span style=\"font-size: 12pt;\">E: Ground Workers Fabulous\u00a0 U: Borderby&#8217;s Loves You<\/span><br \/>\n<span style=\"font-size: 12pt;\">F\u00f6dda: 2016-03-08<\/span><br \/>\n<span style=\"font-size: 10pt;\">De fem valparna dog i f\u00f6dseln &lt;3. \ud83d\ude25 <\/span><\/p>\n<p><a title=\"J-kullen\" href=\"http:\/\/www.groundworkers.se\/?page_id=1727\"><span style=\"font-size: large;\">J-Kullen<\/span><\/a><br \/>\nE: Ground Workers Fabulous U: Boltin&#8217; Frigg<br \/>\nF\u00f6dda: 2015-02-20<br \/>\n<span style=\"font-size: 10pt;\">Ground Workers Jaunty &#8221;Smilla&#8221;<\/span><br \/>\n<span style=\"font-size: 10pt;\">Ground Workers Jabber &#8221;Alice&#8221;<\/span><br \/>\n<span style=\"font-size: 10pt;\">Ground Workers Joggle &#8221;Cilla&#8221; <em>Resultat<\/em>: Excellent p\u00e5 utst\u00e4llning.<\/span><br \/>\n<span style=\"font-size: 10pt;\">Ground Workers Jolly &#8221;Speja&#8221; <em>Resultat<\/em>: SEVCH, BPH, CK p\u00e5 utst\u00e4llning, JAKTHUND<\/span><br \/>\n<span style=\"font-size: 10pt;\">Ground Workers Jovial &#8221;Olga&#8221; JAKTHUND<\/span><br \/>\n<span style=\"font-size: 10pt;\">Ground Workers Justice &#8221;Ebba&#8221;<\/span><\/p>\n<p><a title=\"I-kullen\" href=\"http:\/\/www.groundworkers.se\/?page_id=1380\"><span style=\"font-size: large;\">I-Kullen<\/span><\/a><br \/>\nE: Ground Workers Escapade U: Sub Terram Bucks The System<br \/>\nF\u00f6dda: 2013-12-28<br \/>\n<span style=\"font-size: 10pt;\">Ground Workers Incredible &#8221;Ines&#8221; <em>Resultat<\/em>: JAKTHUND, CK p\u00e5 uts, Kvalite 1 p\u00e5 grytanlag, Cert p\u00e5 grytprov i Dk.<\/span><br \/>\n<span style=\"font-size: 10pt;\">Ground Workers Infinity &#8221;Stella&#8221; JAKTHUND<\/span><\/p>\n<p><span style=\"font-size: large;\"><a title=\"H-kullen\" href=\"http:\/\/www.groundworkers.se\/?page_id=865\">H-kullen<br \/>\n<\/a><\/span>E: Carmal&#8217;s Devil U: Boltin&#8217; Frigg<br \/>\nF\u00f6dda: 2013-04-26<br \/>\n<span style=\"font-size: 10pt;\">Ground Workers Heaven &#8221;Bella&#8221; <em>Resultat<\/em>: VG p\u00e5 utst\u00e4llning, GK anlagsprov i viltsp\u00e5r, JAKTHUND<\/span><br \/>\n<span style=\"font-size: 10pt;\">Ground Workers Hell &#8221;Castor&#8221;\u00a0JAKTHUND<\/span><\/p>\n<p><span style=\"font-size: large;\">G-kullen<br \/>\n<\/span>E: Foxteaser Hanson U: Ground Workers Curse<br \/>\nF\u00f6dda: 2012-03-17<br \/>\n<span style=\"font-size: 10pt;\">Ground Workers Gamble &#8221;Sigge&#8221; <em>Resultat:<\/em>\u00a0 GK anlagsprov i viltsp\u00e5r, JAKTHUND<\/span><br \/>\n<span style=\"font-size: 10pt;\">Ground Workers Gimmick &#8221;Kickan&#8221; JAKTHUND<\/span><br \/>\n<span style=\"font-size: 10pt;\">Ground Workers Glory &#8221;Svea&#8221; <em>Resultat: <\/em>GK anlagsprov i viltsp\u00e5r,\u00a0JAKTHUND<\/span><br \/>\n<span style=\"font-size: 10pt;\">Ground Workers Grace &#8221;Pyret&#8221; JAKTHUND<\/span><br \/>\n<span style=\"font-size: 10pt;\">Ground Workers Growl &#8221;M\u00e5llgan&#8221; <em>Resultat:<\/em> JAKTHUND, Ck p\u00e5 utst\u00e4llning, BIR-veteran<\/span><br \/>\n<span style=\"font-size: 10pt;\">Ground Workers Guard &#8221;Bamse&#8221;<\/span><\/p>\n<p><span style=\"font-size: large;\">F-kullen<br \/>\n<\/span>E: Ad Hoc&#8217;s Unbreakable U: Ground Workers Curse<br \/>\nF\u00f6dda: 2009-09-11<br \/>\n<span style=\"font-size: 10pt;\">Ground Workers Flavour &#8221;Smilla&#8221; <\/span><em id=\"__mceDel\"><em id=\"__mceDel\"><span style=\"font-size: 10pt;\"><em>Resultat<\/em>: Good p\u00e5 utst\u00e4llning. JAKTHUND<\/span><br \/>\n<\/em><\/em><span style=\"font-size: 10pt;\">Ground Workers Favourite<\/span><span style=\"font-size: 10pt;\"> &#8221;Felix&#8221; <\/span><em id=\"__mceDel\"><em id=\"__mceDel\"><span style=\"font-size: 10pt;\"><em>Resultat<\/em>: 1:a med Hp p\u00e5 utst\u00e4llning<\/span><br \/>\n<\/em><\/em><span style=\"font-size: 10pt;\">Ground Workers Fabulous<\/span><span style=\"font-size: 10pt;\"> &#8221;Mille&#8221; <\/span><em id=\"__mceDel\"><em id=\"__mceDel\"><span style=\"font-size: 10pt;\"><em>Resultat<\/em>: Cert &amp; Cacib p\u00e5 utst\u00e4llning, 1a pris enkelt gravpr\u00f6ve DK, JAKTHUND<\/span><\/em><\/em><\/p>\n<p><span style=\"font-size: large;\">E-kullen<br \/>\n<\/span>E:Vet&#8217;s Utter ETM U: Abullabergas Salix Alba<br \/>\nF\u00f6dda: 2008-07-01<br \/>\n<span style=\"font-size: 10pt;\">Ground Workers Eternity &#8221;Mini&#8221; <em>Resultat:<\/em> 1:a med Ck p\u00e5 utst\u00e4llning, 1:a pris i \u00f6ppenklass viltsp\u00e5r. JAKTHUND<\/span><br \/>\n<span style=\"font-size: 10pt;\">Ground Workers Endurance &#8221;Cognac&#8221; <em>Resultat<\/em>: 2:a p\u00e5 utst\u00e4llning. JAKTHUND<\/span><br \/>\n<span style=\"font-size: 10pt;\">Ground Workers Escapade &#8221;Aron&#8221; <em>Resultat<\/em>: Cert &amp; Cacib p\u00e5 utst\u00e4llning, SEVCH, Gk grytkarakt\u00e4rsprov, Gk rallyt\u00e4vling, \u00e4r i hopp\/agility 2.<\/span><\/p>\n<p><span style=\"font-size: large;\">D-kullen<br \/>\n<\/span>E: Vet&#8217;s Utter ETM U: Abullabergas Salix Alba<br \/>\nF\u00f6dda: 2007-11-12<br \/>\n<span style=\"font-size: 10pt;\">Ground Workers Destiny &#8221;Money&#8221; <em>Resultat<\/em>: C.I.B, NORDUCH och DE&amp;VDH CH p\u00e5 utst\u00e4llning, SEVCH, J Gk anlagsprov i gryt. JAKTHUND<\/span><br \/>\n<span style=\"font-size: 10pt;\">Ground Workers Dream &#8221;Bella&#8221; <em>Resultat<\/em>: Exellent &amp; Ck p\u00e5 utst\u00e4llning, J Gk anlagsprov i gryt, Gk grytkarakt\u00e4rsprov. JAKTHUND<\/span><\/p>\n<p><span style=\"font-size: large;\">C-kullen<br \/>\n<\/span>E: Tasso U: Abullabergas Salix Alba<br \/>\nF\u00f6dda: 2006-02-26<br \/>\n<span style=\"font-size: 10pt;\">Ground Workers Challenge &#8221;Wilda&#8221; <em>Resultat<\/em>: 1:a med Hp p\u00e5 utst\u00e4llning, Gk grytkarakt\u00e4rsprov, 1:a pris i \u00f6ppenklass viltsp\u00e5r. JAKTHUND<\/span><br \/>\n<span style=\"font-size: 10pt;\">Ground Workers Celebrity &#8221;Snerta&#8221; JAKTHUND<\/span><br \/>\n<span style=\"font-size: 10pt;\">Ground Workers Commander &#8221;Torkel&#8221;<\/span><br \/>\n<span style=\"font-size: 10pt;\">Ground Workers Companion &#8221;Nilla&#8221;<\/span><br \/>\n<span style=\"font-size: 10pt;\">Ground Workers Curse &#8221;R\u00e5ttan&#8221; <em>Resultat<\/em>: 1:a med Ck p\u00e5 utst\u00e4llning, SEVCH, J Gk Grytanlagsprov, RLDN. JAKTHUND<\/span><\/p>\n<p><span style=\"font-size: large;\">B-kullen<br \/>\n<\/span>E: Applejack U: Abullabergas Salix Alba<br \/>\nF\u00f6dda: 2004-10-22<br \/>\n<span style=\"font-size: 10pt;\">Ground Workers Bachelor &#8221;Sixten&#8221; <em>Resultat<\/em>: 1:a med Hp p\u00e5 utst\u00e4llning<\/span><br \/>\n<span style=\"font-size: 10pt;\">Ground Workers Badger &#8221;Biffen&#8221;\u00a0 JAKTHUND<\/span><br \/>\n<span style=\"font-size: 10pt;\">Ground Workers Belief &#8221;Bea&#8221; <em>Resultat<\/em>: 1:a p\u00e5 utst\u00e4llning<\/span><br \/>\n<span style=\"font-size: 10pt;\">Ground Workers Blessing &#8221;Grynet&#8221; <em>Resultat<\/em>: 1:a med Ck p\u00e5 utst\u00e4llning, SEVCH. JAKTHUND<\/span><br \/>\n<span style=\"font-size: 10pt;\">Ground Workers Brave &#8221;Akilles&#8221; JAKTHUND<\/span><br \/>\n<span style=\"font-size: 10pt;\">Ground Workers Brighton &#8221;Malte&#8221; <em>Resultat<\/em>: Cert p\u00e5 utst\u00e4llning, LPI, LPII, Uppflyttad i elitklass i s\u00f6k.<\/span><\/p>\n<p><span style=\"font-size: large;\">A-kullen<br \/>\n<\/span>E: Borderg\u00e5rdens Blitz Magus U: Abullaberga Salix Alba<br \/>\nF\u00f6dda: 2003-07-09<br \/>\n<span style=\"font-size: 10pt;\">Ground Workers Aisling &#8221;Esi&#8221; <em>Resultat<\/em>: 1:a p\u00e5 utst\u00e4llning, 2:a pris i \u00f6ppenklass viltsp\u00e5r. JAKTHUND<\/span><br \/>\n<span style=\"font-size: 10pt;\">Ground Workers Anthea &#8221;Myran&#8221; <em>Resultat<\/em>: 2:a p\u00e5 utst\u00e4llning, SEVCH. JAKTHUND<\/span><br \/>\n<span style=\"font-size: 10pt;\">Ground Workers Argyle &#8221;Sture&#8221; <em>Resultat<\/em>: 1:a med Ck p\u00e5 utst\u00e4llning, Gk anlagsklass i viltsp\u00e5r. JAKTHUND<\/span><br \/>\n<span style=\"font-size: 10pt;\">Ground Workers Avidor &#8221;Hugo&#8221; <em>Resultat<\/em>: 1:a med Hp p\u00e5 utst\u00e4llning, 1:a pris i \u00f6ppenklass viltsp\u00e5r. JAKTHUND<\/span><\/p>\n","protected":false},"excerpt":{"rendered":"<p>H\u00e4r presenteras Ground Workers kullar efter hand som de blir av. X-kullen E: Ground Workers Unstoppable U: Odett Od Paplov\u00e9 Cesty F\u00f6dda: [&hellip;]<\/p>\n","protected":false},"author":1,"featured_media":0,"parent":0,"menu_order":0,"comment_status":"closed","ping_status":"closed","template":"","meta":{"footnotes":""},"class_list":["post-10","page","type-page","status-publish","hentry"],"_links":{"self":[{"href":"http:\/\/www.groundworkers.se\/index.php?rest_route=\/wp\/v2\/pages\/10","targetHints":{"allow":["GET"]}}],"collection":[{"href":"http:\/\/www.groundworkers.se\/index.php?rest_route=\/wp\/v2\/pages"}],"about":[{"href":"http:\/\/www.groundworkers.se\/index.php?rest_route=\/wp\/v2\/types\/page"}],"author":[{"embeddable":true,"href":"http:\/\/www.groundworkers.se\/index.php?rest_route=\/wp\/v2\/users\/1"}],"replies":[{"embeddable":true,"href":"http:\/\/www.groundworkers.se\/index.php?rest_route=%2Fwp%2Fv2%2Fcomments&post=10"}],"version-history":[{"count":235,"href":"http:\/\/www.groundworkers.se\/index.php?rest_route=\/wp\/v2\/pages\/10\/revisions"}],"predecessor-version":[{"id":3135,"href":"http:\/\/www.groundworkers.se\/index.php?rest_route=\/wp\/v2\/pages\/10\/revisions\/3135"}],"wp:attachment":[{"href":"http:\/\/www.groundworkers.se\/index.php?rest_route=%2Fwp%2Fv2%2Fmedia&parent=10"}],"curies":[{"name":"wp","href":"https:\/\/api.w.org\/{rel}","templated":true}]}}