{"id":1238,"date":"2013-08-29T22:13:16","date_gmt":"2013-08-29T20:13:16","guid":{"rendered":"http:\/\/www.groundworkers.se\/?page_id=1238"},"modified":"2013-08-29T22:13:52","modified_gmt":"2013-08-29T20:13:52","slug":"woodii-2","status":"publish","type":"page","link":"http:\/\/www.groundworkers.se\/?page_id=1238","title":{"rendered":"Woodii"},"content":{"rendered":"<p><a href=\"http:\/\/www.groundworkers.se\/wp-content\/uploads\/2013\/08\/WoodiiSommar2000.jpg\"><img loading=\"lazy\" decoding=\"async\" class=\"alignnone size-medium wp-image-1242\" alt=\"WoodiiSommar2000\" src=\"http:\/\/www.groundworkers.se\/wp-content\/uploads\/2013\/08\/WoodiiSommar2000-300x198.jpg\" width=\"300\" height=\"198\" srcset=\"http:\/\/www.groundworkers.se\/wp-content\/uploads\/2013\/08\/WoodiiSommar2000-300x198.jpg 300w, http:\/\/www.groundworkers.se\/wp-content\/uploads\/2013\/08\/WoodiiSommar2000.jpg 350w\" sizes=\"auto, (max-width: 300px) 100vw, 300px\" \/><\/a> <a href=\"http:\/\/www.groundworkers.se\/wp-content\/uploads\/2013\/08\/WoodiiFelicia.jpg\"><img loading=\"lazy\" decoding=\"async\" class=\"alignnone size-medium wp-image-1243\" alt=\"WoodiiFelicia\" src=\"http:\/\/www.groundworkers.se\/wp-content\/uploads\/2013\/08\/WoodiiFelicia-300x214.jpg\" width=\"275\" height=\"197\" srcset=\"http:\/\/www.groundworkers.se\/wp-content\/uploads\/2013\/08\/WoodiiFelicia-300x214.jpg 300w, http:\/\/www.groundworkers.se\/wp-content\/uploads\/2013\/08\/WoodiiFelicia.jpg 350w\" sizes=\"auto, (max-width: 275px) 100vw, 275px\" \/><\/a> <a href=\"http:\/\/www.groundworkers.se\/wp-content\/uploads\/2013\/08\/WoodiiTrad.jpg\"><img loading=\"lazy\" decoding=\"async\" class=\"alignnone size-medium wp-image-1244\" alt=\"WoodiiTrad\" src=\"http:\/\/www.groundworkers.se\/wp-content\/uploads\/2013\/08\/WoodiiTrad-245x300.jpg\" width=\"161\" height=\"198\" srcset=\"http:\/\/www.groundworkers.se\/wp-content\/uploads\/2013\/08\/WoodiiTrad-245x300.jpg 245w, http:\/\/www.groundworkers.se\/wp-content\/uploads\/2013\/08\/WoodiiTrad.jpg 350w\" sizes=\"auto, (max-width: 161px) 100vw, 161px\" \/><\/a><br \/>\nSVCH\u00a0 DKUCH\u00a0 SUCH\u00a0 KBHV:99\u00a0 FINJ(G)CH\u00a0 SJ(G)CH\u00a0 Tasso<br \/>\nE: Brackenhills Flesherman \u00a0 \u00a0\u00a0 U: Ardent<br \/>\n1996-07-19 &#8211; 2011-02-02 <big><big><br \/>\n<\/big><\/big><\/p>\n<div>Woodii var en godmodig gentleman som \u00e4lskar att jobba med nosen. Med \u00e5ldern har han blivit relativt sparsam med energin och n\u00f6jer sej oftast med att vakta huset n\u00e4r vi andra g\u00e5r p\u00e5 l\u00e5ngprommis. Han har ett gott sj\u00e4lvf\u00f6rtroende och anser sig sj\u00e4lv vara flockens kung och det l\u00e5ter vi honom tro. Han har inga problem med andra hanar, gillar dock inte n\u00e4r de blir allt f\u00f6r n\u00e4rg\u00e5ngna. Beh\u00f6ver oftast bara med en blick f\u00e5 bekantskapskretsens hanar att g\u00e5 omv\u00e4gar om honom. Han var en rymningsexpert som g\u00e4rna hittar h\u00e5ligheter i\/eller kl\u00e4ttrar \u00f6ver staketet f\u00f6r att ge sig p\u00e5 katt\/kanin\u00e4ventyr, \u00e4ventyren blir f\u00e4rre med \u00e5ren tack och lov.<\/div>\n<p>Han drev med nyanserat skall vid n\u00e4rkontakt med viltet och h\u00e5ller i samma djur en bra stund. Vid grytjakt gick han g\u00e4rna ner \u00e4ven i tomma gryt f\u00f6r han &#8221;ska bara&#8221;, dock \u00e4r han en bra r\u00e4vspr\u00e4ngare som ej ligger kvar med gr\u00e4vling n\u00e5gon l\u00e4ngre tid.<\/p>\n<p>Woodii har haft f\u00f6rdelen att g\u00e5 i avel. Fem kennlar har fortsatt med d\u00f6ttrar till honom, Woodii har flera barnbarn och barnbarnsbarn. Han har avkommor med viltsp\u00e5rschampionat, grytjaktchampionat, GK grytjaktprov, GK grytanlagsprov och cert p\u00e5 utst\u00e4llning. Flera av avkommorna anv\u00e4nds vid praktisk jakt med gott resultat och n\u00f6jda \u00e4gare.<\/p>\n<p>Totalt blev det 101 valpar efter Woodii, jag \u00e4r oerh\u00f6rt tacksam f\u00f6r alla som jobbar vidare med Woodiis linjer i sin avel.<\/p>\n<p>Woodii var 33cm h\u00f6g, 43cm runt br\u00f6stkorgen (spannbar), fulltandad med matchvikt p\u00e5 8kg.<br \/>\n<span style=\"font-family: Bookman Old Style,serif;\"><span style=\"font-size: medium;\"><big><big><br \/>\n<\/big><\/big><\/span><\/span><\/p>\n","protected":false},"excerpt":{"rendered":"<p>SVCH\u00a0 DKUCH\u00a0 SUCH\u00a0 KBHV:99\u00a0 FINJ(G)CH\u00a0 SJ(G)CH\u00a0 Tasso E: Brackenhills Flesherman \u00a0 \u00a0\u00a0 U: Ardent 1996-07-19 &#8211; 2011-02-02 Woodii var en godmodig gentleman [&hellip;]<\/p>\n","protected":false},"author":2,"featured_media":0,"parent":6,"menu_order":0,"comment_status":"closed","ping_status":"closed","template":"full-width-page.php","meta":{"footnotes":""},"class_list":["post-1238","page","type-page","status-publish","hentry"],"_links":{"self":[{"href":"http:\/\/www.groundworkers.se\/index.php?rest_route=\/wp\/v2\/pages\/1238","targetHints":{"allow":["GET"]}}],"collection":[{"href":"http:\/\/www.groundworkers.se\/index.php?rest_route=\/wp\/v2\/pages"}],"about":[{"href":"http:\/\/www.groundworkers.se\/index.php?rest_route=\/wp\/v2\/types\/page"}],"author":[{"embeddable":true,"href":"http:\/\/www.groundworkers.se\/index.php?rest_route=\/wp\/v2\/users\/2"}],"replies":[{"embeddable":true,"href":"http:\/\/www.groundworkers.se\/index.php?rest_route=%2Fwp%2Fv2%2Fcomments&post=1238"}],"version-history":[{"count":2,"href":"http:\/\/www.groundworkers.se\/index.php?rest_route=\/wp\/v2\/pages\/1238\/revisions"}],"predecessor-version":[{"id":1246,"href":"http:\/\/www.groundworkers.se\/index.php?rest_route=\/wp\/v2\/pages\/1238\/revisions\/1246"}],"up":[{"embeddable":true,"href":"http:\/\/www.groundworkers.se\/index.php?rest_route=\/wp\/v2\/pages\/6"}],"wp:attachment":[{"href":"http:\/\/www.groundworkers.se\/index.php?rest_route=%2Fwp%2Fv2%2Fmedia&parent=1238"}],"curies":[{"name":"wp","href":"https:\/\/api.w.org\/{rel}","templated":true}]}}