{"id":1248,"date":"2013-08-29T22:24:41","date_gmt":"2013-08-29T20:24:41","guid":{"rendered":"http:\/\/www.groundworkers.se\/?page_id=1248"},"modified":"2013-08-29T22:25:23","modified_gmt":"2013-08-29T20:25:23","slug":"ozo-2","status":"publish","type":"page","link":"http:\/\/www.groundworkers.se\/?page_id=1248","title":{"rendered":"Ozo"},"content":{"rendered":"<p><a href=\"http:\/\/www.groundworkers.se\/wp-content\/uploads\/2013\/08\/OzoBoll.jpg\"><img loading=\"lazy\" decoding=\"async\" class=\"alignnone size-medium wp-image-1249\" alt=\"OzoBoll\" src=\"http:\/\/www.groundworkers.se\/wp-content\/uploads\/2013\/08\/OzoBoll-300x216.jpg\" width=\"259\" height=\"187\" srcset=\"http:\/\/www.groundworkers.se\/wp-content\/uploads\/2013\/08\/OzoBoll-300x216.jpg 300w, http:\/\/www.groundworkers.se\/wp-content\/uploads\/2013\/08\/OzoBoll.jpg 350w\" sizes=\"auto, (max-width: 259px) 100vw, 259px\" \/><\/a> <a href=\"http:\/\/www.groundworkers.se\/wp-content\/uploads\/2013\/08\/OzoGrop.jpg\"><img loading=\"lazy\" decoding=\"async\" class=\"alignnone size-medium wp-image-1250\" alt=\"OzoGrop\" src=\"http:\/\/www.groundworkers.se\/wp-content\/uploads\/2013\/08\/OzoGrop-300x225.jpg\" width=\"249\" height=\"188\" srcset=\"http:\/\/www.groundworkers.se\/wp-content\/uploads\/2013\/08\/OzoGrop-300x225.jpg 300w, http:\/\/www.groundworkers.se\/wp-content\/uploads\/2013\/08\/OzoGrop.jpg 350w\" sizes=\"auto, (max-width: 249px) 100vw, 249px\" \/><\/a> <a href=\"http:\/\/www.groundworkers.se\/wp-content\/uploads\/2013\/08\/OzoPaSoffan.jpg\"><img loading=\"lazy\" decoding=\"async\" class=\"alignnone size-medium wp-image-1252\" alt=\"OzoPaSoffan\" src=\"http:\/\/www.groundworkers.se\/wp-content\/uploads\/2013\/08\/OzoPaSoffan-300x178.jpg\" width=\"316\" height=\"188\" srcset=\"http:\/\/www.groundworkers.se\/wp-content\/uploads\/2013\/08\/OzoPaSoffan-300x178.jpg 300w, http:\/\/www.groundworkers.se\/wp-content\/uploads\/2013\/08\/OzoPaSoffan.jpg 350w\" sizes=\"auto, (max-width: 316px) 100vw, 316px\" \/><\/a><br \/>\nSJ(G)CH\u00a0 FINJ(G)CH\u00a0 DKUCH\u00a0 SVCH\u00a0 Stentoft\u015b Ozo<br \/>\nE: Brackenhills Flesherman\u00a0 U: DKUCH Borderhouse Beachflower<br \/>\n1997-04-23 &#8211; 2006-08-20<\/p>\n<p>Ozo kom till mej fr\u00e5n Abullabergas kennel november 1999. Hon var en otroligt sn\u00e4ll tik som var tokig i bollar. En f\u00f6ljsammare hund f\u00e5r man leta efter. Hon var som en sex m\u00e5naders valp fast \u201dtant\u201d hon var.<\/p>\n<p>Allt som Ozo gjorde verkar g\u00e5 s\u00e5 l\u00e4tt, hon var klok och l\u00e4ttl\u00e4rd och jag \u00f6nskar att alla mina kommande hundar blir som hon.<\/p>\n<div>Ozo gillade skarpt att sp\u00e5ra och lyckligare hund \u00f6ver ett sp\u00e5rslut \u00e4n Ozo gick knappt att finna, oavsett om det var en skank eller ett helt djur.Hon drev med skall men s\u00f6ker ut sn\u00e4vt och h\u00f6ll i djuren korta stunder, fick hon med sig n\u00e5gon annan hund h\u00f6ll hon i l\u00e4ngre.<br \/>\nGrytjakten \u00e4r det som var Ozos favoritjakt men hon gick inte ner i gryt om d\u00e4r inte var n\u00e5gon hemma, en klippa i grytjaktssammanhang.<br \/>\nHon var s\u00e5 situationss\u00e4ker s\u00e5 hon inte gick p\u00e5 f\u00e4rska slag om hon visste vi var p\u00e5 v\u00e4g till ett gryt.<\/p>\n<p>N\u00e4st intill outtr\u00f6ttlig med bollek och studsade runt en agilitybana som en vind men tyckte att slalomhindret var on\u00f6dig och l\u00e5ngsamt.<\/p>\n<p>Hon var helt enkelt fantastisk!<span style=\"font-family: Bookman Old Style,serif;\"><br \/>\n<\/span><\/p>\n<\/div>\n<p>&nbsp;<\/p>\n<p>&nbsp;<\/p>\n<p>&nbsp;<\/p>\n","protected":false},"excerpt":{"rendered":"<p>SJ(G)CH\u00a0 FINJ(G)CH\u00a0 DKUCH\u00a0 SVCH\u00a0 Stentoft\u015b Ozo E: Brackenhills Flesherman\u00a0 U: DKUCH Borderhouse Beachflower 1997-04-23 &#8211; 2006-08-20 Ozo kom till mej fr\u00e5n Abullabergas [&hellip;]<\/p>\n","protected":false},"author":2,"featured_media":0,"parent":6,"menu_order":0,"comment_status":"closed","ping_status":"closed","template":"full-width-page.php","meta":{"footnotes":""},"class_list":["post-1248","page","type-page","status-publish","hentry"],"_links":{"self":[{"href":"http:\/\/www.groundworkers.se\/index.php?rest_route=\/wp\/v2\/pages\/1248","targetHints":{"allow":["GET"]}}],"collection":[{"href":"http:\/\/www.groundworkers.se\/index.php?rest_route=\/wp\/v2\/pages"}],"about":[{"href":"http:\/\/www.groundworkers.se\/index.php?rest_route=\/wp\/v2\/types\/page"}],"author":[{"embeddable":true,"href":"http:\/\/www.groundworkers.se\/index.php?rest_route=\/wp\/v2\/users\/2"}],"replies":[{"embeddable":true,"href":"http:\/\/www.groundworkers.se\/index.php?rest_route=%2Fwp%2Fv2%2Fcomments&post=1248"}],"version-history":[{"count":3,"href":"http:\/\/www.groundworkers.se\/index.php?rest_route=\/wp\/v2\/pages\/1248\/revisions"}],"predecessor-version":[{"id":1255,"href":"http:\/\/www.groundworkers.se\/index.php?rest_route=\/wp\/v2\/pages\/1248\/revisions\/1255"}],"up":[{"embeddable":true,"href":"http:\/\/www.groundworkers.se\/index.php?rest_route=\/wp\/v2\/pages\/6"}],"wp:attachment":[{"href":"http:\/\/www.groundworkers.se\/index.php?rest_route=%2Fwp%2Fv2%2Fmedia&parent=1248"}],"curies":[{"name":"wp","href":"https:\/\/api.w.org\/{rel}","templated":true}]}}