{"id":1256,"date":"2013-08-29T22:34:08","date_gmt":"2013-08-29T20:34:08","guid":{"rendered":"http:\/\/www.groundworkers.se\/?page_id=1256"},"modified":"2013-08-29T22:36:49","modified_gmt":"2013-08-29T20:36:49","slug":"smulan","status":"publish","type":"page","link":"http:\/\/www.groundworkers.se\/?page_id=1256","title":{"rendered":"Smulan"},"content":{"rendered":"<p><a href=\"http:\/\/www.groundworkers.se\/wp-content\/uploads\/2013\/08\/SmulanFyller10.jpg\"><img loading=\"lazy\" decoding=\"async\" class=\"alignnone size-medium wp-image-1259\" alt=\"SmulanFyller10\" src=\"http:\/\/www.groundworkers.se\/wp-content\/uploads\/2013\/08\/SmulanFyller10-300x188.jpg\" width=\"291\" height=\"182\" srcset=\"http:\/\/www.groundworkers.se\/wp-content\/uploads\/2013\/08\/SmulanFyller10-300x188.jpg 300w, http:\/\/www.groundworkers.se\/wp-content\/uploads\/2013\/08\/SmulanFyller10.jpg 350w\" sizes=\"auto, (max-width: 291px) 100vw, 291px\" \/><\/a> <a href=\"http:\/\/www.groundworkers.se\/wp-content\/uploads\/2013\/08\/SmulanStar.jpg\"><img loading=\"lazy\" decoding=\"async\" class=\"alignnone size-medium wp-image-1257\" alt=\"SmulanStar\" src=\"http:\/\/www.groundworkers.se\/wp-content\/uploads\/2013\/08\/SmulanStar-300x173.jpg\" width=\"315\" height=\"183\" srcset=\"http:\/\/www.groundworkers.se\/wp-content\/uploads\/2013\/08\/SmulanStar-300x173.jpg 300w, http:\/\/www.groundworkers.se\/wp-content\/uploads\/2013\/08\/SmulanStar.jpg 350w\" sizes=\"auto, (max-width: 315px) 100vw, 315px\" \/><\/a> <a href=\"http:\/\/www.groundworkers.se\/wp-content\/uploads\/2013\/08\/SmulanSten.jpg\"><img loading=\"lazy\" decoding=\"async\" class=\"alignnone size-medium wp-image-1258\" alt=\"SmulanSten\" src=\"http:\/\/www.groundworkers.se\/wp-content\/uploads\/2013\/08\/SmulanSten-300x243.jpg\" width=\"223\" height=\"183\" \/><\/a><\/p>\n<p>J Gibas Smultron<br \/>\nE: Brackenhills Fifty Fifty U: Gibas Cikoria<br \/>\n1994-02-20 &#8211; 2008-11-10<\/p>\n<p>Smulan omplacerades till mej v\u00e5ren 1998 fr\u00e5n en familj i Malm\u00f6.<\/p>\n<p>Smulan \u00e4r den som h\u00e5ller ljudniv\u00e5n p\u00e5 topp och \u00e4r den enda av mina hundar som kan skall p\u00e5 kommando. Hon har mycket sk\u00e4rpa och \u00e4r envis vilket g\u00f6r att hon aldrig ger upp sina projekt, som att v\u00e4nta ut Linnekullas katter p\u00e5 andra sidan d\u00f6rren. Jag har tr\u00e4nat henne i gryt, viltsp\u00e5r och agility. Smulan \u00e4r \u201dmore brave than beautiful\u201d om man ska uttrycka sig fint. Viltsp\u00e5ret \u00e4r hon bra p\u00e5 men har sv\u00e5rt att koncentrera sig l\u00e4ngre stunder d\u00e5 det g\u00f6rs v\u00e4ldigt noggrant, hon sp\u00e5rar som aktivering.<\/p>\n<p>Hon har sk\u00e4rpa s\u00e5 det b\u00e5de r\u00e4cker och blir \u00f6ver. Hon har 1:a pris i enkelt grytprov i Danmark och GK karakt\u00e4rsprov i Sverige. En ryggskada har satt stopp f\u00f6r b\u00e5de avancemang i konstgrytet och naturjakten. Hon driver med skall men jag sl\u00e4pper henne inte l\u00e4ngre d\u00e5 hon inte \u00e4r s\u00e5 snabb och inte skulle kunna retirera fr\u00e5n anfallande gris.<\/p>\n<p>Agility t\u00e4vlade Smulan fram till 2002 d\u00e5 hon fick en korsbandsskada. Hon har aldrig varit n\u00e5gon stj\u00e4rna d\u00e5 hon inte \u00e4r s\u00e5 snabb men det har blivit tv\u00e5 rosetter i alla fall.<\/p>\n<p>Nu lever hon pension\u00e4rsliv hos mina f\u00f6r\u00e4ldrar som Smulan dresserat till att lyda minsta svansvift.<\/p>\n","protected":false},"excerpt":{"rendered":"<p>J Gibas Smultron E: Brackenhills Fifty Fifty U: Gibas Cikoria 1994-02-20 &#8211; 2008-11-10 Smulan omplacerades till mej v\u00e5ren 1998 fr\u00e5n en familj [&hellip;]<\/p>\n","protected":false},"author":2,"featured_media":0,"parent":6,"menu_order":0,"comment_status":"closed","ping_status":"closed","template":"full-width-page.php","meta":{"footnotes":""},"class_list":["post-1256","page","type-page","status-publish","hentry"],"_links":{"self":[{"href":"http:\/\/www.groundworkers.se\/index.php?rest_route=\/wp\/v2\/pages\/1256","targetHints":{"allow":["GET"]}}],"collection":[{"href":"http:\/\/www.groundworkers.se\/index.php?rest_route=\/wp\/v2\/pages"}],"about":[{"href":"http:\/\/www.groundworkers.se\/index.php?rest_route=\/wp\/v2\/types\/page"}],"author":[{"embeddable":true,"href":"http:\/\/www.groundworkers.se\/index.php?rest_route=\/wp\/v2\/users\/2"}],"replies":[{"embeddable":true,"href":"http:\/\/www.groundworkers.se\/index.php?rest_route=%2Fwp%2Fv2%2Fcomments&post=1256"}],"version-history":[{"count":4,"href":"http:\/\/www.groundworkers.se\/index.php?rest_route=\/wp\/v2\/pages\/1256\/revisions"}],"predecessor-version":[{"id":1264,"href":"http:\/\/www.groundworkers.se\/index.php?rest_route=\/wp\/v2\/pages\/1256\/revisions\/1264"}],"up":[{"embeddable":true,"href":"http:\/\/www.groundworkers.se\/index.php?rest_route=\/wp\/v2\/pages\/6"}],"wp:attachment":[{"href":"http:\/\/www.groundworkers.se\/index.php?rest_route=%2Fwp%2Fv2%2Fmedia&parent=1256"}],"curies":[{"name":"wp","href":"https:\/\/api.w.org\/{rel}","templated":true}]}}