{"id":1380,"date":"2013-11-15T21:23:30","date_gmt":"2013-11-15T20:23:30","guid":{"rendered":"http:\/\/www.groundworkers.se\/?page_id=1380"},"modified":"2014-03-09T21:37:59","modified_gmt":"2014-03-09T20:37:59","slug":"i-kullen","status":"publish","type":"page","link":"http:\/\/www.groundworkers.se\/?page_id=1380","title":{"rendered":"I-kullen"},"content":{"rendered":"<p>Jag har l\u00e5nat in Sonja till kenneln f\u00f6r att ta en kull valpar, en \u00f6nskan fr\u00e5n hennes husse Peter.<\/p>\n<p><a href=\"http:\/\/www.groundworkers.se\/wp-content\/uploads\/2013\/11\/2010-09-12-Aron-e1384546908857.jpg\"><img loading=\"lazy\" decoding=\"async\" class=\"alignnone size-medium wp-image-1384\" alt=\"E-AronUts2010-09-12\" src=\"http:\/\/www.groundworkers.se\/wp-content\/uploads\/2013\/11\/2010-09-12-Aron-e1384546908857-300x218.jpg\" width=\"300\" height=\"218\" srcset=\"http:\/\/www.groundworkers.se\/wp-content\/uploads\/2013\/11\/2010-09-12-Aron-e1384546908857-300x218.jpg 300w, http:\/\/www.groundworkers.se\/wp-content\/uploads\/2013\/11\/2010-09-12-Aron-e1384546908857.jpg 357w\" sizes=\"auto, (max-width: 300px) 100vw, 300px\" \/><\/a><a href=\"http:\/\/www.groundworkers.se\/wp-content\/uploads\/2013\/11\/SonjaBIRiHarlev2013-09-22-e1384545967953.jpg\"><img loading=\"lazy\" decoding=\"async\" class=\"alignnone size-medium wp-image-1383\" alt=\"SonjaBIRiHarlev2013-09-22\" src=\"http:\/\/www.groundworkers.se\/wp-content\/uploads\/2013\/11\/SonjaBIRiHarlev2013-09-22-300x218.jpg\" width=\"300\" height=\"218\" \/><\/a><\/p>\n<p>E: SEVCH Ground Workers Escapade &#8221;Aron&#8221;\u00a0 +\u00a0 U: NorUCH J Sub Terram Bucks The System &#8221;Sonja&#8221;<br \/>\n(E:Vet\u2019s Utter ETM U: Abullabergas Salix Alba)\u00a0 +\u00a0 (E:<span class=\"datatext\" id=\"lblFarnamn\">Borderby&#8217;s American Attention U:<\/span><span class=\"datatext\" id=\"lblMornamn\">Sub Terram Rockar Fett)<\/span><br \/>\n<strong>ARON<\/strong>: Har Cert &amp; Cacib p\u00e5 utst\u00e4llning, Gk karakt\u00e4rsprov i gryt, Viltsp\u00e5rschampion, t\u00e4vlar Agility och Rallylydnad med matte Desire\u00e9.<br \/>\nDet har inte jagats aktivt med Aron men han har ju &#8221;r\u00e5kat&#8221; jaga n\u00e5gra ggr. D\u00e4remot \u00e4r merparten av hundarna i hans stamtavla jakthundar.<br \/>\n<strong>SONJA<\/strong>: \u00c4r utst\u00e4llningschampion i Norge, Danmark och Sverige, har \u00e4ven Cacib, Kvalite 1 p\u00e5 grytprov, Gk anlagsprov i viltsp\u00e5r.<br \/>\nSonja driver med skall och \u00e4r inte nogr\u00e4knad med vad hon s\u00e4tter fart p\u00e5 i skogen, gris eller r\u00e5djur spelar mindre roll.<br \/>\n<a href=\"http:\/\/www.groundworkers.se\/wp-content\/uploads\/2013\/11\/2013-09-13-050-e1384549421158.jpg\"><img loading=\"lazy\" decoding=\"async\" class=\"alignnone size-medium wp-image-1395\" alt=\"G-AronOchSonja2013-09-13\" src=\"http:\/\/www.groundworkers.se\/wp-content\/uploads\/2013\/11\/2013-09-13-050-e1384549403187-300x223.jpg\" width=\"300\" height=\"223\" \/><\/a><br \/>\nB\u00e5de Aron och Sonja \u00e4r sunda trevliga hundar utan mentala eller exteri\u00f6ra defekter.<\/p>\n<p>2013-12-28 f\u00f6dde Sonja tv\u00e5 tikvalpar.<br \/>\n<a href=\"http:\/\/www.groundworkers.se\/wp-content\/uploads\/2013\/06\/I-kullenNyfodda.jpg\"><img loading=\"lazy\" decoding=\"async\" class=\"alignnone size-medium wp-image-1481\" alt=\"I-kullenNyfodda\" src=\"http:\/\/www.groundworkers.se\/wp-content\/uploads\/2013\/06\/I-kullenNyfodda-300x225.jpg\" width=\"300\" height=\"225\" srcset=\"http:\/\/www.groundworkers.se\/wp-content\/uploads\/2013\/06\/I-kullenNyfodda-300x225.jpg 300w, http:\/\/www.groundworkers.se\/wp-content\/uploads\/2013\/06\/I-kullenNyfodda.jpg 640w\" sizes=\"auto, (max-width: 300px) 100vw, 300px\" \/><\/a> <a href=\"http:\/\/www.groundworkers.se\/wp-content\/uploads\/2013\/06\/I-kullen-20140118-e1393184515740.jpg\"><img loading=\"lazy\" decoding=\"async\" class=\"alignnone size-medium wp-image-1514\" alt=\"I-kullen 20140118SonjaMedValpar\" src=\"http:\/\/www.groundworkers.se\/wp-content\/uploads\/2013\/06\/I-kullen-20140118-e1393184515740-300x274.jpg\" width=\"247\" height=\"226\" srcset=\"http:\/\/www.groundworkers.se\/wp-content\/uploads\/2013\/06\/I-kullen-20140118-e1393184515740-300x274.jpg 300w, http:\/\/www.groundworkers.se\/wp-content\/uploads\/2013\/06\/I-kullen-20140118-e1393184515740.jpg 708w\" sizes=\"auto, (max-width: 247px) 100vw, 247px\" \/><\/a> <a href=\"http:\/\/www.groundworkers.se\/wp-content\/uploads\/2013\/06\/I-kullen-20140201.jpg\"><img loading=\"lazy\" decoding=\"async\" class=\"alignnone size-medium wp-image-1515\" alt=\"I-kullen 20140201\" src=\"http:\/\/www.groundworkers.se\/wp-content\/uploads\/2013\/06\/I-kullen-20140201-225x300.jpg\" width=\"169\" height=\"226\" srcset=\"http:\/\/www.groundworkers.se\/wp-content\/uploads\/2013\/06\/I-kullen-20140201-225x300.jpg 225w, http:\/\/www.groundworkers.se\/wp-content\/uploads\/2013\/06\/I-kullen-20140201.jpg 720w\" sizes=\"auto, (max-width: 169px) 100vw, 169px\" \/><\/a><br \/>\n<a href=\"http:\/\/www.groundworkers.se\/wp-content\/uploads\/2013\/06\/I-kullen-20140204-Devilbus2-e1393184608180.jpg\"><img loading=\"lazy\" decoding=\"async\" class=\"alignnone size-medium wp-image-1516\" alt=\"I-kullen 20140204 Devilbus2\" src=\"http:\/\/www.groundworkers.se\/wp-content\/uploads\/2013\/06\/I-kullen-20140204-Devilbus2-e1393184608180-208x300.jpg\" width=\"158\" height=\"229\" srcset=\"http:\/\/www.groundworkers.se\/wp-content\/uploads\/2013\/06\/I-kullen-20140204-Devilbus2-e1393184608180-208x300.jpg 208w, http:\/\/www.groundworkers.se\/wp-content\/uploads\/2013\/06\/I-kullen-20140204-Devilbus2-e1393184608180.jpg 564w\" sizes=\"auto, (max-width: 158px) 100vw, 158px\" \/><\/a> <a href=\"http:\/\/www.groundworkers.se\/wp-content\/uploads\/2013\/06\/I-kullen-20140204-MoneyMys-e1393184720581.jpg\"><img loading=\"lazy\" decoding=\"async\" class=\"alignnone size-medium wp-image-1517\" alt=\"I-kullen 20140204 MoneyMys\" src=\"http:\/\/www.groundworkers.se\/wp-content\/uploads\/2013\/06\/I-kullen-20140204-MoneyMys-e1393184720581-300x214.jpg\" width=\"321\" height=\"229\" srcset=\"http:\/\/www.groundworkers.se\/wp-content\/uploads\/2013\/06\/I-kullen-20140204-MoneyMys-e1393184720581-300x214.jpg 300w, http:\/\/www.groundworkers.se\/wp-content\/uploads\/2013\/06\/I-kullen-20140204-MoneyMys-e1393184720581.jpg 883w\" sizes=\"auto, (max-width: 321px) 100vw, 321px\" \/><\/a> <a href=\"http:\/\/www.groundworkers.se\/wp-content\/uploads\/2013\/06\/I-kullen-20140207-Ines-e1393184793326.jpg\"><img loading=\"lazy\" decoding=\"async\" class=\"alignnone size-medium wp-image-1518\" alt=\"I-kullen 20140207 Ines\" src=\"http:\/\/www.groundworkers.se\/wp-content\/uploads\/2013\/06\/I-kullen-20140207-Ines-e1393184793326-300x233.jpg\" width=\"300\" height=\"233\" srcset=\"http:\/\/www.groundworkers.se\/wp-content\/uploads\/2013\/06\/I-kullen-20140207-Ines-e1393184793326-300x233.jpg 300w, http:\/\/www.groundworkers.se\/wp-content\/uploads\/2013\/06\/I-kullen-20140207-Ines-e1393184793326.jpg 818w\" sizes=\"auto, (max-width: 300px) 100vw, 300px\" \/><\/a><br \/>\n<a href=\"http:\/\/www.groundworkers.se\/wp-content\/uploads\/2013\/06\/I-kullen-20140211-InesStellaUte.jpg\"><img loading=\"lazy\" decoding=\"async\" class=\"alignnone size-medium wp-image-1520\" alt=\"I-kullen 20140211 InesStellaUte\" src=\"http:\/\/www.groundworkers.se\/wp-content\/uploads\/2013\/06\/I-kullen-20140211-InesStellaUte-300x225.jpg\" width=\"266\" height=\"200\" srcset=\"http:\/\/www.groundworkers.se\/wp-content\/uploads\/2013\/06\/I-kullen-20140211-InesStellaUte-300x225.jpg 300w, http:\/\/www.groundworkers.se\/wp-content\/uploads\/2013\/06\/I-kullen-20140211-InesStellaUte.jpg 960w\" sizes=\"auto, (max-width: 266px) 100vw, 266px\" \/><\/a> <a href=\"http:\/\/www.groundworkers.se\/wp-content\/uploads\/2013\/06\/I-kullen-20140210-InesTunnel.jpg\"><img loading=\"lazy\" decoding=\"async\" class=\"alignnone size-medium wp-image-1521\" alt=\"I-kullen 20140210 InesTunnel\" src=\"http:\/\/www.groundworkers.se\/wp-content\/uploads\/2013\/06\/I-kullen-20140210-InesTunnel-300x225.jpg\" width=\"266\" height=\"200\" srcset=\"http:\/\/www.groundworkers.se\/wp-content\/uploads\/2013\/06\/I-kullen-20140210-InesTunnel-300x225.jpg 300w, http:\/\/www.groundworkers.se\/wp-content\/uploads\/2013\/06\/I-kullen-20140210-InesTunnel.jpg 960w\" sizes=\"auto, (max-width: 266px) 100vw, 266px\" \/><\/a> <a href=\"http:\/\/www.groundworkers.se\/wp-content\/uploads\/2013\/06\/I-kullen-20140210-INESTunnel2.jpg\"><img loading=\"lazy\" decoding=\"async\" class=\"alignnone size-medium wp-image-1522\" alt=\"I-kullen 20140210 INESTunnel2\" src=\"http:\/\/www.groundworkers.se\/wp-content\/uploads\/2013\/06\/I-kullen-20140210-INESTunnel2-300x225.jpg\" width=\"268\" height=\"201\" srcset=\"http:\/\/www.groundworkers.se\/wp-content\/uploads\/2013\/06\/I-kullen-20140210-INESTunnel2-300x225.jpg 300w, http:\/\/www.groundworkers.se\/wp-content\/uploads\/2013\/06\/I-kullen-20140210-INESTunnel2.jpg 960w\" sizes=\"auto, (max-width: 268px) 100vw, 268px\" \/><\/a><br \/>\n<a href=\"http:\/\/www.groundworkers.se\/wp-content\/uploads\/2013\/06\/I-kullen-20140214-InesStellaLovaUtebus-e1393184882815.jpg\"><img loading=\"lazy\" decoding=\"async\" class=\"alignnone size-medium wp-image-1523\" alt=\"I-kullen 20140214 InesStellaLovaUtebus\" src=\"http:\/\/www.groundworkers.se\/wp-content\/uploads\/2013\/06\/I-kullen-20140214-InesStellaLovaUtebus-e1393184882815-300x223.jpg\" width=\"300\" height=\"223\" srcset=\"http:\/\/www.groundworkers.se\/wp-content\/uploads\/2013\/06\/I-kullen-20140214-InesStellaLovaUtebus-e1393184882815-300x223.jpg 300w, http:\/\/www.groundworkers.se\/wp-content\/uploads\/2013\/06\/I-kullen-20140214-InesStellaLovaUtebus-e1393184882815.jpg 727w\" sizes=\"auto, (max-width: 300px) 100vw, 300px\" \/><\/a> <a href=\"http:\/\/www.groundworkers.se\/wp-content\/uploads\/2013\/06\/I-kullen-20140214-InesStellaUtebus3-e1393184947716.jpg\"><img loading=\"lazy\" decoding=\"async\" class=\"alignnone size-medium wp-image-1524\" alt=\"I-kullen 20140214 InesStellaUtebus3\" src=\"http:\/\/www.groundworkers.se\/wp-content\/uploads\/2013\/06\/I-kullen-20140214-InesStellaUtebus3-e1393184947716-300x199.jpg\" width=\"337\" height=\"224\" srcset=\"http:\/\/www.groundworkers.se\/wp-content\/uploads\/2013\/06\/I-kullen-20140214-InesStellaUtebus3-e1393184947716-300x199.jpg 300w, http:\/\/www.groundworkers.se\/wp-content\/uploads\/2013\/06\/I-kullen-20140214-InesStellaUtebus3-e1393184947716.jpg 844w\" sizes=\"auto, (max-width: 337px) 100vw, 337px\" \/><\/a> <a href=\"http:\/\/www.groundworkers.se\/wp-content\/uploads\/2013\/06\/I-kullen-20140214-InesStellaSonjaDi.jpg\"><img loading=\"lazy\" decoding=\"async\" class=\"alignnone size-medium wp-image-1525\" alt=\"I-kullen 20140214 InesStellaSonjaDi\" src=\"http:\/\/www.groundworkers.se\/wp-content\/uploads\/2013\/06\/I-kullen-20140214-InesStellaSonjaDi-225x300.jpg\" width=\"167\" height=\"223\" srcset=\"http:\/\/www.groundworkers.se\/wp-content\/uploads\/2013\/06\/I-kullen-20140214-InesStellaSonjaDi-225x300.jpg 225w, http:\/\/www.groundworkers.se\/wp-content\/uploads\/2013\/06\/I-kullen-20140214-InesStellaSonjaDi.jpg 720w\" sizes=\"auto, (max-width: 167px) 100vw, 167px\" \/><\/a><br \/>\n<a href=\"http:\/\/www.groundworkers.se\/wp-content\/uploads\/2013\/06\/2014-03-02-020-e1394394563955.jpg\"><img loading=\"lazy\" decoding=\"async\" class=\"alignnone size-medium wp-image-1553\" alt=\"I-Ines 2014-03-02\" src=\"http:\/\/www.groundworkers.se\/wp-content\/uploads\/2013\/06\/2014-03-02-020-e1394394540132-300x258.jpg\" width=\"300\" height=\"258\" \/><\/a> <a href=\"http:\/\/www.groundworkers.se\/wp-content\/uploads\/2013\/06\/2014-03-02-030-e1394394849465.jpg\"><img loading=\"lazy\" decoding=\"async\" class=\"alignnone size-medium wp-image-1554\" alt=\"I-Stella 2014-03-02\" src=\"http:\/\/www.groundworkers.se\/wp-content\/uploads\/2013\/06\/2014-03-02-030-e1394394775336-300x257.jpg\" width=\"300\" height=\"257\" \/><\/a><\/p>\n<p>&nbsp;<\/p>\n","protected":false},"excerpt":{"rendered":"<p>Jag har l\u00e5nat in Sonja till kenneln f\u00f6r att ta en kull valpar, en \u00f6nskan fr\u00e5n hennes husse Peter. E: SEVCH Ground [&hellip;]<\/p>\n","protected":false},"author":2,"featured_media":0,"parent":10,"menu_order":0,"comment_status":"closed","ping_status":"closed","template":"full-width-page.php","meta":{"footnotes":""},"class_list":["post-1380","page","type-page","status-publish","hentry"],"_links":{"self":[{"href":"http:\/\/www.groundworkers.se\/index.php?rest_route=\/wp\/v2\/pages\/1380","targetHints":{"allow":["GET"]}}],"collection":[{"href":"http:\/\/www.groundworkers.se\/index.php?rest_route=\/wp\/v2\/pages"}],"about":[{"href":"http:\/\/www.groundworkers.se\/index.php?rest_route=\/wp\/v2\/types\/page"}],"author":[{"embeddable":true,"href":"http:\/\/www.groundworkers.se\/index.php?rest_route=\/wp\/v2\/users\/2"}],"replies":[{"embeddable":true,"href":"http:\/\/www.groundworkers.se\/index.php?rest_route=%2Fwp%2Fv2%2Fcomments&post=1380"}],"version-history":[{"count":14,"href":"http:\/\/www.groundworkers.se\/index.php?rest_route=\/wp\/v2\/pages\/1380\/revisions"}],"predecessor-version":[{"id":1386,"href":"http:\/\/www.groundworkers.se\/index.php?rest_route=\/wp\/v2\/pages\/1380\/revisions\/1386"}],"up":[{"embeddable":true,"href":"http:\/\/www.groundworkers.se\/index.php?rest_route=\/wp\/v2\/pages\/10"}],"wp:attachment":[{"href":"http:\/\/www.groundworkers.se\/index.php?rest_route=%2Fwp%2Fv2%2Fmedia&parent=1380"}],"curies":[{"name":"wp","href":"https:\/\/api.w.org\/{rel}","templated":true}]}}