{"id":1919,"date":"2017-03-08T20:08:51","date_gmt":"2017-03-08T19:08:51","guid":{"rendered":"http:\/\/www.groundworkers.se\/?page_id=1919"},"modified":"2017-03-08T20:54:07","modified_gmt":"2017-03-08T19:54:07","slug":"l-kullen","status":"publish","type":"page","link":"http:\/\/www.groundworkers.se\/?page_id=1919","title":{"rendered":"L-kullen"},"content":{"rendered":"<p><a href=\"http:\/\/www.groundworkers.se\/wp-content\/uploads\/2013\/03\/20161229-Ottercap-Action-Radar-star-fint-e1483256790561.jpg\"><img loading=\"lazy\" decoding=\"async\" class=\"alignnone size-medium wp-image-1896\" alt=\"20161229 Ottercap Action Radar star fint\" src=\"http:\/\/www.groundworkers.se\/wp-content\/uploads\/2013\/03\/20161229-Ottercap-Action-Radar-star-fint-300x200.jpg\" width=\"222\" height=\"148\" \/><\/a><a href=\"http:\/\/www.groundworkers.se\/wp-content\/uploads\/2013\/03\/20161229-Sonja-star-snyggt-e1483285391541.jpg\"><img loading=\"lazy\" decoding=\"async\" class=\"alignnone size-medium wp-image-1904\" alt=\"20161229 Sonja star snyggt\" src=\"http:\/\/www.groundworkers.se\/wp-content\/uploads\/2013\/03\/20161229-Sonja-star-snyggt-e1483285378350-300x233.jpg\" width=\"189\" height=\"148\" \/><br \/>\n<\/a><\/p>\n<p>E: FIBRCH DKJCH(G) SEJCH(G) NORDJCH DKCH SEVCH DKSCH(B) KLBCH Ottercap Action Radar \u201dHarry\u201d<br \/>\nU: DKUCH J NOJV-12 NOUCH NOV-12 SEUCH Sub Terram\u00a0Bucks The System \u201dSonja\u201d<br \/>\nSonja \u00e4gs av Peter Svensson och l\u00e5nas in till kenneln. TACK Peter &lt;3.<br \/>\nB\u00e5de Harry och Sonja \u00e4r skarpa i grytet och har l\u00e4mnat avkommor som \u00e4r v\u00e4ldigt duktiga jakthundar.<br \/>\nSer fram emot att f\u00f6lja valparnas utveckling.<\/p>\n<p>Den 30\/12-2016 parades Sonja med Harry och den 4\/3-2017 f\u00f6ddes tv\u00e5 hanvalpar och tv\u00e5 tikvalpar.<\/p>\n<p><a href=\"http:\/\/www.groundworkers.se\/wp-content\/uploads\/2017\/03\/20170304-SonjaMedLkullen.jpg\"><img loading=\"lazy\" decoding=\"async\" class=\"alignnone size-medium wp-image-1930\" alt=\"20170304 SonjaMedLkullen\" src=\"http:\/\/www.groundworkers.se\/wp-content\/uploads\/2017\/03\/20170304-SonjaMedLkullen-300x168.jpg\" width=\"300\" height=\"168\" srcset=\"http:\/\/www.groundworkers.se\/wp-content\/uploads\/2017\/03\/20170304-SonjaMedLkullen-300x168.jpg 300w, http:\/\/www.groundworkers.se\/wp-content\/uploads\/2017\/03\/20170304-SonjaMedLkullen-1024x575.jpg 1024w, http:\/\/www.groundworkers.se\/wp-content\/uploads\/2017\/03\/20170304-SonjaMedLkullen.jpg 1334w\" sizes=\"auto, (max-width: 300px) 100vw, 300px\" \/><\/a><br \/>\nSonja med de nyf\u00f6dda valparna.<\/p>\n","protected":false},"excerpt":{"rendered":"<p>E: FIBRCH DKJCH(G) SEJCH(G) NORDJCH DKCH SEVCH DKSCH(B) KLBCH Ottercap Action Radar \u201dHarry\u201d U: DKUCH J NOJV-12 NOUCH NOV-12 SEUCH Sub Terram\u00a0Bucks [&hellip;]<\/p>\n","protected":false},"author":2,"featured_media":0,"parent":10,"menu_order":0,"comment_status":"closed","ping_status":"closed","template":"full-width-page.php","meta":{"footnotes":""},"class_list":["post-1919","page","type-page","status-publish","hentry"],"_links":{"self":[{"href":"http:\/\/www.groundworkers.se\/index.php?rest_route=\/wp\/v2\/pages\/1919","targetHints":{"allow":["GET"]}}],"collection":[{"href":"http:\/\/www.groundworkers.se\/index.php?rest_route=\/wp\/v2\/pages"}],"about":[{"href":"http:\/\/www.groundworkers.se\/index.php?rest_route=\/wp\/v2\/types\/page"}],"author":[{"embeddable":true,"href":"http:\/\/www.groundworkers.se\/index.php?rest_route=\/wp\/v2\/users\/2"}],"replies":[{"embeddable":true,"href":"http:\/\/www.groundworkers.se\/index.php?rest_route=%2Fwp%2Fv2%2Fcomments&post=1919"}],"version-history":[{"count":7,"href":"http:\/\/www.groundworkers.se\/index.php?rest_route=\/wp\/v2\/pages\/1919\/revisions"}],"predecessor-version":[{"id":1922,"href":"http:\/\/www.groundworkers.se\/index.php?rest_route=\/wp\/v2\/pages\/1919\/revisions\/1922"}],"up":[{"embeddable":true,"href":"http:\/\/www.groundworkers.se\/index.php?rest_route=\/wp\/v2\/pages\/10"}],"wp:attachment":[{"href":"http:\/\/www.groundworkers.se\/index.php?rest_route=%2Fwp%2Fv2%2Fmedia&parent=1919"}],"curies":[{"name":"wp","href":"https:\/\/api.w.org\/{rel}","templated":true}]}}