{"id":1945,"date":"2018-01-28T20:52:56","date_gmt":"2018-01-28T19:52:56","guid":{"rendered":"http:\/\/www.groundworkers.se\/?page_id=1945"},"modified":"2018-01-28T21:11:40","modified_gmt":"2018-01-28T20:11:40","slug":"m-kullen","status":"publish","type":"page","link":"http:\/\/www.groundworkers.se\/?page_id=1945","title":{"rendered":"M-kullen"},"content":{"rendered":"<p>E:<span style=\"font-size: small;\">\u00a0FI J(G)CH J Ottercap Sunshine Superman &#8221;Movits&#8221;<\/span> <strong><\/strong>(E:Klettermusens \u00c4ss\u00e4 T\u00e4ss\u00e4 U:Ottercap Bullet The Blue Sky )<br \/>\nU: DK CH(U) Carmal&#8217;s Famous &#8221;Olga&#8221;<strong><\/strong> (E: Borderby&#8217;s American Blue Maestro U: Ground Workers Dream)<\/p>\n<p>Movits \u00e4r en trevlig hane med mycket motor. Han jagar allt ovan jord och spr\u00e4nger r\u00e4v till husbehov. Han har ett s\u00f6k p\u00e5 ca 300m och driver upp till en kvart\/tjugo minuter. Movits husse sk\u00f6ter jakten p\u00e5 ett s\u00e4teri utanf\u00f6r V\u00e4ster\u00e5s s\u00e5 det blir gott om jakttillf\u00e4llen.<br \/>\nP\u00e5 utst\u00e4llning har Movits tv\u00e5 cert och han \u00e4r \u00e4ven finsk grytjaktchampion.<\/p>\n<p>Olga kan ni l\u00e4sa om p\u00e5 hennes sida h\u00e4r p\u00e5 hemsidan :).<\/p>\n<p>Den 29 maj 2017 s\u00e5g fem fina fr\u00f6knar dagen ljus.<\/p>\n<p><a href=\"http:\/\/www.groundworkers.se\/wp-content\/uploads\/2013\/03\/20170529-OlgaMedValpar.jpg\"><img loading=\"lazy\" decoding=\"async\" class=\"alignnone size-medium wp-image-1935\" alt=\"20170529 OlgaMedValpar\" src=\"http:\/\/www.groundworkers.se\/wp-content\/uploads\/2013\/03\/20170529-OlgaMedValpar-300x225.jpg\" width=\"300\" height=\"225\" srcset=\"http:\/\/www.groundworkers.se\/wp-content\/uploads\/2013\/03\/20170529-OlgaMedValpar-300x225.jpg 300w, http:\/\/www.groundworkers.se\/wp-content\/uploads\/2013\/03\/20170529-OlgaMedValpar.jpg 960w\" sizes=\"auto, (max-width: 300px) 100vw, 300px\" \/><\/a><\/p>\n","protected":false},"excerpt":{"rendered":"<p>E:\u00a0FI J(G)CH J Ottercap Sunshine Superman &#8221;Movits&#8221; (E:Klettermusens \u00c4ss\u00e4 T\u00e4ss\u00e4 U:Ottercap Bullet The Blue Sky ) U: DK CH(U) Carmal&#8217;s Famous &#8221;Olga&#8221; [&hellip;]<\/p>\n","protected":false},"author":2,"featured_media":0,"parent":10,"menu_order":0,"comment_status":"closed","ping_status":"closed","template":"full-width-page.php","meta":{"footnotes":""},"class_list":["post-1945","page","type-page","status-publish","hentry"],"_links":{"self":[{"href":"http:\/\/www.groundworkers.se\/index.php?rest_route=\/wp\/v2\/pages\/1945","targetHints":{"allow":["GET"]}}],"collection":[{"href":"http:\/\/www.groundworkers.se\/index.php?rest_route=\/wp\/v2\/pages"}],"about":[{"href":"http:\/\/www.groundworkers.se\/index.php?rest_route=\/wp\/v2\/types\/page"}],"author":[{"embeddable":true,"href":"http:\/\/www.groundworkers.se\/index.php?rest_route=\/wp\/v2\/users\/2"}],"replies":[{"embeddable":true,"href":"http:\/\/www.groundworkers.se\/index.php?rest_route=%2Fwp%2Fv2%2Fcomments&post=1945"}],"version-history":[{"count":5,"href":"http:\/\/www.groundworkers.se\/index.php?rest_route=\/wp\/v2\/pages\/1945\/revisions"}],"predecessor-version":[{"id":1947,"href":"http:\/\/www.groundworkers.se\/index.php?rest_route=\/wp\/v2\/pages\/1945\/revisions\/1947"}],"up":[{"embeddable":true,"href":"http:\/\/www.groundworkers.se\/index.php?rest_route=\/wp\/v2\/pages\/10"}],"wp:attachment":[{"href":"http:\/\/www.groundworkers.se\/index.php?rest_route=%2Fwp%2Fv2%2Fmedia&parent=1945"}],"curies":[{"name":"wp","href":"https:\/\/api.w.org\/{rel}","templated":true}]}}