{"id":1981,"date":"2018-02-11T07:50:58","date_gmt":"2018-02-11T06:50:58","guid":{"rendered":"http:\/\/www.groundworkers.se\/?page_id=1981"},"modified":"2025-12-17T18:10:16","modified_gmt":"2025-12-17T17:10:16","slug":"tella","status":"publish","type":"page","link":"http:\/\/www.groundworkers.se\/?page_id=1981","title":{"rendered":"Tella"},"content":{"rendered":"<p style=\"text-align: center;\"><a href=\"http:\/\/www.groundworkers.se\/wp-content\/uploads\/2018\/02\/20170602-TellaStarSpanar.jpg\"><img loading=\"lazy\" decoding=\"async\" class=\"alignnone size-medium wp-image-1982 aligncenter\" src=\"http:\/\/www.groundworkers.se\/wp-content\/uploads\/2018\/02\/20170602-TellaStarSpanar-300x211.jpg\" alt=\"20170602 TellaStarSpanar\" width=\"300\" height=\"211\" srcset=\"http:\/\/www.groundworkers.se\/wp-content\/uploads\/2018\/02\/20170602-TellaStarSpanar-300x211.jpg 300w, http:\/\/www.groundworkers.se\/wp-content\/uploads\/2018\/02\/20170602-TellaStarSpanar.jpg 960w\" sizes=\"auto, (max-width: 300px) 100vw, 300px\" \/><\/a> <a href=\"http:\/\/www.groundworkers.se\/wp-content\/uploads\/2018\/02\/20170723-TellaJuniorcert-e1518331443598.jpg\"><img loading=\"lazy\" decoding=\"async\" class=\"alignnone size-medium wp-image-1983\" src=\"http:\/\/www.groundworkers.se\/wp-content\/uploads\/2018\/02\/20170723-TellaJuniorcert-e1518331443598-186x300.jpg\" alt=\"20170723 TellaJuniorcert\" width=\"131\" height=\"212\" srcset=\"http:\/\/www.groundworkers.se\/wp-content\/uploads\/2018\/02\/20170723-TellaJuniorcert-e1518331443598-186x300.jpg 186w, http:\/\/www.groundworkers.se\/wp-content\/uploads\/2018\/02\/20170723-TellaJuniorcert-e1518331443598.jpg 518w\" sizes=\"auto, (max-width: 131px) 100vw, 131px\" \/><\/a> <a href=\"http:\/\/www.groundworkers.se\/wp-content\/uploads\/2018\/02\/20180113-TellaJakthund-e1518331509767.jpg\"><img loading=\"lazy\" decoding=\"async\" class=\"alignnone size-medium wp-image-1984\" src=\"http:\/\/www.groundworkers.se\/wp-content\/uploads\/2018\/02\/20180113-TellaJakthund-e1518331509767-203x300.jpg\" alt=\"20180113 TellaJakthund\" width=\"144\" height=\"213\" srcset=\"http:\/\/www.groundworkers.se\/wp-content\/uploads\/2018\/02\/20180113-TellaJakthund-e1518331509767-203x300.jpg 203w, http:\/\/www.groundworkers.se\/wp-content\/uploads\/2018\/02\/20180113-TellaJakthund-e1518331509767.jpg 472w\" sizes=\"auto, (max-width: 144px) 100vw, 144px\" \/><br \/>\n<\/a><span style=\"font-size: large;\"><strong><br \/>\n<span style=\"font-size: 14pt;\">J Ottercap You Tell Me<\/span><\/strong><\/span><\/p>\n<p style=\"text-align: center;\"><span style=\"font-size: 12pt;\">U: Carmal&#8217;s Devil U:Klettermusens Erlina<\/span><br \/>\n<span style=\"font-size: 12pt;\">F\u00f6dd: 2016-06-02<br \/>\n<\/span>Stamtavla finns <a href=\"https:\/\/hundar.skk.se\/Avelsdata\/Flikar.aspx?sida=Hund_stamtavla&amp;id=3151711\">h\u00e4r<\/a><br \/>\n<span style=\"font-size: 12pt;\">Reg nr: SE39719\/2016<br \/>\nTestad CLEAR OF SLEM<\/span><\/p>\n<p style=\"text-align: center;\"><span style=\"font-size: 12pt;\">Lilla Tella p\u00e5 6kg \u00e4r en mycket f\u00f6ljsam och l\u00e4ttl\u00e4rd hund. Alltid pigg p\u00e5 vad matte har i uppt\u00e5g. Dock \u00e4r inte utst\u00e4llning hennes grej s\u00e5 hon \u00e4r utst\u00e4lld med CK och juniorcert sen var det bevisat att hon \u00e4r finaste Tella.<\/span><\/p>\n<p style=\"text-align: center;\"><span style=\"font-size: 12pt;\">Tella har kvalit\u00e9 1 p\u00e5 grytanlagsprov och det har skjutits r\u00e4v i gryt f\u00f6r henne. I februari 2020 gick hon ett grytjaktprov med 1a pris.<\/span><br \/>\n<span style=\"font-size: 12pt;\">Vid ovanjordsjakt s\u00e5 \u00e4r hennes s\u00f6k n\u00e5got sn\u00e4vt men drivet allt vilt med skall och f\u00f6rf\u00f6ljer upp mot 1000m. Tella \u00e4r h\u00e5rd i skallet och l\u00e5ter bara n\u00e4r hon ligger t\u00e4tt p\u00e5 viltet s\u00e5 d\u00e4r Tella sk\u00e4ller d\u00e4r \u00e4r djuren. Denna lilla hund r\u00e4ds inte stora vildsvin s\u00e5 det \u00e4r fullt \u00f6s hela tiden.<\/span><\/p>\n<p style=\"text-align: center;\"><span style=\"font-size: 12pt;\">I april 2020 gick Tella Gk anlagsprov i viltsp\u00e5r.<\/span><br \/>\n<span style=\"font-size: 12pt;\">Tella har \u00e4ven Gk doftprov 1 i Nosework.<\/span><\/p>\n<p style=\"text-align: center;\">H\u00f6sten 2023 flyttade Tella till Emma och H\u00e5kan i Kalmar. D\u00e4r bor redan Tellas dotter Ulla (Ground Workers Tricksy).<\/p>\n","protected":false},"excerpt":{"rendered":"<p>J Ottercap You Tell Me U: Carmal&#8217;s Devil U:Klettermusens Erlina F\u00f6dd: 2016-06-02 Stamtavla finns h\u00e4r Reg nr: SE39719\/2016 Testad CLEAR OF SLEM [&hellip;]<\/p>\n","protected":false},"author":2,"featured_media":0,"parent":6,"menu_order":0,"comment_status":"closed","ping_status":"closed","template":"","meta":{"footnotes":""},"class_list":["post-1981","page","type-page","status-publish","hentry"],"_links":{"self":[{"href":"http:\/\/www.groundworkers.se\/index.php?rest_route=\/wp\/v2\/pages\/1981","targetHints":{"allow":["GET"]}}],"collection":[{"href":"http:\/\/www.groundworkers.se\/index.php?rest_route=\/wp\/v2\/pages"}],"about":[{"href":"http:\/\/www.groundworkers.se\/index.php?rest_route=\/wp\/v2\/types\/page"}],"author":[{"embeddable":true,"href":"http:\/\/www.groundworkers.se\/index.php?rest_route=\/wp\/v2\/users\/2"}],"replies":[{"embeddable":true,"href":"http:\/\/www.groundworkers.se\/index.php?rest_route=%2Fwp%2Fv2%2Fcomments&post=1981"}],"version-history":[{"count":11,"href":"http:\/\/www.groundworkers.se\/index.php?rest_route=\/wp\/v2\/pages\/1981\/revisions"}],"predecessor-version":[{"id":3156,"href":"http:\/\/www.groundworkers.se\/index.php?rest_route=\/wp\/v2\/pages\/1981\/revisions\/3156"}],"up":[{"embeddable":true,"href":"http:\/\/www.groundworkers.se\/index.php?rest_route=\/wp\/v2\/pages\/6"}],"wp:attachment":[{"href":"http:\/\/www.groundworkers.se\/index.php?rest_route=%2Fwp%2Fv2%2Fmedia&parent=1981"}],"curies":[{"name":"wp","href":"https:\/\/api.w.org\/{rel}","templated":true}]}}