{"id":1988,"date":"2018-02-11T08:07:57","date_gmt":"2018-02-11T07:07:57","guid":{"rendered":"http:\/\/www.groundworkers.se\/?page_id=1988"},"modified":"2025-12-17T18:16:22","modified_gmt":"2025-12-17T17:16:22","slug":"darcy","status":"publish","type":"page","link":"http:\/\/www.groundworkers.se\/?page_id=1988","title":{"rendered":"Darcy"},"content":{"rendered":"<p style=\"text-align: center;\"><a href=\"http:\/\/www.groundworkers.se\/wp-content\/uploads\/2018\/02\/20170724-DarcyMatteDKfotograf-e1518332123642.jpg\"><img loading=\"lazy\" decoding=\"async\" class=\"alignnone size-medium wp-image-1989\" src=\"http:\/\/www.groundworkers.se\/wp-content\/uploads\/2018\/02\/20170724-DarcyMatteDKfotograf-e1518332123642-173x300.jpg\" alt=\"20170724 DarcyMatteDKfotograf\" width=\"148\" height=\"255\" \/><\/a> <a href=\"http:\/\/www.groundworkers.se\/wp-content\/uploads\/2018\/02\/2017-07-23-DarcyMatteRosetter-e1518332251531.jpg\"><img loading=\"lazy\" decoding=\"async\" class=\"alignnone wp-image-1990\" src=\"http:\/\/www.groundworkers.se\/wp-content\/uploads\/2018\/02\/2017-07-23-DarcyMatteRosetter-e1518332251531-178x300.jpg\" alt=\"2017-07-23 DarcyMatteRosetter\" width=\"152\" height=\"256\" srcset=\"http:\/\/www.groundworkers.se\/wp-content\/uploads\/2018\/02\/2017-07-23-DarcyMatteRosetter-e1518332251531-178x300.jpg 178w, http:\/\/www.groundworkers.se\/wp-content\/uploads\/2018\/02\/2017-07-23-DarcyMatteRosetter-e1518332251531.jpg 460w\" sizes=\"auto, (max-width: 152px) 100vw, 152px\" \/>\u00a0<\/a><a href=\"http:\/\/www.groundworkers.se\/wp-content\/uploads\/2019\/04\/IMG_1837.jpg\"><img loading=\"lazy\" decoding=\"async\" class=\"alignnone wp-image-2067\" src=\"http:\/\/www.groundworkers.se\/wp-content\/uploads\/2019\/04\/IMG_1837-300x200.jpg\" alt=\"\" width=\"302\" height=\"201\" srcset=\"http:\/\/www.groundworkers.se\/wp-content\/uploads\/2019\/04\/IMG_1837-300x200.jpg 300w, http:\/\/www.groundworkers.se\/wp-content\/uploads\/2019\/04\/IMG_1837-768x512.jpg 768w, http:\/\/www.groundworkers.se\/wp-content\/uploads\/2019\/04\/IMG_1837-1024x683.jpg 1024w, http:\/\/www.groundworkers.se\/wp-content\/uploads\/2019\/04\/IMG_1837-100x67.jpg 100w, http:\/\/www.groundworkers.se\/wp-content\/uploads\/2019\/04\/IMG_1837-150x100.jpg 150w, http:\/\/www.groundworkers.se\/wp-content\/uploads\/2019\/04\/IMG_1837-200x133.jpg 200w, http:\/\/www.groundworkers.se\/wp-content\/uploads\/2019\/04\/IMG_1837-450x300.jpg 450w, http:\/\/www.groundworkers.se\/wp-content\/uploads\/2019\/04\/IMG_1837-600x400.jpg 600w, http:\/\/www.groundworkers.se\/wp-content\/uploads\/2019\/04\/IMG_1837-900x600.jpg 900w\" sizes=\"auto, (max-width: 302px) 100vw, 302px\" \/><\/a><\/p>\n<p style=\"text-align: center;\"><span style=\"font-size: large;\"><strong><span style=\"font-size: 14pt;\">DKUCH LTCH NOUCH SEUCH<\/span><br \/>\n<span style=\"font-size: 14pt;\">Borderby&#8217;s Pride And Prejudice<\/span><br \/>\n<\/strong><\/span>E: Badgerholme Epsom Jet U: Clipstone Sail Away<br \/>\nF\u00f6dd: 2016-07-08<br \/>\nReg nr: SE44904\/2016<br \/>\nStamtavla finns <a href=\"https:\/\/hundar.skk.se\/Avelsdata\/Flikar.aspx?sida=Hund_stamtavla&amp;id=3159254\">h\u00e4r<\/a><br \/>\nCLEAR OF SLEM BY PARENTS<\/p>\n<p style=\"text-align: center;\">Darcy sam\u00e4gs med Mathias och Linda i H\u00f6\u00f6r d\u00e4r han bor och \u00e4r en h\u00f6gt \u00e4lskad familjehund.<br \/>\nHan har GK anlagsprov i viltsp\u00e5r.<br \/>\nCacib i Norge och Litauen.<\/p>\n<p style=\"text-align: center;\">\n","protected":false},"excerpt":{"rendered":"<p>\u00a0 DKUCH LTCH NOUCH SEUCH Borderby&#8217;s Pride And Prejudice E: Badgerholme Epsom Jet U: Clipstone Sail Away F\u00f6dd: 2016-07-08 Reg nr: SE44904\/2016 [&hellip;]<\/p>\n","protected":false},"author":2,"featured_media":0,"parent":6,"menu_order":0,"comment_status":"closed","ping_status":"closed","template":"","meta":{"footnotes":""},"class_list":["post-1988","page","type-page","status-publish","hentry"],"_links":{"self":[{"href":"http:\/\/www.groundworkers.se\/index.php?rest_route=\/wp\/v2\/pages\/1988","targetHints":{"allow":["GET"]}}],"collection":[{"href":"http:\/\/www.groundworkers.se\/index.php?rest_route=\/wp\/v2\/pages"}],"about":[{"href":"http:\/\/www.groundworkers.se\/index.php?rest_route=\/wp\/v2\/types\/page"}],"author":[{"embeddable":true,"href":"http:\/\/www.groundworkers.se\/index.php?rest_route=\/wp\/v2\/users\/2"}],"replies":[{"embeddable":true,"href":"http:\/\/www.groundworkers.se\/index.php?rest_route=%2Fwp%2Fv2%2Fcomments&post=1988"}],"version-history":[{"count":11,"href":"http:\/\/www.groundworkers.se\/index.php?rest_route=\/wp\/v2\/pages\/1988\/revisions"}],"predecessor-version":[{"id":3161,"href":"http:\/\/www.groundworkers.se\/index.php?rest_route=\/wp\/v2\/pages\/1988\/revisions\/3161"}],"up":[{"embeddable":true,"href":"http:\/\/www.groundworkers.se\/index.php?rest_route=\/wp\/v2\/pages\/6"}],"wp:attachment":[{"href":"http:\/\/www.groundworkers.se\/index.php?rest_route=%2Fwp%2Fv2%2Fmedia&parent=1988"}],"curies":[{"name":"wp","href":"https:\/\/api.w.org\/{rel}","templated":true}]}}