{"id":2006,"date":"2018-02-23T19:41:44","date_gmt":"2018-02-23T18:41:44","guid":{"rendered":"http:\/\/www.groundworkers.se\/?page_id=2006"},"modified":"2025-12-17T18:08:56","modified_gmt":"2025-12-17T17:08:56","slug":"vydra","status":"publish","type":"page","link":"http:\/\/www.groundworkers.se\/?page_id=2006","title":{"rendered":"Vydra"},"content":{"rendered":"<p style=\"text-align: center;\"><a href=\"http:\/\/www.groundworkers.se\/wp-content\/uploads\/2019\/04\/IMG_0427.jpg\"><img loading=\"lazy\" decoding=\"async\" class=\"alignnone wp-image-2061 aligncenter\" src=\"http:\/\/www.groundworkers.se\/wp-content\/uploads\/2019\/04\/IMG_0427-300x242.jpg\" alt=\"\" width=\"251\" height=\"202\" srcset=\"http:\/\/www.groundworkers.se\/wp-content\/uploads\/2019\/04\/IMG_0427-300x242.jpg 300w, http:\/\/www.groundworkers.se\/wp-content\/uploads\/2019\/04\/IMG_0427-768x621.jpg 768w, http:\/\/www.groundworkers.se\/wp-content\/uploads\/2019\/04\/IMG_0427-1024x828.jpg 1024w, http:\/\/www.groundworkers.se\/wp-content\/uploads\/2019\/04\/IMG_0427-100x81.jpg 100w, http:\/\/www.groundworkers.se\/wp-content\/uploads\/2019\/04\/IMG_0427-150x121.jpg 150w, http:\/\/www.groundworkers.se\/wp-content\/uploads\/2019\/04\/IMG_0427-200x162.jpg 200w, http:\/\/www.groundworkers.se\/wp-content\/uploads\/2019\/04\/IMG_0427-450x364.jpg 450w, http:\/\/www.groundworkers.se\/wp-content\/uploads\/2019\/04\/IMG_0427-600x485.jpg 600w, http:\/\/www.groundworkers.se\/wp-content\/uploads\/2019\/04\/IMG_0427-900x727.jpg 900w\" sizes=\"auto, (max-width: 251px) 100vw, 251px\" \/><\/a><a href=\"http:\/\/www.groundworkers.se\/wp-content\/uploads\/2018\/02\/20171229-VydraJaktPrao.jpg\">\u00a0<\/a><a href=\"http:\/\/www.groundworkers.se\/wp-content\/uploads\/2019\/04\/IMG_0479-e1555439706482.jpg\"><img loading=\"lazy\" decoding=\"async\" class=\"alignnone wp-image-2062\" src=\"http:\/\/www.groundworkers.se\/wp-content\/uploads\/2019\/04\/IMG_0479-e1555439706482-270x300.jpg\" alt=\"\" width=\"250\" height=\"278\" srcset=\"http:\/\/www.groundworkers.se\/wp-content\/uploads\/2019\/04\/IMG_0479-e1555439706482-270x300.jpg 270w, http:\/\/www.groundworkers.se\/wp-content\/uploads\/2019\/04\/IMG_0479-e1555439706482-768x854.jpg 768w, http:\/\/www.groundworkers.se\/wp-content\/uploads\/2019\/04\/IMG_0479-e1555439706482-921x1024.jpg 921w, http:\/\/www.groundworkers.se\/wp-content\/uploads\/2019\/04\/IMG_0479-e1555439706482-100x111.jpg 100w, http:\/\/www.groundworkers.se\/wp-content\/uploads\/2019\/04\/IMG_0479-e1555439706482-150x167.jpg 150w, http:\/\/www.groundworkers.se\/wp-content\/uploads\/2019\/04\/IMG_0479-e1555439706482-200x222.jpg 200w, http:\/\/www.groundworkers.se\/wp-content\/uploads\/2019\/04\/IMG_0479-e1555439706482-300x334.jpg 300w, http:\/\/www.groundworkers.se\/wp-content\/uploads\/2019\/04\/IMG_0479-e1555439706482-450x500.jpg 450w, http:\/\/www.groundworkers.se\/wp-content\/uploads\/2019\/04\/IMG_0479-e1555439706482-600x667.jpg 600w, http:\/\/www.groundworkers.se\/wp-content\/uploads\/2019\/04\/IMG_0479-e1555439706482-900x1001.jpg 900w\" sizes=\"auto, (max-width: 250px) 100vw, 250px\" \/><\/a>\u00a0<a href=\"http:\/\/www.groundworkers.se\/wp-content\/uploads\/2019\/04\/VydraJaktAgunnaryd-18-e1555440310822.jpg\"><img loading=\"lazy\" decoding=\"async\" class=\"alignnone wp-image-2064\" src=\"http:\/\/www.groundworkers.se\/wp-content\/uploads\/2019\/04\/VydraJaktAgunnaryd-18-e1555440310822-229x300.jpg\" alt=\"\" width=\"235\" height=\"308\" srcset=\"http:\/\/www.groundworkers.se\/wp-content\/uploads\/2019\/04\/VydraJaktAgunnaryd-18-e1555440310822-229x300.jpg 229w, http:\/\/www.groundworkers.se\/wp-content\/uploads\/2019\/04\/VydraJaktAgunnaryd-18-e1555440310822-768x1004.jpg 768w, http:\/\/www.groundworkers.se\/wp-content\/uploads\/2019\/04\/VydraJaktAgunnaryd-18-e1555440310822-783x1024.jpg 783w, http:\/\/www.groundworkers.se\/wp-content\/uploads\/2019\/04\/VydraJaktAgunnaryd-18-e1555440310822-100x131.jpg 100w, http:\/\/www.groundworkers.se\/wp-content\/uploads\/2019\/04\/VydraJaktAgunnaryd-18-e1555440310822-150x196.jpg 150w, http:\/\/www.groundworkers.se\/wp-content\/uploads\/2019\/04\/VydraJaktAgunnaryd-18-e1555440310822-200x261.jpg 200w, http:\/\/www.groundworkers.se\/wp-content\/uploads\/2019\/04\/VydraJaktAgunnaryd-18-e1555440310822-300x392.jpg 300w, http:\/\/www.groundworkers.se\/wp-content\/uploads\/2019\/04\/VydraJaktAgunnaryd-18-e1555440310822-450x588.jpg 450w, http:\/\/www.groundworkers.se\/wp-content\/uploads\/2019\/04\/VydraJaktAgunnaryd-18-e1555440310822-600x784.jpg 600w, http:\/\/www.groundworkers.se\/wp-content\/uploads\/2019\/04\/VydraJaktAgunnaryd-18-e1555440310822-900x1177.jpg 900w, http:\/\/www.groundworkers.se\/wp-content\/uploads\/2019\/04\/VydraJaktAgunnaryd-18-e1555440310822.jpg 1018w\" sizes=\"auto, (max-width: 235px) 100vw, 235px\" \/><\/a><\/p>\n<p style=\"text-align: center;\"><strong><span style=\"font-size: medium;\"><span style=\"font-size: 14pt;\">BORNHVV25 DTKV-19 DKUCH DKVCH FJORDVV25 FIUCH HAHVV25 LTCH NOUCH SEUCH<\/span><br \/>\n<span style=\"font-size: 14pt;\">Vydra Iz Pesni Lovchiva<\/span><br \/>\n<\/span><\/strong><br \/>\nE: Zhigan S Donskoy Stai\u00a0 U: Artemida Iz Pesni Lovchiva<br \/>\nF\u00f6dd: 2017-05-27<br \/>\nRegnr: SE11322\/2018<br \/>\nStamtavla finns <a href=\"https:\/\/hundar.skk.se\/Avelsdata\/Flikar.aspx?sida=Hund_stamtavla&amp;id=3263037\">h\u00e4r<\/a><br \/>\nTestad: CLEAR OF SLEM<br \/>\nGenomg\u00e5tt BPH med skott.<\/p>\n<p style=\"text-align: center;\">Vydra \u00e4r aldrig l\u00e5ngt borta, har full koll p\u00e5 matte.<br \/>\n\u00c4lskar bollar av alla de slag. \u00c4r kreativ och finurlig, Tex s\u00e5 l\u00e4gger hon sin boll precis framf\u00f6r gr\u00e4sklipparen s\u00e5 jag m\u00e5ste sparka bort bollen f\u00f6r att kunna forts\u00e4tta klippa, eller s\u00e5 l\u00e4gger hon bollen i blomkrukan, l\u00f6vkorgen, rulleb\u00f6ren, vattenkannan eller n\u00e5gon annan strategiskt bra plats s\u00e5 jag &#8221;m\u00e5ste&#8221; kasta den.<\/p>\n<p style=\"text-align: center;\">P\u00e5 ovanjordsjakt driver Vydra med ett bra nyanserat skall vid synbar\/t\u00e4t kontakt. \u00c4r f\u00f6rsiktig med vildsvin och h\u00e5ller bra distans, \u00f6vriga kl\u00f6vvilt \u00e4r det full fart efter. Springer inte vildsvinen s\u00e5 har hon st\u00e5ndskall p\u00e5 dom. Avslutade s\u00e4songen 18\/19 med att skjuta gris f\u00f6r henne. S\u00e4songen 19\/20 gick \u00f6ver f\u00f6rv\u00e4ntan, Vydra jobbar j\u00e4ttebra, sj\u00e4lvst\u00e4ndigt trots att hon g\u00e5r samma drev som n\u00e5gon av de andra hundarna i familjen och h\u00e5ller djuren i 200-400m.<\/p>\n<p style=\"text-align: center;\">Vydra har f\u00e5tt testa naturgryt n\u00e5gra ggr och har d\u00e4r k\u00f6rt runt gr\u00e4vling (tidigt p\u00e5 s\u00e4songen). Den 31\/10-20 s\u00e5 startades hon p\u00e5 grytanlagsprov med resultatet: Kvalit\u00e9 1. N\u00e4sta m\u00e5l \u00e4r att f\u00f6rs\u00f6ka f\u00e5 till ett jaktprov.<\/p>\n<p style=\"text-align: center;\">Vydra \u00e4r utst\u00e4llningschampion i Danmark, Litauen, Norge och Sverige, har Cacib i Norge och Litauen och f\u00e5tt fin vinnartitel DTKV-19.<br \/>\nStolt \u00f6ver min lilla ryska &lt;3.<\/p>\n<p style=\"text-align: center;\">I april 2020 gick Vydra Gk anlagsprov i viltsp\u00e5r.<\/p>\n","protected":false},"excerpt":{"rendered":"<p>\u00a0\u00a0 BORNHVV25 DTKV-19 DKUCH DKVCH FJORDVV25 FIUCH HAHVV25 LTCH NOUCH SEUCH Vydra Iz Pesni Lovchiva E: Zhigan S Donskoy Stai\u00a0 U: Artemida [&hellip;]<\/p>\n","protected":false},"author":2,"featured_media":0,"parent":6,"menu_order":0,"comment_status":"closed","ping_status":"closed","template":"","meta":{"footnotes":""},"class_list":["post-2006","page","type-page","status-publish","hentry"],"_links":{"self":[{"href":"http:\/\/www.groundworkers.se\/index.php?rest_route=\/wp\/v2\/pages\/2006","targetHints":{"allow":["GET"]}}],"collection":[{"href":"http:\/\/www.groundworkers.se\/index.php?rest_route=\/wp\/v2\/pages"}],"about":[{"href":"http:\/\/www.groundworkers.se\/index.php?rest_route=\/wp\/v2\/types\/page"}],"author":[{"embeddable":true,"href":"http:\/\/www.groundworkers.se\/index.php?rest_route=\/wp\/v2\/users\/2"}],"replies":[{"embeddable":true,"href":"http:\/\/www.groundworkers.se\/index.php?rest_route=%2Fwp%2Fv2%2Fcomments&post=2006"}],"version-history":[{"count":17,"href":"http:\/\/www.groundworkers.se\/index.php?rest_route=\/wp\/v2\/pages\/2006\/revisions"}],"predecessor-version":[{"id":3153,"href":"http:\/\/www.groundworkers.se\/index.php?rest_route=\/wp\/v2\/pages\/2006\/revisions\/3153"}],"up":[{"embeddable":true,"href":"http:\/\/www.groundworkers.se\/index.php?rest_route=\/wp\/v2\/pages\/6"}],"wp:attachment":[{"href":"http:\/\/www.groundworkers.se\/index.php?rest_route=%2Fwp%2Fv2%2Fmedia&parent=2006"}],"curies":[{"name":"wp","href":"https:\/\/api.w.org\/{rel}","templated":true}]}}