{"id":2030,"date":"2018-04-22T09:20:52","date_gmt":"2018-04-22T07:20:52","guid":{"rendered":"http:\/\/www.groundworkers.se\/?page_id=2030"},"modified":"2018-09-01T08:12:56","modified_gmt":"2018-09-01T06:12:56","slug":"n-kullen","status":"publish","type":"page","link":"http:\/\/www.groundworkers.se\/?page_id=2030","title":{"rendered":"N-kullen"},"content":{"rendered":"<p>E: SEUCH NOUCH DKUCH DE&amp;VDHCH LITCH J SEVCH KLCH DTKV-14 C.I.B FINJ(G)CH<a title=\"Mille\" href=\"http:\/\/www.groundworkers.se\/?page_id=1157\"> Ground Workers Fabulous<\/a> &#8221;Mille&#8221;<\/p>\n<p>U:<a title=\"Tella\" href=\"http:\/\/www.groundworkers.se\/?page_id=1981\"> Ottercap You Tell Me<\/a> &#8221;Tella&#8221;<\/p>\n<p><a href=\"http:\/\/www.groundworkers.se\/wp-content\/uploads\/2013\/03\/20180422-TellaMille.jpg\"><img loading=\"lazy\" decoding=\"async\" class=\"alignnone size-medium wp-image-2019\" alt=\"20180422 TellaMille\" src=\"http:\/\/www.groundworkers.se\/wp-content\/uploads\/2013\/03\/20180422-TellaMille-225x300.jpg\" width=\"225\" height=\"300\" srcset=\"http:\/\/www.groundworkers.se\/wp-content\/uploads\/2013\/03\/20180422-TellaMille-225x300.jpg 225w, http:\/\/www.groundworkers.se\/wp-content\/uploads\/2013\/03\/20180422-TellaMille.jpg 720w\" sizes=\"auto, (max-width: 225px) 100vw, 225px\" \/><\/a> <a href=\"http:\/\/www.groundworkers.se\/wp-content\/uploads\/2013\/03\/20180422-TellaMilleMating-e1524380439834.jpg\"><img loading=\"lazy\" decoding=\"async\" class=\"alignnone size-medium wp-image-2020\" alt=\"20180422 TellaMilleMating\" src=\"http:\/\/www.groundworkers.se\/wp-content\/uploads\/2013\/03\/20180422-TellaMilleMating-e1524380439834-300x224.jpg\" width=\"300\" height=\"224\" srcset=\"http:\/\/www.groundworkers.se\/wp-content\/uploads\/2013\/03\/20180422-TellaMilleMating-e1524380439834-300x224.jpg 300w, http:\/\/www.groundworkers.se\/wp-content\/uploads\/2013\/03\/20180422-TellaMilleMating-e1524380439834.jpg 732w\" sizes=\"auto, (max-width: 300px) 100vw, 300px\" \/><\/a> <a href=\"http:\/\/www.groundworkers.se\/wp-content\/uploads\/2013\/03\/20180422-TellaMilleStamtavla.jpg\"><img loading=\"lazy\" decoding=\"async\" class=\"alignnone size-medium wp-image-2021\" alt=\"20180422 TellaMilleStamtavla\" src=\"http:\/\/www.groundworkers.se\/wp-content\/uploads\/2013\/03\/20180422-TellaMilleStamtavla-300x219.jpg\" width=\"300\" height=\"219\" srcset=\"http:\/\/www.groundworkers.se\/wp-content\/uploads\/2013\/03\/20180422-TellaMilleStamtavla-300x219.jpg 300w, http:\/\/www.groundworkers.se\/wp-content\/uploads\/2013\/03\/20180422-TellaMilleStamtavla.jpg 896w\" sizes=\"auto, (max-width: 300px) 100vw, 300px\" \/><\/a><\/p>\n<p>Tella parades med Mille 20\/3 + 23\/3.<br \/>\nValparna f\u00f6ddes den 23 maj, fyra hanvalpar och tv\u00e5 tikvalpar.<\/p>\n<p>Med stor gl\u00e4dje vinkade jag av de sex sm\u00e5 millemetrarna till sina nya hem d\u00e4r de kommer bli h\u00f6gt \u00e4lskade familjemedlemmar och s\u00e5 sm\u00e5ningom \u00e4ven jakthundar.<\/p>\n<p>Nexus = Rufus\u00a0 flyttade till Hans &amp; Lena p\u00e5 Visings\u00f6\/Halmstad.<br \/>\nNosey = Neville flyttade till Christoffer &amp; Kerstin i Tj\u00f6rnarp<br \/>\nNotorious = Nils (Nisse) flyttade till Filip i Falun<br \/>\nNaughty = Noak flyttade till Anna &amp; Mats i \u00c5rsta<br \/>\nNatty = Stella flyttade till familjen Alneryd i Vallberga<br \/>\nNimbus = Kipp flyttade till Hans &amp; Louise Ramqvist \u00d6hman i Tystberga<\/p>\n<table cellspacing=\"0\" cellpadding=\"4\">\n<tbody>\n<tr>\n<td><a title=\"visa data f\u00f6r SE39209\/2018\">SE39209\/2018<\/a><\/td>\n<td>Ground Workers Nexus<\/td>\n<td>H<\/td>\n<td>20180523<\/td>\n<td><a title=\"visa data f\u00f6r S57940\/2009\">S57940\/2009<\/a><\/td>\n<td>Ground Workers Fabulous<\/td>\n<\/tr>\n<tr>\n<td><a title=\"visa data f\u00f6r SE39210\/2018\">SE39210\/2018<\/a><\/td>\n<td>Ground Workers Nosey<\/td>\n<td>H<\/td>\n<td>20180523<\/td>\n<td><a title=\"visa data f\u00f6r S57940\/2009\">S57940\/2009<\/a><\/td>\n<td>Ground Workers Fabulous<\/td>\n<\/tr>\n<tr>\n<td><a title=\"visa data f\u00f6r SE39211\/2018\">SE39211\/2018<\/a><\/td>\n<td>Ground Workers Notorious<\/td>\n<td>H<\/td>\n<td>20180523<\/td>\n<td><a title=\"visa data f\u00f6r S57940\/2009\">S57940\/2009<\/a><\/td>\n<td>Ground Workers Fabulous<\/td>\n<\/tr>\n<tr>\n<td><a title=\"visa data f\u00f6r SE39212\/2018\">SE39212\/2018<\/a><\/td>\n<td>Ground Workers Naughty<\/td>\n<td>H<\/td>\n<td>20180523<\/td>\n<td><a title=\"visa data f\u00f6r S57940\/2009\">S57940\/2009<\/a><\/td>\n<td>Ground Workers Fabulous<\/td>\n<\/tr>\n<tr>\n<td><a title=\"visa data f\u00f6r SE39207\/2018\">SE39207\/2018<\/a><\/td>\n<td>Ground Workers Natty<\/td>\n<td>T<\/td>\n<td>20180523<\/td>\n<td><a title=\"visa data f\u00f6r S57940\/2009\">S57940\/2009<\/a><\/td>\n<td>Ground Workers Fabulous<\/td>\n<\/tr>\n<tr>\n<td><a title=\"visa data f\u00f6r SE39208\/2018\">SE39208\/2018<\/a><\/td>\n<td>Ground Workers Nimbus<\/td>\n<td>T<\/td>\n<td>20180523<\/td>\n<td><a title=\"visa data f\u00f6r S57940\/2009\">S57940\/2009<\/a><\/td>\n<td>Ground Workers Fabulous<\/td>\n<\/tr>\n<\/tbody>\n<\/table>\n<p><a title=\"Devil\" href=\"http:\/\/www.groundworkers.se\/?page_id=60\"><br \/>\n<\/a><\/p>\n","protected":false},"excerpt":{"rendered":"<p>E: SEUCH NOUCH DKUCH DE&amp;VDHCH LITCH J SEVCH KLCH DTKV-14 C.I.B FINJ(G)CH Ground Workers Fabulous &#8221;Mille&#8221; U: Ottercap You Tell Me &#8221;Tella&#8221; [&hellip;]<\/p>\n","protected":false},"author":2,"featured_media":0,"parent":10,"menu_order":0,"comment_status":"closed","ping_status":"closed","template":"full-width-page.php","meta":{"footnotes":""},"class_list":["post-2030","page","type-page","status-publish","hentry"],"_links":{"self":[{"href":"http:\/\/www.groundworkers.se\/index.php?rest_route=\/wp\/v2\/pages\/2030","targetHints":{"allow":["GET"]}}],"collection":[{"href":"http:\/\/www.groundworkers.se\/index.php?rest_route=\/wp\/v2\/pages"}],"about":[{"href":"http:\/\/www.groundworkers.se\/index.php?rest_route=\/wp\/v2\/types\/page"}],"author":[{"embeddable":true,"href":"http:\/\/www.groundworkers.se\/index.php?rest_route=\/wp\/v2\/users\/2"}],"replies":[{"embeddable":true,"href":"http:\/\/www.groundworkers.se\/index.php?rest_route=%2Fwp%2Fv2%2Fcomments&post=2030"}],"version-history":[{"count":7,"href":"http:\/\/www.groundworkers.se\/index.php?rest_route=\/wp\/v2\/pages\/2030\/revisions"}],"predecessor-version":[{"id":2044,"href":"http:\/\/www.groundworkers.se\/index.php?rest_route=\/wp\/v2\/pages\/2030\/revisions\/2044"}],"up":[{"embeddable":true,"href":"http:\/\/www.groundworkers.se\/index.php?rest_route=\/wp\/v2\/pages\/10"}],"wp:attachment":[{"href":"http:\/\/www.groundworkers.se\/index.php?rest_route=%2Fwp%2Fv2%2Fmedia&parent=2030"}],"curies":[{"name":"wp","href":"https:\/\/api.w.org\/{rel}","templated":true}]}}