{"id":2135,"date":"2020-10-04T10:54:57","date_gmt":"2020-10-04T08:54:57","guid":{"rendered":"http:\/\/www.groundworkers.se\/?page_id=2135"},"modified":"2025-12-17T18:05:39","modified_gmt":"2025-12-17T17:05:39","slug":"baddy","status":"publish","type":"page","link":"http:\/\/www.groundworkers.se\/?page_id=2135","title":{"rendered":"Baddy"},"content":{"rendered":"<p style=\"text-align: center;\"><a href=\"http:\/\/www.groundworkers.se\/wp-content\/uploads\/2023\/04\/118930618_10158451606204774_1779848875651144623_n.jpg\"><img loading=\"lazy\" decoding=\"async\" class=\"alignnone size-medium wp-image-2302 aligncenter\" src=\"http:\/\/www.groundworkers.se\/wp-content\/uploads\/2023\/04\/118930618_10158451606204774_1779848875651144623_n-300x194.jpg\" alt=\"\" width=\"300\" height=\"194\" srcset=\"http:\/\/www.groundworkers.se\/wp-content\/uploads\/2023\/04\/118930618_10158451606204774_1779848875651144623_n-300x194.jpg 300w, http:\/\/www.groundworkers.se\/wp-content\/uploads\/2023\/04\/118930618_10158451606204774_1779848875651144623_n-768x498.jpg 768w, http:\/\/www.groundworkers.se\/wp-content\/uploads\/2023\/04\/118930618_10158451606204774_1779848875651144623_n-100x65.jpg 100w, http:\/\/www.groundworkers.se\/wp-content\/uploads\/2023\/04\/118930618_10158451606204774_1779848875651144623_n-150x97.jpg 150w, http:\/\/www.groundworkers.se\/wp-content\/uploads\/2023\/04\/118930618_10158451606204774_1779848875651144623_n-200x130.jpg 200w, http:\/\/www.groundworkers.se\/wp-content\/uploads\/2023\/04\/118930618_10158451606204774_1779848875651144623_n-450x292.jpg 450w, http:\/\/www.groundworkers.se\/wp-content\/uploads\/2023\/04\/118930618_10158451606204774_1779848875651144623_n-600x389.jpg 600w, http:\/\/www.groundworkers.se\/wp-content\/uploads\/2023\/04\/118930618_10158451606204774_1779848875651144623_n-900x583.jpg 900w, http:\/\/www.groundworkers.se\/wp-content\/uploads\/2023\/04\/118930618_10158451606204774_1779848875651144623_n.jpg 960w\" sizes=\"auto, (max-width: 300px) 100vw, 300px\" \/><\/a><br \/>\nBaddy st\u00e5r fint, 4,5 m\u00e5nader<\/p>\n<p style=\"text-align: center;\"><a href=\"http:\/\/www.groundworkers.se\/wp-content\/uploads\/2021\/10\/BaddyMatteFaltprov.jpg\"><img loading=\"lazy\" decoding=\"async\" class=\"size-medium wp-image-2182 aligncenter\" src=\"http:\/\/www.groundworkers.se\/wp-content\/uploads\/2021\/10\/BaddyMatteFaltprov-300x200.jpg\" alt=\"\" width=\"300\" height=\"200\" srcset=\"http:\/\/www.groundworkers.se\/wp-content\/uploads\/2021\/10\/BaddyMatteFaltprov-300x200.jpg 300w, http:\/\/www.groundworkers.se\/wp-content\/uploads\/2021\/10\/BaddyMatteFaltprov-768x512.jpg 768w, http:\/\/www.groundworkers.se\/wp-content\/uploads\/2021\/10\/BaddyMatteFaltprov-100x67.jpg 100w, http:\/\/www.groundworkers.se\/wp-content\/uploads\/2021\/10\/BaddyMatteFaltprov-150x100.jpg 150w, http:\/\/www.groundworkers.se\/wp-content\/uploads\/2021\/10\/BaddyMatteFaltprov-200x133.jpg 200w, http:\/\/www.groundworkers.se\/wp-content\/uploads\/2021\/10\/BaddyMatteFaltprov-450x300.jpg 450w, http:\/\/www.groundworkers.se\/wp-content\/uploads\/2021\/10\/BaddyMatteFaltprov-600x400.jpg 600w, http:\/\/www.groundworkers.se\/wp-content\/uploads\/2021\/10\/BaddyMatteFaltprov-900x600.jpg 900w, http:\/\/www.groundworkers.se\/wp-content\/uploads\/2021\/10\/BaddyMatteFaltprov.jpg 960w\" sizes=\"auto, (max-width: 300px) 100vw, 300px\" \/><\/a><br \/>\nBaddy p\u00e5 f\u00e4ltprov 25\/9-21<\/p>\n<p style=\"text-align: center;\"><a href=\"http:\/\/www.groundworkers.se\/wp-content\/uploads\/2021\/10\/BaddyUstDanmark.jpg\"><img loading=\"lazy\" decoding=\"async\" class=\"alignnone size-medium wp-image-2183 aligncenter\" src=\"http:\/\/www.groundworkers.se\/wp-content\/uploads\/2021\/10\/BaddyUstDanmark-225x300.jpg\" alt=\"\" width=\"225\" height=\"300\" srcset=\"http:\/\/www.groundworkers.se\/wp-content\/uploads\/2021\/10\/BaddyUstDanmark-225x300.jpg 225w, http:\/\/www.groundworkers.se\/wp-content\/uploads\/2021\/10\/BaddyUstDanmark-100x133.jpg 100w, http:\/\/www.groundworkers.se\/wp-content\/uploads\/2021\/10\/BaddyUstDanmark-150x200.jpg 150w, http:\/\/www.groundworkers.se\/wp-content\/uploads\/2021\/10\/BaddyUstDanmark-200x267.jpg 200w, http:\/\/www.groundworkers.se\/wp-content\/uploads\/2021\/10\/BaddyUstDanmark-300x400.jpg 300w, http:\/\/www.groundworkers.se\/wp-content\/uploads\/2021\/10\/BaddyUstDanmark-450x600.jpg 450w, http:\/\/www.groundworkers.se\/wp-content\/uploads\/2021\/10\/BaddyUstDanmark-600x800.jpg 600w, http:\/\/www.groundworkers.se\/wp-content\/uploads\/2021\/10\/BaddyUstDanmark.jpg 720w\" sizes=\"auto, (max-width: 225px) 100vw, 225px\" \/><\/a><br \/>\nBaddy p\u00e5 utst\u00e4llning i DK 18\/9-21<\/p>\n<p><a href=\"http:\/\/www.groundworkers.se\/wp-content\/uploads\/2024\/06\/447822589_985683439880211_4492200775524772423_n.jpg\"><img loading=\"lazy\" decoding=\"async\" class=\"size-medium wp-image-2812 aligncenter\" src=\"http:\/\/www.groundworkers.se\/wp-content\/uploads\/2024\/06\/447822589_985683439880211_4492200775524772423_n-225x300.jpg\" alt=\"\" width=\"225\" height=\"300\" srcset=\"http:\/\/www.groundworkers.se\/wp-content\/uploads\/2024\/06\/447822589_985683439880211_4492200775524772423_n-225x300.jpg 225w, http:\/\/www.groundworkers.se\/wp-content\/uploads\/2024\/06\/447822589_985683439880211_4492200775524772423_n-768x1024.jpg 768w, http:\/\/www.groundworkers.se\/wp-content\/uploads\/2024\/06\/447822589_985683439880211_4492200775524772423_n-1152x1536.jpg 1152w, http:\/\/www.groundworkers.se\/wp-content\/uploads\/2024\/06\/447822589_985683439880211_4492200775524772423_n-1000x1333.jpg 1000w, http:\/\/www.groundworkers.se\/wp-content\/uploads\/2024\/06\/447822589_985683439880211_4492200775524772423_n-230x307.jpg 230w, http:\/\/www.groundworkers.se\/wp-content\/uploads\/2024\/06\/447822589_985683439880211_4492200775524772423_n-350x467.jpg 350w, http:\/\/www.groundworkers.se\/wp-content\/uploads\/2024\/06\/447822589_985683439880211_4492200775524772423_n-480x640.jpg 480w, http:\/\/www.groundworkers.se\/wp-content\/uploads\/2024\/06\/447822589_985683439880211_4492200775524772423_n.jpg 1170w\" sizes=\"auto, (max-width: 225px) 100vw, 225px\" \/><\/a><\/p>\n<p style=\"text-align: center;\"><strong><span style=\"font-size: 14pt;\">DKJCH DKUCH FIUCH KBHV2021 KBHJV2021 NOUCH NORDIC CH SEUCH SEVCH<br \/>\nBaddy In Token O<\/span><span style=\"font-size: 14pt;\">f<\/span><span style=\"font-size: 14pt;\"> Unicorn<\/span><\/strong><span style=\"font-size: 14pt;\"><br \/>\n<span style=\"font-size: 12pt;\">E:\u00a0Hard Catch Fleret Moravia\u00a0 U:\u00a0Lovka Z Ostasova<br \/>\nF\u00f6dd:\u00a02020-05-03<br \/>\nReg nr:\u00a0SE53107\/2020<br \/>\nStamtavla finns <a href=\"https:\/\/hundar.skk.se\/Avelsdata\/Flikar.aspx?sida=Hund_stamtavla&amp;id=3474458\">h\u00e4r<\/a><br \/>\nTestad: CLEAR OF SLEM<br \/>\nGenomg\u00e5tt BPH med skott.\u00a0<\/span><br \/>\n<\/span><\/p>\n<p style=\"text-align: center;\"><span style=\"font-size: 12pt;\">H\u00e4mtade lille Baddy i Tjeckien n\u00e4r han var 16 veckor gammal. En cool hanvalp som snabbt kom in i min flock h\u00e4r hemma. N\u00e4r Baddy varit h\u00e4r en vecka s\u00e5 jagade han kanin f\u00f6rsta g\u00e5ngen s\u00e5 hans intresse f\u00f6r jakt g\u00e5r inte att missa. Ser fram emot att f\u00e5 slipa denna underbara lilla \u00e4delsten fr\u00e5n Tjeckien.<\/span><\/p>\n<p style=\"text-align: center;\"><span style=\"font-size: 12pt;\">Baddy har varit en fr\u00f6jd att meritera, allt vi g\u00f6r tycker han \u00e4r kul.<\/span><br \/>\n<span style=\"font-size: 12pt;\">Det har ju g\u00e5tt bra ocks\u00e5.<\/span><br \/>\n<span style=\"font-size: 12pt;\">5\/6-21 Gick Baddy BPH med skott.<\/span><br \/>\n<span style=\"font-size: 12pt;\">19\/6-21 Startades Baddy p\u00e5 Grytanlagsprov efter endast tre tr\u00e4ningar. Resultat Kvalit\u00e9 1.<\/span><br \/>\n<span style=\"font-size: 12pt;\">18\/9-21 Blir Baddy BIR p\u00e5 DTKs utst\u00e4llnig i H\u00e5rlev.<br \/>\nNu har BaddyBacill tagit fyra juniorcert (och kan tituleras DKJCH) samt tre cert i Danmark s\u00e5 nu v\u00e4ntar vi med utst\u00e4llning d\u00e4r tills Baddy blivit tv\u00e5 \u00e5r.<br \/>\n25\/9-21 P\u00e5 Borderterriers\u00e4llskapets f\u00e4ltprov utanf\u00f6r G\u00e4rsn\u00e4s blev Baddy provets b\u00e4sta hund med 4 (h\u00f6gsta m\u00f6jliga) p\u00e5 alla moment vilket resulterade i 100po\u00e4ng! Hitintills enda bordern med full pott och andra n\u00e5gonsin att g\u00e5 till pris p\u00e5 f\u00e4ltprov. Oerh\u00f6rt stolt och glad \u00f6ver Baddys prestation.<br \/>\n16\/10 Gick Baddy godk\u00e4nt anlagsprov i viltsp\u00e5r. Han har inte tr\u00e4nat speciellt mycket men visste precis vad som skulle g\u00f6ras n\u00e4r vi kom ut till sp\u00e5rstarten s\u00e5 det var bara att h\u00e4nga med. S\u00e5 himla stolt \u00f6ver min lille &#8221;Bacill&#8221;.<br \/>\n31\/12-21 Blev han viltsp\u00e5rschampion efter tre raka 1:a pris<br \/>\n25\/6-23 Fick han sitt f\u00f6rsta Cacib i Danmark.<br \/>\nI skrivande stund har han tv\u00e5 Cacib i Danmark och ett i Norge.<\/span><\/p>\n","protected":false},"excerpt":{"rendered":"<p>Baddy st\u00e5r fint, 4,5 m\u00e5nader Baddy p\u00e5 f\u00e4ltprov 25\/9-21 Baddy p\u00e5 utst\u00e4llning i DK 18\/9-21 DKJCH DKUCH FIUCH KBHV2021 KBHJV2021 NOUCH NORDIC [&hellip;]<\/p>\n","protected":false},"author":2,"featured_media":0,"parent":6,"menu_order":0,"comment_status":"closed","ping_status":"closed","template":"","meta":{"footnotes":""},"class_list":["post-2135","page","type-page","status-publish","hentry"],"_links":{"self":[{"href":"http:\/\/www.groundworkers.se\/index.php?rest_route=\/wp\/v2\/pages\/2135","targetHints":{"allow":["GET"]}}],"collection":[{"href":"http:\/\/www.groundworkers.se\/index.php?rest_route=\/wp\/v2\/pages"}],"about":[{"href":"http:\/\/www.groundworkers.se\/index.php?rest_route=\/wp\/v2\/types\/page"}],"author":[{"embeddable":true,"href":"http:\/\/www.groundworkers.se\/index.php?rest_route=\/wp\/v2\/users\/2"}],"replies":[{"embeddable":true,"href":"http:\/\/www.groundworkers.se\/index.php?rest_route=%2Fwp%2Fv2%2Fcomments&post=2135"}],"version-history":[{"count":27,"href":"http:\/\/www.groundworkers.se\/index.php?rest_route=\/wp\/v2\/pages\/2135\/revisions"}],"predecessor-version":[{"id":3150,"href":"http:\/\/www.groundworkers.se\/index.php?rest_route=\/wp\/v2\/pages\/2135\/revisions\/3150"}],"up":[{"embeddable":true,"href":"http:\/\/www.groundworkers.se\/index.php?rest_route=\/wp\/v2\/pages\/6"}],"wp:attachment":[{"href":"http:\/\/www.groundworkers.se\/index.php?rest_route=%2Fwp%2Fv2%2Fmedia&parent=2135"}],"curies":[{"name":"wp","href":"https:\/\/api.w.org\/{rel}","templated":true}]}}