{"id":2209,"date":"2023-04-02T13:50:40","date_gmt":"2023-04-02T11:50:40","guid":{"rendered":"http:\/\/www.groundworkers.se\/?page_id=2209"},"modified":"2026-04-26T18:15:02","modified_gmt":"2026-04-26T16:15:02","slug":"tie","status":"publish","type":"page","link":"http:\/\/www.groundworkers.se\/?page_id=2209","title":{"rendered":"Tie"},"content":{"rendered":"\r\n\r\n\r\n\r\n\r\n\r\n\r\n<p class=\"has-small-font-size\" style=\"text-align: center;\"><a href=\"http:\/\/www.groundworkers.se\/wp-content\/uploads\/2024\/06\/447839772_7806492402765116_78213298411527371_n.jpg\"><img loading=\"lazy\" decoding=\"async\" class=\"alignnone wp-image-2845 size-medium\" src=\"http:\/\/www.groundworkers.se\/wp-content\/uploads\/2024\/06\/447839772_7806492402765116_78213298411527371_n-225x300.jpg\" alt=\"\" width=\"225\" height=\"300\" srcset=\"http:\/\/www.groundworkers.se\/wp-content\/uploads\/2024\/06\/447839772_7806492402765116_78213298411527371_n-225x300.jpg 225w, http:\/\/www.groundworkers.se\/wp-content\/uploads\/2024\/06\/447839772_7806492402765116_78213298411527371_n-768x1024.jpg 768w, http:\/\/www.groundworkers.se\/wp-content\/uploads\/2024\/06\/447839772_7806492402765116_78213298411527371_n-1152x1536.jpg 1152w, http:\/\/www.groundworkers.se\/wp-content\/uploads\/2024\/06\/447839772_7806492402765116_78213298411527371_n-1000x1333.jpg 1000w, http:\/\/www.groundworkers.se\/wp-content\/uploads\/2024\/06\/447839772_7806492402765116_78213298411527371_n-230x307.jpg 230w, http:\/\/www.groundworkers.se\/wp-content\/uploads\/2024\/06\/447839772_7806492402765116_78213298411527371_n-350x467.jpg 350w, http:\/\/www.groundworkers.se\/wp-content\/uploads\/2024\/06\/447839772_7806492402765116_78213298411527371_n-480x640.jpg 480w, http:\/\/www.groundworkers.se\/wp-content\/uploads\/2024\/06\/447839772_7806492402765116_78213298411527371_n.jpg 1500w\" sizes=\"auto, (max-width: 225px) 100vw, 225px\" \/><\/a><br \/>Tie och matte Lina i v\u00e4ntan p\u00e5 att f\u00e5 starta p\u00e5 rallylydnadst\u00e4vling<br \/><a href=\"http:\/\/www.groundworkers.se\/wp-content\/uploads\/2024\/06\/433708917_1737552993394878_2716736688727513888_n.jpg\"><img loading=\"lazy\" decoding=\"async\" class=\"alignnone wp-image-2844 size-medium\" src=\"http:\/\/www.groundworkers.se\/wp-content\/uploads\/2024\/06\/433708917_1737552993394878_2716736688727513888_n-225x300.jpg\" alt=\"\" width=\"225\" height=\"300\" srcset=\"http:\/\/www.groundworkers.se\/wp-content\/uploads\/2024\/06\/433708917_1737552993394878_2716736688727513888_n-225x300.jpg 225w, http:\/\/www.groundworkers.se\/wp-content\/uploads\/2024\/06\/433708917_1737552993394878_2716736688727513888_n-768x1024.jpg 768w, http:\/\/www.groundworkers.se\/wp-content\/uploads\/2024\/06\/433708917_1737552993394878_2716736688727513888_n-1152x1536.jpg 1152w, http:\/\/www.groundworkers.se\/wp-content\/uploads\/2024\/06\/433708917_1737552993394878_2716736688727513888_n-1000x1333.jpg 1000w, http:\/\/www.groundworkers.se\/wp-content\/uploads\/2024\/06\/433708917_1737552993394878_2716736688727513888_n-230x307.jpg 230w, http:\/\/www.groundworkers.se\/wp-content\/uploads\/2024\/06\/433708917_1737552993394878_2716736688727513888_n-350x467.jpg 350w, http:\/\/www.groundworkers.se\/wp-content\/uploads\/2024\/06\/433708917_1737552993394878_2716736688727513888_n-480x640.jpg 480w, http:\/\/www.groundworkers.se\/wp-content\/uploads\/2024\/06\/433708917_1737552993394878_2716736688727513888_n.jpg 1536w\" sizes=\"auto, (max-width: 225px) 100vw, 225px\" \/><\/a><br \/>Viltsp\u00e5r \u00e4r v\u00e4ldigt skoj och Tie \u00e4r champion i Sverige, Danmark och Norge \ud83d\ude42<br \/><a href=\"http:\/\/www.groundworkers.se\/wp-content\/uploads\/2024\/12\/IMG_9030-1-scaled.jpg\"><img loading=\"lazy\" decoding=\"async\" class=\"alignnone wp-image-2961 size-medium\" src=\"http:\/\/www.groundworkers.se\/wp-content\/uploads\/2024\/12\/IMG_9030-1-300x194.jpg\" alt=\"\" width=\"300\" height=\"194\" srcset=\"http:\/\/www.groundworkers.se\/wp-content\/uploads\/2024\/12\/IMG_9030-1-300x194.jpg 300w, http:\/\/www.groundworkers.se\/wp-content\/uploads\/2024\/12\/IMG_9030-1-1024x663.jpg 1024w, http:\/\/www.groundworkers.se\/wp-content\/uploads\/2024\/12\/IMG_9030-1-768x498.jpg 768w, http:\/\/www.groundworkers.se\/wp-content\/uploads\/2024\/12\/IMG_9030-1-1536x995.jpg 1536w, http:\/\/www.groundworkers.se\/wp-content\/uploads\/2024\/12\/IMG_9030-1-2048x1327.jpg 2048w, http:\/\/www.groundworkers.se\/wp-content\/uploads\/2024\/12\/IMG_9030-1-1000x648.jpg 1000w, http:\/\/www.groundworkers.se\/wp-content\/uploads\/2024\/12\/IMG_9030-1-230x149.jpg 230w, http:\/\/www.groundworkers.se\/wp-content\/uploads\/2024\/12\/IMG_9030-1-350x227.jpg 350w, http:\/\/www.groundworkers.se\/wp-content\/uploads\/2024\/12\/IMG_9030-1-480x311.jpg 480w\" sizes=\"auto, (max-width: 300px) 100vw, 300px\" \/><\/a><br \/>Tie snart 3 \u00e5r<\/p>\r\n\r\n\r\n\r\n<p style=\"text-align: center;\"><span style=\"font-size: 14pt;\"><strong>NORDVCH RLDF RLDN Ground Workers Terrific<\/strong><\/span><br \/>E:\u00a0Baddy In Token Of Unicorn\u00a0 U:\u00a0Ottercap You Tell Me<br \/>F\u00f6dd:\u00a02022-03-26<br \/>Reg nr: SE24486\/2022<br \/>Stamtavla finns <a href=\"https:\/\/hundar.skk.se\/Avelsdata\/Flikar.aspx?sida=Hund_stamtavla&amp;id=3600075\">h\u00e4r<\/a>\u00a0 \u00a0\u00a0<br \/>CLEAR OF SLEM by parents<br \/>Genomf\u00f6rt BPH m. skott<br \/>Bor hos Lina<\/p>\r\n\r\n\r\n\r\n<p style=\"text-align: center;\">\u00a0<\/p>\r\n\r\n\r\n\r\n<p style=\"text-align: center;\">Tie \u00e4r en levnadsglad liten hund, som tycker att det mesta i livet \u00e4r kul. Hon har en fin av\/p\u00e5-knapp och \u00e4r l\u00e4tt att leva med.<br \/>Viltsp\u00e5r \u00e4r n\u00e5got hon tycker v\u00e4ldigt mycket om och den 19\/3-22 gick vi hem ett godk\u00e4nt anlagsprov med kommentaren: &#8221;Vad skriver man n\u00e4r det bara \u00e4r helt klockrent?&#8221;<br \/>Blev viltsp\u00e5rschampion den 24\/5-23<br \/>Blev andra b\u00e4sta viltsp\u00e5rsborder 2023, endast 2 po\u00e4ng efter hunden p\u00e5 f\u00f6rstaplatsen!<br \/>Hon lyckades \u00e4ven bli femte b\u00e4sta viltsp\u00e5rsterrier 2023. F\u00f6rsta hunden fr\u00e5n kennel, f\u00f6rsta borderterriern p\u00e5 listan sedan 2016 samt sj\u00e4tte borderterriern n\u00e5gonsin \ud83d\ude00<br \/>Den 12\/5-24 \u00e5kte vi \u00f6ver sundet och h\u00e4mtade hem ett danskt viltsp\u00e5rschampionat, med otroligt fint ber\u00f6m. Blev \u00e4ven provets b\u00e4sta hund!<br \/>Kvalade till Svenska Terrierklubbens viltsp\u00e5rs-SM 2024 och slutade upp p\u00e5 en femteplats \ud83d\ude00 <br \/>24\/8-25 tog vi en tripp till Norge och sp\u00e5rade hem ett tredje och fj\u00e4rde sp\u00e5rchampionat. Som att det inte r\u00e4ckte s\u00e5 blev hon fj\u00e4rde b\u00e4sta hund av 19 startande!<br \/>I skrivande stund har hon elva 1a pris i \u00f6ppenklass i Sverige, ett i Danmark och ett i Norge.<\/p>\r\n<p style=\"text-align: center;\">Hon blev \u00c5rets Viltsp\u00e5rsborder 2024 och \u00e4r d\u00e4r med kvalad till SvTeKs viltsp\u00e5r-SM 2025\ud83c\udf1f<\/p>\r\n<p style=\"text-align: center;\"><br \/>Gick en rallylydnadskurs f\u00f6r nyb\u00f6rjare under h\u00f6sten 2023 och Tie gjorde det med bravur. Vi startade d\u00e4refter p\u00e5 en inofficiell t\u00e4vling d\u00e4r vi vann med 99\/100 po\u00e4ng! Efter det s\u00e5 har vi startat n\u00e5gra g\u00e5nger officiellt med resultaten 87p\/100p\/97p och d\u00e4rmed kan hon l\u00e4gga till RLD N till sitt namn. Vi har \u00e4ven t\u00e4vlat n\u00e5gra g\u00e5nger i forts\u00e4ttningsklass med blandade resultat men vi har \u00e4nd\u00e5 lyckats knipa RLD F.<\/p>\r\n\r\n\r\n\r\n<p style=\"text-align: center;\">20\/8-22 st\u00e4lldes hon p\u00e5 Sk\u00e5nebordern och blev BIR-valp<br \/>25\/2-23 blev hon BIM-junior p\u00e5 Nordsk\u00e5nska Kennelklubbens valp, junior &amp; veteranutst\u00e4llning<br \/>St\u00e4lldes i Danmark den 2\/3-24 och slutade upp som 3a b\u00e4sta tik med reserv-cert.<br \/>Den 21\/4-24 st\u00e4lldes hon i Norge av Maria och blev 3a b\u00e4sta tik med reserv-cacib.<br \/>En tripp till Danmark den 5\/7-24 ledde till hennes f\u00f6rsta cert och hon slutade upp som BIM.<br \/>Den 26\/7-26 slog Tie p\u00e5 stort med att bli BIR p\u00e5 utst\u00e4llningen i Ronneby och fick d\u00e4rmed sitt f\u00f6rsta svenska cert!\ud83c\uddf8\ud83c\uddea<br \/><br \/>Startade p\u00e5 grytanlagsprov den 15\/6-24 med kvalit\u00e9 1. <br \/>Vi har blivit inbjudna p\u00e5 n\u00e5gra jakter nu och vi kan stolt bocka i att hon driver med skall!\ud83c\udf1f<\/p>\r\n<p>&nbsp;<\/p>\r\n<p style=\"text-align: center;\">Under v\u00e5ren 2025 blev hon mamma till Z-kullen och \u00e4r numer Linas hund.<\/p>\r\n<p>&nbsp;<\/p>\r\n","protected":false},"excerpt":{"rendered":"<p>Tie och matte Lina i v\u00e4ntan p\u00e5 att f\u00e5 starta p\u00e5 rallylydnadst\u00e4vlingViltsp\u00e5r \u00e4r v\u00e4ldigt skoj och Tie \u00e4r champion i Sverige, Danmark [&hellip;]<\/p>\n","protected":false},"author":2,"featured_media":0,"parent":6,"menu_order":0,"comment_status":"closed","ping_status":"closed","template":"","meta":{"footnotes":""},"class_list":["post-2209","page","type-page","status-publish","hentry"],"_links":{"self":[{"href":"http:\/\/www.groundworkers.se\/index.php?rest_route=\/wp\/v2\/pages\/2209","targetHints":{"allow":["GET"]}}],"collection":[{"href":"http:\/\/www.groundworkers.se\/index.php?rest_route=\/wp\/v2\/pages"}],"about":[{"href":"http:\/\/www.groundworkers.se\/index.php?rest_route=\/wp\/v2\/types\/page"}],"author":[{"embeddable":true,"href":"http:\/\/www.groundworkers.se\/index.php?rest_route=\/wp\/v2\/users\/2"}],"replies":[{"embeddable":true,"href":"http:\/\/www.groundworkers.se\/index.php?rest_route=%2Fwp%2Fv2%2Fcomments&post=2209"}],"version-history":[{"count":87,"href":"http:\/\/www.groundworkers.se\/index.php?rest_route=\/wp\/v2\/pages\/2209\/revisions"}],"predecessor-version":[{"id":3206,"href":"http:\/\/www.groundworkers.se\/index.php?rest_route=\/wp\/v2\/pages\/2209\/revisions\/3206"}],"up":[{"embeddable":true,"href":"http:\/\/www.groundworkers.se\/index.php?rest_route=\/wp\/v2\/pages\/6"}],"wp:attachment":[{"href":"http:\/\/www.groundworkers.se\/index.php?rest_route=%2Fwp%2Fv2%2Fmedia&parent=2209"}],"curies":[{"name":"wp","href":"https:\/\/api.w.org\/{rel}","templated":true}]}}