{"id":2212,"date":"2023-04-02T13:59:13","date_gmt":"2023-04-02T11:59:13","guid":{"rendered":"http:\/\/www.groundworkers.se\/?page_id=2212"},"modified":"2026-03-25T06:47:28","modified_gmt":"2026-03-25T05:47:28","slug":"odett","status":"publish","type":"page","link":"http:\/\/www.groundworkers.se\/?page_id=2212","title":{"rendered":"Odett"},"content":{"rendered":"\r\n<figure class=\"wp-block-image size-large is-resized\"><a href=\"http:\/\/www.groundworkers.se\/wp-content\/uploads\/2023\/04\/310377674_10159901782539774_6453901156843843116_n.jpg\"><img loading=\"lazy\" decoding=\"async\" class=\"alignnone size-medium wp-image-2296\" src=\"http:\/\/www.groundworkers.se\/wp-content\/uploads\/2023\/04\/310377674_10159901782539774_6453901156843843116_n-300x190.jpg\" alt=\"\" width=\"300\" height=\"190\" srcset=\"http:\/\/www.groundworkers.se\/wp-content\/uploads\/2023\/04\/310377674_10159901782539774_6453901156843843116_n-300x190.jpg 300w, http:\/\/www.groundworkers.se\/wp-content\/uploads\/2023\/04\/310377674_10159901782539774_6453901156843843116_n-1024x648.jpg 1024w, http:\/\/www.groundworkers.se\/wp-content\/uploads\/2023\/04\/310377674_10159901782539774_6453901156843843116_n-768x486.jpg 768w, http:\/\/www.groundworkers.se\/wp-content\/uploads\/2023\/04\/310377674_10159901782539774_6453901156843843116_n-1536x971.jpg 1536w, http:\/\/www.groundworkers.se\/wp-content\/uploads\/2023\/04\/310377674_10159901782539774_6453901156843843116_n-100x63.jpg 100w, http:\/\/www.groundworkers.se\/wp-content\/uploads\/2023\/04\/310377674_10159901782539774_6453901156843843116_n-150x95.jpg 150w, http:\/\/www.groundworkers.se\/wp-content\/uploads\/2023\/04\/310377674_10159901782539774_6453901156843843116_n-200x126.jpg 200w, http:\/\/www.groundworkers.se\/wp-content\/uploads\/2023\/04\/310377674_10159901782539774_6453901156843843116_n-450x285.jpg 450w, http:\/\/www.groundworkers.se\/wp-content\/uploads\/2023\/04\/310377674_10159901782539774_6453901156843843116_n-600x379.jpg 600w, http:\/\/www.groundworkers.se\/wp-content\/uploads\/2023\/04\/310377674_10159901782539774_6453901156843843116_n-900x569.jpg 900w, http:\/\/www.groundworkers.se\/wp-content\/uploads\/2023\/04\/310377674_10159901782539774_6453901156843843116_n.jpg 2048w\" sizes=\"auto, (max-width: 300px) 100vw, 300px\" \/><\/a><br \/>Odett 4 m\u00e5nader<\/figure>\r\n<figure class=\"wp-block-image size-large is-resized\"><a href=\"http:\/\/www.groundworkers.se\/wp-content\/uploads\/2023\/04\/334436418_107934845577117_3696674608713230966_n.jpg\"><img loading=\"lazy\" decoding=\"async\" class=\"alignnone size-medium wp-image-2309\" src=\"http:\/\/www.groundworkers.se\/wp-content\/uploads\/2023\/04\/334436418_107934845577117_3696674608713230966_n-225x300.jpg\" alt=\"\" width=\"225\" height=\"300\" srcset=\"http:\/\/www.groundworkers.se\/wp-content\/uploads\/2023\/04\/334436418_107934845577117_3696674608713230966_n-225x300.jpg 225w, http:\/\/www.groundworkers.se\/wp-content\/uploads\/2023\/04\/334436418_107934845577117_3696674608713230966_n-768x1024.jpg 768w, http:\/\/www.groundworkers.se\/wp-content\/uploads\/2023\/04\/334436418_107934845577117_3696674608713230966_n-1152x1536.jpg 1152w, http:\/\/www.groundworkers.se\/wp-content\/uploads\/2023\/04\/334436418_107934845577117_3696674608713230966_n-100x133.jpg 100w, http:\/\/www.groundworkers.se\/wp-content\/uploads\/2023\/04\/334436418_107934845577117_3696674608713230966_n-150x200.jpg 150w, http:\/\/www.groundworkers.se\/wp-content\/uploads\/2023\/04\/334436418_107934845577117_3696674608713230966_n-200x267.jpg 200w, http:\/\/www.groundworkers.se\/wp-content\/uploads\/2023\/04\/334436418_107934845577117_3696674608713230966_n-300x400.jpg 300w, http:\/\/www.groundworkers.se\/wp-content\/uploads\/2023\/04\/334436418_107934845577117_3696674608713230966_n-450x600.jpg 450w, http:\/\/www.groundworkers.se\/wp-content\/uploads\/2023\/04\/334436418_107934845577117_3696674608713230966_n-600x800.jpg 600w, http:\/\/www.groundworkers.se\/wp-content\/uploads\/2023\/04\/334436418_107934845577117_3696674608713230966_n-900x1200.jpg 900w, http:\/\/www.groundworkers.se\/wp-content\/uploads\/2023\/04\/334436418_107934845577117_3696674608713230966_n.jpg 1536w\" sizes=\"auto, (max-width: 225px) 100vw, 225px\" \/><\/a><br \/>Odett 10 m\u00e5nader med en skank<\/figure>\r\n<figure class=\"wp-block-image size-large is-resized\"><a href=\"http:\/\/www.groundworkers.se\/wp-content\/uploads\/2024\/01\/382843301_10160700060219774_4304858617933169495_n-1.jpg\"><img loading=\"lazy\" decoding=\"async\" class=\"alignnone size-medium wp-image-2434\" src=\"http:\/\/www.groundworkers.se\/wp-content\/uploads\/2024\/01\/382843301_10160700060219774_4304858617933169495_n-1-254x300.jpg\" alt=\"\" width=\"254\" height=\"300\" srcset=\"http:\/\/www.groundworkers.se\/wp-content\/uploads\/2024\/01\/382843301_10160700060219774_4304858617933169495_n-1-254x300.jpg 254w, http:\/\/www.groundworkers.se\/wp-content\/uploads\/2024\/01\/382843301_10160700060219774_4304858617933169495_n-1-867x1024.jpg 867w, http:\/\/www.groundworkers.se\/wp-content\/uploads\/2024\/01\/382843301_10160700060219774_4304858617933169495_n-1-768x907.jpg 768w, http:\/\/www.groundworkers.se\/wp-content\/uploads\/2024\/01\/382843301_10160700060219774_4304858617933169495_n-1-1301x1536.jpg 1301w, http:\/\/www.groundworkers.se\/wp-content\/uploads\/2024\/01\/382843301_10160700060219774_4304858617933169495_n-1-1000x1181.jpg 1000w, http:\/\/www.groundworkers.se\/wp-content\/uploads\/2024\/01\/382843301_10160700060219774_4304858617933169495_n-1-230x272.jpg 230w, http:\/\/www.groundworkers.se\/wp-content\/uploads\/2024\/01\/382843301_10160700060219774_4304858617933169495_n-1-350x413.jpg 350w, http:\/\/www.groundworkers.se\/wp-content\/uploads\/2024\/01\/382843301_10160700060219774_4304858617933169495_n-1-480x567.jpg 480w, http:\/\/www.groundworkers.se\/wp-content\/uploads\/2024\/01\/382843301_10160700060219774_4304858617933169495_n-1.jpg 1734w\" sizes=\"auto, (max-width: 254px) 100vw, 254px\" \/><\/a><br \/>Duktig Odett och lycklig matte efter godk\u00e4nt grytanlagsprov<\/figure>\r\n<figure class=\"wp-block-image size-large is-resized\"><a href=\"http:\/\/www.groundworkers.se\/wp-content\/uploads\/2024\/06\/416148618_272307738999461_2894815348461132461_n.jpg\"><img loading=\"lazy\" decoding=\"async\" class=\"alignnone size-medium wp-image-2814\" src=\"http:\/\/www.groundworkers.se\/wp-content\/uploads\/2024\/06\/416148618_272307738999461_2894815348461132461_n-225x300.jpg\" alt=\"\" width=\"225\" height=\"300\" srcset=\"http:\/\/www.groundworkers.se\/wp-content\/uploads\/2024\/06\/416148618_272307738999461_2894815348461132461_n-225x300.jpg 225w, http:\/\/www.groundworkers.se\/wp-content\/uploads\/2024\/06\/416148618_272307738999461_2894815348461132461_n-768x1024.jpg 768w, http:\/\/www.groundworkers.se\/wp-content\/uploads\/2024\/06\/416148618_272307738999461_2894815348461132461_n-1152x1536.jpg 1152w, http:\/\/www.groundworkers.se\/wp-content\/uploads\/2024\/06\/416148618_272307738999461_2894815348461132461_n-1000x1333.jpg 1000w, http:\/\/www.groundworkers.se\/wp-content\/uploads\/2024\/06\/416148618_272307738999461_2894815348461132461_n-230x307.jpg 230w, http:\/\/www.groundworkers.se\/wp-content\/uploads\/2024\/06\/416148618_272307738999461_2894815348461132461_n-350x467.jpg 350w, http:\/\/www.groundworkers.se\/wp-content\/uploads\/2024\/06\/416148618_272307738999461_2894815348461132461_n-480x640.jpg 480w, http:\/\/www.groundworkers.se\/wp-content\/uploads\/2024\/06\/416148618_272307738999461_2894815348461132461_n.jpg 1170w\" sizes=\"auto, (max-width: 225px) 100vw, 225px\" \/><\/a> \u00a0 \u00a0<a href=\"http:\/\/www.groundworkers.se\/wp-content\/uploads\/2024\/06\/441946191_1649922522504393_5854397013873536800_n.jpg\"><img loading=\"lazy\" decoding=\"async\" class=\"alignnone size-medium wp-image-2815\" src=\"http:\/\/www.groundworkers.se\/wp-content\/uploads\/2024\/06\/441946191_1649922522504393_5854397013873536800_n-290x300.jpg\" alt=\"\" width=\"290\" height=\"300\" srcset=\"http:\/\/www.groundworkers.se\/wp-content\/uploads\/2024\/06\/441946191_1649922522504393_5854397013873536800_n-290x300.jpg 290w, http:\/\/www.groundworkers.se\/wp-content\/uploads\/2024\/06\/441946191_1649922522504393_5854397013873536800_n-991x1024.jpg 991w, http:\/\/www.groundworkers.se\/wp-content\/uploads\/2024\/06\/441946191_1649922522504393_5854397013873536800_n-768x794.jpg 768w, http:\/\/www.groundworkers.se\/wp-content\/uploads\/2024\/06\/441946191_1649922522504393_5854397013873536800_n-1000x1033.jpg 1000w, http:\/\/www.groundworkers.se\/wp-content\/uploads\/2024\/06\/441946191_1649922522504393_5854397013873536800_n-230x238.jpg 230w, http:\/\/www.groundworkers.se\/wp-content\/uploads\/2024\/06\/441946191_1649922522504393_5854397013873536800_n-350x362.jpg 350w, http:\/\/www.groundworkers.se\/wp-content\/uploads\/2024\/06\/441946191_1649922522504393_5854397013873536800_n-480x496.jpg 480w, http:\/\/www.groundworkers.se\/wp-content\/uploads\/2024\/06\/441946191_1649922522504393_5854397013873536800_n.jpg 1170w\" sizes=\"auto, (max-width: 290px) 100vw, 290px\" \/><\/a><br \/><a href=\"http:\/\/www.groundworkers.se\/wp-content\/uploads\/2024\/11\/IMG_2397.jpeg\"><img loading=\"lazy\" decoding=\"async\" class=\"alignnone size-medium wp-image-2936\" src=\"http:\/\/www.groundworkers.se\/wp-content\/uploads\/2024\/11\/IMG_2397-225x300.jpeg\" alt=\"\" width=\"225\" height=\"300\" srcset=\"http:\/\/www.groundworkers.se\/wp-content\/uploads\/2024\/11\/IMG_2397-225x300.jpeg 225w, http:\/\/www.groundworkers.se\/wp-content\/uploads\/2024\/11\/IMG_2397-230x307.jpeg 230w, http:\/\/www.groundworkers.se\/wp-content\/uploads\/2024\/11\/IMG_2397-350x467.jpeg 350w, http:\/\/www.groundworkers.se\/wp-content\/uploads\/2024\/11\/IMG_2397-480x640.jpeg 480w, http:\/\/www.groundworkers.se\/wp-content\/uploads\/2024\/11\/IMG_2397.jpeg 768w\" sizes=\"auto, (max-width: 225px) 100vw, 225px\" \/><\/a><\/figure>\r\n\r\n\r\n\r\n\r\n\r\n\r\n\r\n\r\n\r\n<p><span style=\"font-size: 14pt;\"><strong>SE J(G)CH SEVCH Odett Od Paplov\u00e9 Cesty<\/strong><\/span><br \/>E:\u00a0Wayne Fleret Moravia\u00a0 U:\u00a0Lara Od Paplov\u00e9 Cesty<br \/>F\u00f6dd:\u00a02022-06-02<br \/>Reg nr: SE60659\/2022<br \/>Stamtavla finns <a href=\"https:\/\/hundar.skk.se\/Avelsdata\/Flikar.aspx?sida=Hund_stamtavla&amp;id=3656927\">h\u00e4r<\/a>\u00a0\u00a0<br \/>CLEAR OF SLEM by parents<br \/>Genomf\u00f6rt BPH m. skott<\/p>\r\n<p>Gick godk\u00e4nt anlagsprov i viltsp\u00e5r vid 1 \u00e5rs \u00e5lder och blev viltsp\u00e5rschampion 14\/10-23<br \/>St\u00e4lldes i Tomelilla den 17\/9 och fick excellent med CK.<br \/>Den 24\/9-23 startades hon p\u00e5 grytanlagsprov och bel\u00f6nades med Kvalit\u00e9 1<br \/>Odett har under sin f\u00f6rsta jakts\u00e4song drivit gris och hjort med skall samt jagat r\u00e4v vid grytjakt<br \/>Den 3\/2-24 startade hon p\u00e5 ett grytjaktprov p\u00e5 r\u00e4v och fick ett f\u00f6rstapris \ud83d\ude00<br \/>Den 9\/11-24 startade hon p\u00e5 \u00e4nnu ett grytjaktprov men denna g\u00e5ngen p\u00e5 gr\u00e4vling och f\u00f6reslagen ett 1a pris.<\/p>\r\n","protected":false},"excerpt":{"rendered":"<p>SE J(G)CH SEVCH Odett Od Paplov\u00e9 CestyE:\u00a0Wayne Fleret Moravia\u00a0 U:\u00a0Lara Od Paplov\u00e9 CestyF\u00f6dd:\u00a02022-06-02Reg nr: SE60659\/2022Stamtavla finns h\u00e4r\u00a0\u00a0CLEAR OF SLEM by parentsGenomf\u00f6rt BPH [&hellip;]<\/p>\n","protected":false},"author":2,"featured_media":0,"parent":6,"menu_order":0,"comment_status":"closed","ping_status":"closed","template":"","meta":{"footnotes":""},"class_list":["post-2212","page","type-page","status-publish","hentry"],"_links":{"self":[{"href":"http:\/\/www.groundworkers.se\/index.php?rest_route=\/wp\/v2\/pages\/2212","targetHints":{"allow":["GET"]}}],"collection":[{"href":"http:\/\/www.groundworkers.se\/index.php?rest_route=\/wp\/v2\/pages"}],"about":[{"href":"http:\/\/www.groundworkers.se\/index.php?rest_route=\/wp\/v2\/types\/page"}],"author":[{"embeddable":true,"href":"http:\/\/www.groundworkers.se\/index.php?rest_route=\/wp\/v2\/users\/2"}],"replies":[{"embeddable":true,"href":"http:\/\/www.groundworkers.se\/index.php?rest_route=%2Fwp%2Fv2%2Fcomments&post=2212"}],"version-history":[{"count":27,"href":"http:\/\/www.groundworkers.se\/index.php?rest_route=\/wp\/v2\/pages\/2212\/revisions"}],"predecessor-version":[{"id":3201,"href":"http:\/\/www.groundworkers.se\/index.php?rest_route=\/wp\/v2\/pages\/2212\/revisions\/3201"}],"up":[{"embeddable":true,"href":"http:\/\/www.groundworkers.se\/index.php?rest_route=\/wp\/v2\/pages\/6"}],"wp:attachment":[{"href":"http:\/\/www.groundworkers.se\/index.php?rest_route=%2Fwp%2Fv2%2Fmedia&parent=2212"}],"curies":[{"name":"wp","href":"https:\/\/api.w.org\/{rel}","templated":true}]}}