{"id":2492,"date":"2024-01-23T17:58:53","date_gmt":"2024-01-23T16:58:53","guid":{"rendered":"https:\/\/www.groundworkers.se\/?page_id=2492"},"modified":"2026-01-12T17:42:55","modified_gmt":"2026-01-12T16:42:55","slug":"avelshanar","status":"publish","type":"page","link":"http:\/\/www.groundworkers.se\/?page_id=2492","title":{"rendered":"Hanar fr\u00e5n kenneln tillg\u00e4ngliga f\u00f6r avel"},"content":{"rendered":"<p style=\"text-align: center;\"><a href=\"https:\/\/www.groundworkers.se\/?page_id=3170\"><strong>&#8221;Dumle&#8221;<\/strong><\/a><br \/>\n<strong>Ground Workers Xpect<\/strong><\/p>\n<p>&nbsp;<\/p>\n<p style=\"text-align: center;\"><a href=\"http:\/\/www.groundworkers.se\/wp-content\/uploads\/2024\/01\/421281173_924835845654100_8548714033195037064_n-scaled.jpg\"><img loading=\"lazy\" decoding=\"async\" class=\"alignnone wp-image-2532 size-medium\" src=\"http:\/\/www.groundworkers.se\/wp-content\/uploads\/2024\/01\/421281173_924835845654100_8548714033195037064_n-scaled-e1706097480579-252x300.jpg\" alt=\"\" width=\"252\" height=\"300\" srcset=\"http:\/\/www.groundworkers.se\/wp-content\/uploads\/2024\/01\/421281173_924835845654100_8548714033195037064_n-scaled-e1706097480579-252x300.jpg 252w, http:\/\/www.groundworkers.se\/wp-content\/uploads\/2024\/01\/421281173_924835845654100_8548714033195037064_n-scaled-e1706097480579-859x1024.jpg 859w, http:\/\/www.groundworkers.se\/wp-content\/uploads\/2024\/01\/421281173_924835845654100_8548714033195037064_n-scaled-e1706097480579-768x916.jpg 768w, http:\/\/www.groundworkers.se\/wp-content\/uploads\/2024\/01\/421281173_924835845654100_8548714033195037064_n-scaled-e1706097480579-230x274.jpg 230w, http:\/\/www.groundworkers.se\/wp-content\/uploads\/2024\/01\/421281173_924835845654100_8548714033195037064_n-scaled-e1706097480579-350x417.jpg 350w, http:\/\/www.groundworkers.se\/wp-content\/uploads\/2024\/01\/421281173_924835845654100_8548714033195037064_n-scaled-e1706097480579-480x573.jpg 480w, http:\/\/www.groundworkers.se\/wp-content\/uploads\/2024\/01\/421281173_924835845654100_8548714033195037064_n-scaled-e1706097480579.jpg 908w\" sizes=\"auto, (max-width: 252px) 100vw, 252px\" \/><\/a><\/p>\n<p style=\"text-align: center;\"><a href=\"https:\/\/www.groundworkers.se\/?page_id=2494\"><strong>&#8221;Helge&#8221;<\/strong><\/a><br \/>\n<strong>CHANTV24 DKUCH HCAV24 SEVCH Ground Workers Unstoppable<\/strong><\/p>\n<p>&nbsp;<\/p>\n<p style=\"text-align: center;\"><a href=\"http:\/\/www.groundworkers.se\/wp-content\/uploads\/2024\/02\/IMG_6720-scaled-e1708793865828.jpg\"><img loading=\"lazy\" decoding=\"async\" class=\"alignnone size-medium wp-image-2743\" src=\"http:\/\/www.groundworkers.se\/wp-content\/uploads\/2024\/02\/IMG_6720-scaled-e1708793865828-273x300.jpg\" alt=\"\" width=\"273\" height=\"300\" srcset=\"http:\/\/www.groundworkers.se\/wp-content\/uploads\/2024\/02\/IMG_6720-scaled-e1708793865828-273x300.jpg 273w, http:\/\/www.groundworkers.se\/wp-content\/uploads\/2024\/02\/IMG_6720-scaled-e1708793865828-932x1024.jpg 932w, http:\/\/www.groundworkers.se\/wp-content\/uploads\/2024\/02\/IMG_6720-scaled-e1708793865828-768x844.jpg 768w, http:\/\/www.groundworkers.se\/wp-content\/uploads\/2024\/02\/IMG_6720-scaled-e1708793865828-1000x1099.jpg 1000w, http:\/\/www.groundworkers.se\/wp-content\/uploads\/2024\/02\/IMG_6720-scaled-e1708793865828-230x253.jpg 230w, http:\/\/www.groundworkers.se\/wp-content\/uploads\/2024\/02\/IMG_6720-scaled-e1708793865828-350x385.jpg 350w, http:\/\/www.groundworkers.se\/wp-content\/uploads\/2024\/02\/IMG_6720-scaled-e1708793865828-480x527.jpg 480w, http:\/\/www.groundworkers.se\/wp-content\/uploads\/2024\/02\/IMG_6720-scaled-e1708793865828.jpg 1075w\" sizes=\"auto, (max-width: 273px) 100vw, 273px\" \/><\/a><br \/>\n<a href=\"https:\/\/www.groundworkers.se\/?page_id=2745\"><strong>&#8221;Ubbe&#8221;<\/strong><\/a><br \/>\n<strong>Ground Workers Unbeatable<\/strong><\/p>\n<p>&nbsp;<\/p>\n<p style=\"text-align: center;\"><strong><a href=\"http:\/\/www.groundworkers.se\/wp-content\/uploads\/2024\/01\/346620444_1278308516429964_3843183182377286099_n.jpg\"><img loading=\"lazy\" decoding=\"async\" class=\"alignnone wp-image-2529 \" src=\"http:\/\/www.groundworkers.se\/wp-content\/uploads\/2024\/01\/346620444_1278308516429964_3843183182377286099_n-e1706097383257-300x300.jpg\" alt=\"\" width=\"301\" height=\"301\" srcset=\"http:\/\/www.groundworkers.se\/wp-content\/uploads\/2024\/01\/346620444_1278308516429964_3843183182377286099_n-e1706097383257-300x300.jpg 300w, http:\/\/www.groundworkers.se\/wp-content\/uploads\/2024\/01\/346620444_1278308516429964_3843183182377286099_n-e1706097383257-150x150.jpg 150w, http:\/\/www.groundworkers.se\/wp-content\/uploads\/2024\/01\/346620444_1278308516429964_3843183182377286099_n-e1706097383257-768x765.jpg 768w, http:\/\/www.groundworkers.se\/wp-content\/uploads\/2024\/01\/346620444_1278308516429964_3843183182377286099_n-e1706097383257-230x229.jpg 230w, http:\/\/www.groundworkers.se\/wp-content\/uploads\/2024\/01\/346620444_1278308516429964_3843183182377286099_n-e1706097383257-350x349.jpg 350w, http:\/\/www.groundworkers.se\/wp-content\/uploads\/2024\/01\/346620444_1278308516429964_3843183182377286099_n-e1706097383257-480x478.jpg 480w, http:\/\/www.groundworkers.se\/wp-content\/uploads\/2024\/01\/346620444_1278308516429964_3843183182377286099_n-e1706097383257.jpg 904w\" sizes=\"auto, (max-width: 301px) 100vw, 301px\" \/><\/a><br \/>\n<a href=\"https:\/\/www.groundworkers.se\/?page_id=2503\">&#8221;Hubbe&#8221;<\/a><br \/>\nGround Workers Tactical\u00a0<\/strong><\/p>\n<p style=\"text-align: center;\"><a href=\"http:\/\/www.groundworkers.se\/wp-content\/uploads\/2024\/02\/IMG_6816-scaled-e1708793642605.jpg\"><img loading=\"lazy\" decoding=\"async\" class=\"alignnone size-medium wp-image-2741\" src=\"http:\/\/www.groundworkers.se\/wp-content\/uploads\/2024\/02\/IMG_6816-scaled-e1708793642605-256x300.jpg\" alt=\"\" width=\"256\" height=\"300\" srcset=\"http:\/\/www.groundworkers.se\/wp-content\/uploads\/2024\/02\/IMG_6816-scaled-e1708793642605-256x300.jpg 256w, http:\/\/www.groundworkers.se\/wp-content\/uploads\/2024\/02\/IMG_6816-scaled-e1708793642605-875x1024.jpg 875w, http:\/\/www.groundworkers.se\/wp-content\/uploads\/2024\/02\/IMG_6816-scaled-e1708793642605-768x899.jpg 768w, http:\/\/www.groundworkers.se\/wp-content\/uploads\/2024\/02\/IMG_6816-scaled-e1708793642605-1000x1171.jpg 1000w, http:\/\/www.groundworkers.se\/wp-content\/uploads\/2024\/02\/IMG_6816-scaled-e1708793642605-230x269.jpg 230w, http:\/\/www.groundworkers.se\/wp-content\/uploads\/2024\/02\/IMG_6816-scaled-e1708793642605-350x410.jpg 350w, http:\/\/www.groundworkers.se\/wp-content\/uploads\/2024\/02\/IMG_6816-scaled-e1708793642605-480x562.jpg 480w, http:\/\/www.groundworkers.se\/wp-content\/uploads\/2024\/02\/IMG_6816-scaled-e1708793642605.jpg 1002w\" sizes=\"auto, (max-width: 256px) 100vw, 256px\" \/><\/a><br \/>\n<strong><a href=\"https:\/\/www.groundworkers.se\/?page_id=2735\">&#8221;Rex&#8221;<\/a><br \/>\nLD Startklass Ground Workers Suprise<\/strong><\/p>\n<p>&nbsp;<\/p>\n<p style=\"text-align: center;\"><a href=\"http:\/\/www.groundworkers.se\/wp-content\/uploads\/2024\/02\/422934807_705123888137579_6972375029853942003_n-e1707577158110.jpg\"><img loading=\"lazy\" decoding=\"async\" class=\"alignnone wp-image-2579 size-medium\" src=\"http:\/\/www.groundworkers.se\/wp-content\/uploads\/2024\/02\/422934807_705123888137579_6972375029853942003_n-e1707577158110-258x300.jpg\" alt=\"\" width=\"258\" height=\"300\" srcset=\"http:\/\/www.groundworkers.se\/wp-content\/uploads\/2024\/02\/422934807_705123888137579_6972375029853942003_n-e1707577158110-258x300.jpg 258w, http:\/\/www.groundworkers.se\/wp-content\/uploads\/2024\/02\/422934807_705123888137579_6972375029853942003_n-e1707577158110-768x893.jpg 768w, http:\/\/www.groundworkers.se\/wp-content\/uploads\/2024\/02\/422934807_705123888137579_6972375029853942003_n-e1707577158110-230x268.jpg 230w, http:\/\/www.groundworkers.se\/wp-content\/uploads\/2024\/02\/422934807_705123888137579_6972375029853942003_n-e1707577158110-350x407.jpg 350w, http:\/\/www.groundworkers.se\/wp-content\/uploads\/2024\/02\/422934807_705123888137579_6972375029853942003_n-e1707577158110-480x558.jpg 480w, http:\/\/www.groundworkers.se\/wp-content\/uploads\/2024\/02\/422934807_705123888137579_6972375029853942003_n-e1707577158110.jpg 784w\" sizes=\"auto, (max-width: 258px) 100vw, 258px\" \/><\/a><br \/>\n<a style=\"font-size: 12pt;\" href=\"https:\/\/www.groundworkers.se\/?page_id=2567\"><strong>&#8221;Qaos&#8221;<\/strong><\/a><br \/>\n<strong>Ground Workers Quality<\/strong><\/p>\n<p>&nbsp;<\/p>\n<p style=\"text-align: center;\"><a href=\"http:\/\/www.groundworkers.se\/wp-content\/uploads\/2024\/01\/404633836_790729679554740_1260144148743803422_n.jpg\"><img loading=\"lazy\" decoding=\"async\" class=\"alignnone wp-image-2517 size-medium\" src=\"http:\/\/www.groundworkers.se\/wp-content\/uploads\/2024\/01\/404633836_790729679554740_1260144148743803422_n-e1706097411260-300x289.jpg\" alt=\"\" width=\"300\" height=\"289\" srcset=\"http:\/\/www.groundworkers.se\/wp-content\/uploads\/2024\/01\/404633836_790729679554740_1260144148743803422_n-e1706097411260-300x289.jpg 300w, http:\/\/www.groundworkers.se\/wp-content\/uploads\/2024\/01\/404633836_790729679554740_1260144148743803422_n-e1706097411260-230x222.jpg 230w, http:\/\/www.groundworkers.se\/wp-content\/uploads\/2024\/01\/404633836_790729679554740_1260144148743803422_n-e1706097411260-350x337.jpg 350w, http:\/\/www.groundworkers.se\/wp-content\/uploads\/2024\/01\/404633836_790729679554740_1260144148743803422_n-e1706097411260-480x462.jpg 480w, http:\/\/www.groundworkers.se\/wp-content\/uploads\/2024\/01\/404633836_790729679554740_1260144148743803422_n-e1706097411260.jpg 680w\" sizes=\"auto, (max-width: 300px) 100vw, 300px\" \/><\/a><br \/>\n<a href=\"https:\/\/www.groundworkers.se\/?page_id=2500\"><strong>&#8221;Noak&#8221;<\/strong><\/a><br \/>\n<strong>RLD N RLD F RLD A Ground Workers Naughty<\/strong><\/p>\n<p>&nbsp;<\/p>\n<p>&nbsp;<\/p>\n<p>&nbsp;<\/p>\n<p style=\"text-align: center;\"><strong>\u00a0<\/strong><\/p>\n<p>&nbsp;<\/p>\n<p>&nbsp;<\/p>\n<p>&nbsp;<\/p>\n<p>&nbsp;<\/p>\n<p>&nbsp;<\/p>\n<p>&nbsp;<\/p>\n<p>&nbsp;<\/p>\n","protected":false},"excerpt":{"rendered":"<p>&#8221;Dumle&#8221; Ground Workers Xpect &nbsp; &#8221;Helge&#8221; CHANTV24 DKUCH HCAV24 SEVCH Ground Workers Unstoppable &nbsp; &#8221;Ubbe&#8221; Ground Workers Unbeatable &nbsp; &#8221;Hubbe&#8221; Ground Workers [&hellip;]<\/p>\n","protected":false},"author":2,"featured_media":0,"parent":0,"menu_order":0,"comment_status":"closed","ping_status":"closed","template":"","meta":{"footnotes":""},"class_list":["post-2492","page","type-page","status-publish","hentry"],"_links":{"self":[{"href":"http:\/\/www.groundworkers.se\/index.php?rest_route=\/wp\/v2\/pages\/2492","targetHints":{"allow":["GET"]}}],"collection":[{"href":"http:\/\/www.groundworkers.se\/index.php?rest_route=\/wp\/v2\/pages"}],"about":[{"href":"http:\/\/www.groundworkers.se\/index.php?rest_route=\/wp\/v2\/types\/page"}],"author":[{"embeddable":true,"href":"http:\/\/www.groundworkers.se\/index.php?rest_route=\/wp\/v2\/users\/2"}],"replies":[{"embeddable":true,"href":"http:\/\/www.groundworkers.se\/index.php?rest_route=%2Fwp%2Fv2%2Fcomments&post=2492"}],"version-history":[{"count":25,"href":"http:\/\/www.groundworkers.se\/index.php?rest_route=\/wp\/v2\/pages\/2492\/revisions"}],"predecessor-version":[{"id":3178,"href":"http:\/\/www.groundworkers.se\/index.php?rest_route=\/wp\/v2\/pages\/2492\/revisions\/3178"}],"wp:attachment":[{"href":"http:\/\/www.groundworkers.se\/index.php?rest_route=%2Fwp%2Fv2%2Fmedia&parent=2492"}],"curies":[{"name":"wp","href":"https:\/\/api.w.org\/{rel}","templated":true}]}}