{"id":40,"date":"2013-03-30T11:58:58","date_gmt":"2013-03-30T10:58:58","guid":{"rendered":"http:\/\/www.groundworkers.se\/?page_id=40"},"modified":"2013-06-10T11:04:11","modified_gmt":"2013-06-10T09:04:11","slug":"grynet","status":"publish","type":"page","link":"http:\/\/www.groundworkers.se\/?page_id=40","title":{"rendered":"Grynet"},"content":{"rendered":"<p><a href=\"http:\/\/www.groundworkers.se\/wp-content\/uploads\/2013\/03\/GrynetStarFint.jpeg\"><img loading=\"lazy\" decoding=\"async\" class=\"alignnone size-medium wp-image-717\" alt=\"GrynetStarFint\" src=\"http:\/\/www.groundworkers.se\/wp-content\/uploads\/2013\/03\/GrynetStarFint-300x186.jpeg\" width=\"300\" height=\"186\" srcset=\"http:\/\/www.groundworkers.se\/wp-content\/uploads\/2013\/03\/GrynetStarFint-300x186.jpeg 300w, http:\/\/www.groundworkers.se\/wp-content\/uploads\/2013\/03\/GrynetStarFint.jpeg 350w\" sizes=\"auto, (max-width: 300px) 100vw, 300px\" \/><\/a>\u00a0<a href=\"http:\/\/www.groundworkers.se\/wp-content\/uploads\/2013\/03\/GrynetOrdinarie2010.jpg\"><img loading=\"lazy\" decoding=\"async\" class=\"alignnone size-thumbnail wp-image-980\" alt=\"GrynetOrdinarie2010\" src=\"http:\/\/www.groundworkers.se\/wp-content\/uploads\/2013\/03\/GrynetOrdinarie2010-150x150.jpg\" width=\"185\" height=\"185\" \/><\/a> <a href=\"http:\/\/www.groundworkers.se\/wp-content\/uploads\/2013\/03\/GrynetMedSkugga1.jpg\"><img loading=\"lazy\" decoding=\"async\" class=\"alignnone size-medium wp-image-975\" alt=\"GrynetMedSkugga\" src=\"http:\/\/www.groundworkers.se\/wp-content\/uploads\/2013\/03\/GrynetMedSkugga1-300x177.jpg\" width=\"316\" height=\"187\" srcset=\"http:\/\/www.groundworkers.se\/wp-content\/uploads\/2013\/03\/GrynetMedSkugga1-300x177.jpg 300w, http:\/\/www.groundworkers.se\/wp-content\/uploads\/2013\/03\/GrynetMedSkugga1.jpg 500w\" sizes=\"auto, (max-width: 316px) 100vw, 316px\" \/><\/a><br \/>\n<span style=\"font-size: xx-small;\">Foto: Maria Lundberg x 3<\/span><\/p>\n<h3><big><big><\/big><\/big>SEVCH Ground Workers Blessing<\/h3>\n<p>E: Applejack\u00a0\u00a0 U: Abullabergas Salix Alba<br \/>\nF\u00f6dd: 2004-10-22<\/p>\n<p>Grynet \u00e4r mycket f\u00f6ljsam, l\u00e4tthanterlig med en superkontakt (lik mamma Elvira i m\u00e5ngt och mycket). P\u00e5 v\u00e5ra promenader \u00e4r det hon som \u00e4r spejaren och ser till att inga vilda eller f\u00f6r den delen tama djur slinker f\u00f6rbi obem\u00e4rkt. Det har blivit Grynets uppgift att best\u00e4mma h\u00e4r hemma efter det att Elvira l\u00e4mnade oss. Uppgiften sk\u00f6ter hon p\u00e5 b\u00e4sta s\u00e4tt och jag \u00e4r helt trygg med hennes ledarskap d\u00e5 hon aldrig tar i f\u00f6r mycket.<\/p>\n<p>Vardags passion f\u00f6r Grynet \u00e4r bollar som hon kan h\u00e5lla sig sysselsatt med l\u00e5nga stunder, dock g\u00e5r det inte med vilken boll som helst utan det ska vara strandtennisbollar eller IKEAs ekorrboll.<\/p>\n<p>Den 3\/7-10 klarade Grynet det sista \u00f6ppenklass sp\u00e5ret till den s\u00e5 \u00e5tr\u00e5v\u00e4rda titeln SEVCH.<\/p>\n<p><a href=\"http:\/\/www.groundworkers.se\/wp-content\/uploads\/2013\/03\/GrynetOrdinarie3.jpg\"><img loading=\"lazy\" decoding=\"async\" class=\"alignnone size-thumbnail wp-image-977\" alt=\"GrynetOrdinarie3\" src=\"http:\/\/www.groundworkers.se\/wp-content\/uploads\/2013\/03\/GrynetOrdinarie3-150x150.jpg\" width=\"150\" height=\"150\" \/><\/a> <a href=\"http:\/\/www.groundworkers.se\/wp-content\/uploads\/2013\/03\/GrynetOrdinarie5.jpg\"><img loading=\"lazy\" decoding=\"async\" class=\"alignnone size-thumbnail wp-image-979\" alt=\"GrynetOrdinarie5\" src=\"http:\/\/www.groundworkers.se\/wp-content\/uploads\/2013\/03\/GrynetOrdinarie5-150x150.jpg\" width=\"150\" height=\"150\" \/><\/a>\u00a0<a href=\"http:\/\/www.groundworkers.se\/wp-content\/uploads\/2013\/03\/GrynetOrdinarie4.jpg\"><img loading=\"lazy\" decoding=\"async\" class=\"alignnone size-thumbnail wp-image-978\" alt=\"GrynetOrdinarie4\" src=\"http:\/\/www.groundworkers.se\/wp-content\/uploads\/2013\/03\/GrynetOrdinarie4-150x150.jpg\" width=\"150\" height=\"150\" \/><\/a> <a href=\"http:\/\/www.groundworkers.se\/wp-content\/uploads\/2013\/03\/GrynetOrdinarie2.jpg\"><img loading=\"lazy\" decoding=\"async\" class=\"alignnone size-thumbnail wp-image-976\" alt=\"GrynetOrdinarie2\" src=\"http:\/\/www.groundworkers.se\/wp-content\/uploads\/2013\/03\/GrynetOrdinarie2-150x150.jpg\" width=\"150\" height=\"150\" \/><\/a><br \/>\n<span style=\"font-size: xx-small;\">Foto: Maria Lundberg<\/span><\/p>\n<p>Grynet har driver de flesta djurslag med skall och har stort viltintresse. Hon s\u00f6ker ut bra och h\u00e5ller fin kontakt. Hon \u00e4r varsam med nyskjutet vilt men hj\u00e4lper g\u00e4rna till om det \u00e4r n\u00e5gon annan hund som h\u00e5ller p\u00e5 att nagga djur.<\/p>\n<p>I juli 2007 fick Grynet tr\u00e4ffa gr\u00e4vligen i grytet. Hon tyckte inte det var n\u00e5got speciellt och hon satt och tittade p\u00e5 gr\u00e4vligen en stund sen kom hon p\u00e5 att man nog skulle sk\u00e4lla p\u00e5 den och gjorde det lite. Inget m\u00e4rkv\u00e4rdigt enligt Grynet. D\u00e4remot har hon en f\u00f6rk\u00e4rlek till katter och det har inte blivit b\u00e4ttre av att hon i samarbete med R\u00e5ttan f\u00e5tt ett kattliv p\u00e5 sitt samvete.<\/p>\n<div>P\u00e5 utst\u00e4llning har det g\u00e5tt bra. Hennes officiella debut resulterade i klassvinst med CK. I valpklass visades hon fem g\u00e5nger med fyra BIR och tv\u00e5 BIS 1:a som resultat.<br \/>\nDe tv\u00e5 st\u00f6rsta h\u00f6jdpunkterna i utst\u00e4llningsringen var n\u00e4r min lilla GulleGryn blev BIS valp p\u00e5 \u00c5rets Border 2005 och n\u00e4r hon kom fyra i \u00f6ppenklassen med Hp p\u00e5 \u00c5rets Border 2007 med 29 tikar i klassen.<\/div>\n","protected":false},"excerpt":{"rendered":"<p>\u00a0 Foto: Maria Lundberg x 3 SEVCH Ground Workers Blessing E: Applejack\u00a0\u00a0 U: Abullabergas Salix Alba F\u00f6dd: 2004-10-22 Grynet \u00e4r mycket f\u00f6ljsam, [&hellip;]<\/p>\n","protected":false},"author":1,"featured_media":0,"parent":6,"menu_order":1,"comment_status":"closed","ping_status":"closed","template":"full-width-page.php","meta":{"footnotes":""},"class_list":["post-40","page","type-page","status-publish","hentry"],"_links":{"self":[{"href":"http:\/\/www.groundworkers.se\/index.php?rest_route=\/wp\/v2\/pages\/40","targetHints":{"allow":["GET"]}}],"collection":[{"href":"http:\/\/www.groundworkers.se\/index.php?rest_route=\/wp\/v2\/pages"}],"about":[{"href":"http:\/\/www.groundworkers.se\/index.php?rest_route=\/wp\/v2\/types\/page"}],"author":[{"embeddable":true,"href":"http:\/\/www.groundworkers.se\/index.php?rest_route=\/wp\/v2\/users\/1"}],"replies":[{"embeddable":true,"href":"http:\/\/www.groundworkers.se\/index.php?rest_route=%2Fwp%2Fv2%2Fcomments&post=40"}],"version-history":[{"count":7,"href":"http:\/\/www.groundworkers.se\/index.php?rest_route=\/wp\/v2\/pages\/40\/revisions"}],"predecessor-version":[{"id":891,"href":"http:\/\/www.groundworkers.se\/index.php?rest_route=\/wp\/v2\/pages\/40\/revisions\/891"}],"up":[{"embeddable":true,"href":"http:\/\/www.groundworkers.se\/index.php?rest_route=\/wp\/v2\/pages\/6"}],"wp:attachment":[{"href":"http:\/\/www.groundworkers.se\/index.php?rest_route=%2Fwp%2Fv2%2Fmedia&parent=40"}],"curies":[{"name":"wp","href":"https:\/\/api.w.org\/{rel}","templated":true}]}}