{"id":8,"date":"2013-03-30T10:56:34","date_gmt":"2013-03-30T09:56:34","guid":{"rendered":"http:\/\/www.groundworkers.se\/?page_id=8"},"modified":"2016-02-16T12:49:48","modified_gmt":"2016-02-16T11:49:48","slug":"kennel","status":"publish","type":"page","link":"http:\/\/www.groundworkers.se\/?page_id=8","title":{"rendered":"Kennel"},"content":{"rendered":"<p><img loading=\"lazy\" decoding=\"async\" class=\"alignnone size-medium wp-image-80\" alt=\"ElviraMedAKull\" src=\"http:\/\/www.groundworkers.se\/wp-content\/uploads\/2013\/03\/ElviraMedAKull-300x202.jpg\" width=\"300\" height=\"202\" srcset=\"http:\/\/www.groundworkers.se\/wp-content\/uploads\/2013\/03\/ElviraMedAKull-300x202.jpg 300w, http:\/\/www.groundworkers.se\/wp-content\/uploads\/2013\/03\/ElviraMedAKull.jpg 350w\" sizes=\"auto, (max-width: 300px) 100vw, 300px\" \/>\u00a0\u00a0\u00a0\u00a0\u00a0\u00a0\u00a0\u00a0\u00a0\u00a0\u00a0\u00a0\u00a0\u00a0\u00a0 <img loading=\"lazy\" decoding=\"async\" class=\"alignnone size-medium wp-image-81\" alt=\"GrynetMedLeopard\" src=\"http:\/\/www.groundworkers.se\/wp-content\/uploads\/2013\/03\/GrynetMedLeopard-300x194.jpg\" width=\"311\" height=\"202\" srcset=\"http:\/\/www.groundworkers.se\/wp-content\/uploads\/2013\/03\/GrynetMedLeopard-300x194.jpg 300w, http:\/\/www.groundworkers.se\/wp-content\/uploads\/2013\/03\/GrynetMedLeopard.jpg 350w\" sizes=\"auto, (max-width: 311px) 100vw, 311px\" \/><\/p>\n<p>Jag ser mig i f\u00f6rsta hand som en aktiv hund\u00e4gare med m\u00e5ls\u00e4ttningen att ge mina hundar ett inneh\u00e5llsrikt och<br \/>\nstimulerande liv. I andra hand ser jag mig som uppf\u00f6dare.<br \/>\nMitt m\u00e5l med uppf\u00f6dningen \u00e4r att bibeh\u00e5lla borderterriern som gryt\/jakthund med en tilltalande extri\u00f6r,<br \/>\ndvs att avelsdjuren ska ha merit b\u00e5de p\u00e5 utst\u00e4llning och i gryt.<\/p>\n<p>Jag \u00e4r medlem i Borderterriers\u00e4llskapet, Svenska Kennelklubben, Grythundsklubben, Terrierklubben och<br \/>\nSvenska Brukshundsklubben.<\/p>\n<p>Valparna som f\u00f6ds hos mej f\u00e5r de f\u00f6rsta tre veckorna bo i lugn och ro i sovrummet p\u00e5 ovanv\u00e5ningen.<br \/>\nEfter det \u00e4r det dags att flytta ner i k\u00f6ket och de andra hundarna.<\/p>\n<p>Till en b\u00f6rjan \u00e4r valphagen stor nog men n\u00e4r de blir lite mer \u00e4n fyra veckor f\u00e5r de ge sig ut p\u00e5 uppt\u00e4cktsf\u00e4rd i<br \/>\nk\u00f6ket, hallen och tr\u00e4dg\u00e5rden. Tv-rummet \u00e4r priviligerat f\u00f6r de vuxna hundar som vill komma undan monsterna.<br \/>\nValparna f\u00e5r l\u00e4ra sig hundspr\u00e5k av de andra hundarna som lever i en v\u00e4l fungerande flock.<br \/>\nDetta ger valparna en mycket god start i livet och g\u00f6r det l\u00e4ttare f\u00f6r valp och \u00e4gare i deras fortsatta kontakt med hundar.<br \/>\nJag f\u00f6ljer givetvis SKKs grundregler och har g\u00e5tt deras uppf\u00f6darutbildning tillsammans med n\u00e5gra andra uppf\u00f6dare.<\/p>\n<p>&nbsp;<\/p>\n","protected":false},"excerpt":{"rendered":"<p>\u00a0\u00a0\u00a0\u00a0\u00a0\u00a0\u00a0\u00a0\u00a0\u00a0\u00a0\u00a0\u00a0\u00a0\u00a0 Jag ser mig i f\u00f6rsta hand som en aktiv hund\u00e4gare med m\u00e5ls\u00e4ttningen att ge mina hundar ett inneh\u00e5llsrikt och stimulerande liv. [&hellip;]<\/p>\n","protected":false},"author":1,"featured_media":0,"parent":0,"menu_order":0,"comment_status":"closed","ping_status":"closed","template":"full-width-page.php","meta":{"footnotes":""},"class_list":["post-8","page","type-page","status-publish","hentry"],"_links":{"self":[{"href":"http:\/\/www.groundworkers.se\/index.php?rest_route=\/wp\/v2\/pages\/8","targetHints":{"allow":["GET"]}}],"collection":[{"href":"http:\/\/www.groundworkers.se\/index.php?rest_route=\/wp\/v2\/pages"}],"about":[{"href":"http:\/\/www.groundworkers.se\/index.php?rest_route=\/wp\/v2\/types\/page"}],"author":[{"embeddable":true,"href":"http:\/\/www.groundworkers.se\/index.php?rest_route=\/wp\/v2\/users\/1"}],"replies":[{"embeddable":true,"href":"http:\/\/www.groundworkers.se\/index.php?rest_route=%2Fwp%2Fv2%2Fcomments&post=8"}],"version-history":[{"count":12,"href":"http:\/\/www.groundworkers.se\/index.php?rest_route=\/wp\/v2\/pages\/8\/revisions"}],"predecessor-version":[{"id":74,"href":"http:\/\/www.groundworkers.se\/index.php?rest_route=\/wp\/v2\/pages\/8\/revisions\/74"}],"wp:attachment":[{"href":"http:\/\/www.groundworkers.se\/index.php?rest_route=%2Fwp%2Fv2%2Fmedia&parent=8"}],"curies":[{"name":"wp","href":"https:\/\/api.w.org\/{rel}","templated":true}]}}