{"id":2864,"date":"2024-06-17T18:38:20","date_gmt":"2024-06-17T16:38:20","guid":{"rendered":"https:\/\/www.groundworkers.se\/?page_id=2864"},"modified":"2024-06-17T18:44:38","modified_gmt":"2024-06-17T16:44:38","slug":"y-kullen","status":"publish","type":"page","link":"https:\/\/www.groundworkers.se\/?page_id=2864","title":{"rendered":"Y-kullen"},"content":{"rendered":"<p style=\"text-align: center;\">E: Ottercap I Wont&#8217;t Back Down<br \/>\nU: Vydra Iz Pesni Lovchiva<br \/>\n<a href=\"http:\/\/www.groundworkers.se\/wp-content\/uploads\/2024\/02\/423221354_819664546590017_6855546965488639572_n.jpg\"><img loading=\"lazy\" decoding=\"async\" class=\"alignnone size-medium wp-image-2712\" src=\"http:\/\/www.groundworkers.se\/wp-content\/uploads\/2024\/02\/423221354_819664546590017_6855546965488639572_n-296x300.jpg\" alt=\"\" width=\"296\" height=\"300\" srcset=\"https:\/\/www.groundworkers.se\/wp-content\/uploads\/2024\/02\/423221354_819664546590017_6855546965488639572_n-296x300.jpg 296w, https:\/\/www.groundworkers.se\/wp-content\/uploads\/2024\/02\/423221354_819664546590017_6855546965488639572_n-1010x1024.jpg 1010w, https:\/\/www.groundworkers.se\/wp-content\/uploads\/2024\/02\/423221354_819664546590017_6855546965488639572_n-768x779.jpg 768w, https:\/\/www.groundworkers.se\/wp-content\/uploads\/2024\/02\/423221354_819664546590017_6855546965488639572_n-1000x1014.jpg 1000w, https:\/\/www.groundworkers.se\/wp-content\/uploads\/2024\/02\/423221354_819664546590017_6855546965488639572_n-230x233.jpg 230w, https:\/\/www.groundworkers.se\/wp-content\/uploads\/2024\/02\/423221354_819664546590017_6855546965488639572_n-350x355.jpg 350w, https:\/\/www.groundworkers.se\/wp-content\/uploads\/2024\/02\/423221354_819664546590017_6855546965488639572_n-480x487.jpg 480w, https:\/\/www.groundworkers.se\/wp-content\/uploads\/2024\/02\/423221354_819664546590017_6855546965488639572_n.jpg 1064w\" sizes=\"auto, (max-width: 296px) 100vw, 296px\" \/><\/a><br \/>\nDen 14\/4-24 f\u00f6ddes tv\u00e5 hanar och tv\u00e5 tikar efter Vydra och RaGnar.<\/p>\n","protected":false},"excerpt":{"rendered":"<p>E: Ottercap I Wont&#8217;t Back Down U: Vydra Iz Pesni Lovchiva Den 14\/4-24 f\u00f6ddes tv\u00e5 hanar och tv\u00e5 tikar efter Vydra och [&hellip;]<\/p>\n","protected":false},"author":2,"featured_media":0,"parent":0,"menu_order":0,"comment_status":"closed","ping_status":"closed","template":"","meta":{"footnotes":""},"class_list":["post-2864","page","type-page","status-publish","hentry"],"_links":{"self":[{"href":"https:\/\/www.groundworkers.se\/index.php?rest_route=\/wp\/v2\/pages\/2864","targetHints":{"allow":["GET"]}}],"collection":[{"href":"https:\/\/www.groundworkers.se\/index.php?rest_route=\/wp\/v2\/pages"}],"about":[{"href":"https:\/\/www.groundworkers.se\/index.php?rest_route=\/wp\/v2\/types\/page"}],"author":[{"embeddable":true,"href":"https:\/\/www.groundworkers.se\/index.php?rest_route=\/wp\/v2\/users\/2"}],"replies":[{"embeddable":true,"href":"https:\/\/www.groundworkers.se\/index.php?rest_route=%2Fwp%2Fv2%2Fcomments&post=2864"}],"version-history":[{"count":2,"href":"https:\/\/www.groundworkers.se\/index.php?rest_route=\/wp\/v2\/pages\/2864\/revisions"}],"predecessor-version":[{"id":2873,"href":"https:\/\/www.groundworkers.se\/index.php?rest_route=\/wp\/v2\/pages\/2864\/revisions\/2873"}],"wp:attachment":[{"href":"https:\/\/www.groundworkers.se\/index.php?rest_route=%2Fwp%2Fv2%2Fmedia&parent=2864"}],"curies":[{"name":"wp","href":"https:\/\/api.w.org\/{rel}","templated":true}]}}