{"id":3183,"date":"2026-01-25T19:09:01","date_gmt":"2026-01-25T18:09:01","guid":{"rendered":"https:\/\/www.groundworkers.se\/?page_id=3183"},"modified":"2026-03-21T20:41:07","modified_gmt":"2026-03-21T19:41:07","slug":"ava","status":"publish","type":"page","link":"https:\/\/www.groundworkers.se\/?page_id=3183","title":{"rendered":"Ava"},"content":{"rendered":"<p style=\"text-align: center;\"><a href=\"http:\/\/www.groundworkers.se\/wp-content\/uploads\/2026\/03\/IMG_0170-scaled.jpg\"><img loading=\"lazy\" decoding=\"async\" class=\"alignnone wp-image-3197 size-medium\" src=\"http:\/\/www.groundworkers.se\/wp-content\/uploads\/2026\/03\/IMG_0170-300x191.jpg\" alt=\"\" width=\"300\" height=\"191\" srcset=\"https:\/\/www.groundworkers.se\/wp-content\/uploads\/2026\/03\/IMG_0170-300x191.jpg 300w, https:\/\/www.groundworkers.se\/wp-content\/uploads\/2026\/03\/IMG_0170-1024x651.jpg 1024w, https:\/\/www.groundworkers.se\/wp-content\/uploads\/2026\/03\/IMG_0170-768x488.jpg 768w, https:\/\/www.groundworkers.se\/wp-content\/uploads\/2026\/03\/IMG_0170-1536x977.jpg 1536w, https:\/\/www.groundworkers.se\/wp-content\/uploads\/2026\/03\/IMG_0170-2048x1302.jpg 2048w, https:\/\/www.groundworkers.se\/wp-content\/uploads\/2026\/03\/IMG_0170-1000x636.jpg 1000w, https:\/\/www.groundworkers.se\/wp-content\/uploads\/2026\/03\/IMG_0170-230x146.jpg 230w, https:\/\/www.groundworkers.se\/wp-content\/uploads\/2026\/03\/IMG_0170-350x223.jpg 350w, https:\/\/www.groundworkers.se\/wp-content\/uploads\/2026\/03\/IMG_0170-480x305.jpg 480w\" sizes=\"auto, (max-width: 300px) 100vw, 300px\" \/><\/a><br \/>\nAva n\u00e4stan 6 m\u00e5nader<\/p>\n<p style=\"text-align: center;\"><strong>Orava Arvansis<br \/>\n<\/strong>E: Falke&#8217;s My Dear Admiral Von Schneid \u00a0U: Connie ze Stru\u017esk\u00e9ho Dvora<br \/>\nF\u00f6dd: 2025-09-27<br \/>\nReg nr: SE11245\/2026<br \/>\nStamtavla finns\u00a0<a href=\"https:\/\/hundar.skk.se\/Avelsdata\/Flikar.aspx?sida=Hund_stamtavla&amp;id=3853099\">h\u00e4r<\/a><br \/>\nCLEAR OF SLEM by parents<\/p>\n","protected":false},"excerpt":{"rendered":"<p>Ava n\u00e4stan 6 m\u00e5nader Orava Arvansis E: Falke&#8217;s My Dear Admiral Von Schneid \u00a0U: Connie ze Stru\u017esk\u00e9ho Dvora F\u00f6dd: 2025-09-27 Reg nr: [&hellip;]<\/p>\n","protected":false},"author":2,"featured_media":0,"parent":0,"menu_order":0,"comment_status":"closed","ping_status":"closed","template":"","meta":{"footnotes":""},"class_list":["post-3183","page","type-page","status-publish","hentry"],"_links":{"self":[{"href":"https:\/\/www.groundworkers.se\/index.php?rest_route=\/wp\/v2\/pages\/3183","targetHints":{"allow":["GET"]}}],"collection":[{"href":"https:\/\/www.groundworkers.se\/index.php?rest_route=\/wp\/v2\/pages"}],"about":[{"href":"https:\/\/www.groundworkers.se\/index.php?rest_route=\/wp\/v2\/types\/page"}],"author":[{"embeddable":true,"href":"https:\/\/www.groundworkers.se\/index.php?rest_route=\/wp\/v2\/users\/2"}],"replies":[{"embeddable":true,"href":"https:\/\/www.groundworkers.se\/index.php?rest_route=%2Fwp%2Fv2%2Fcomments&post=3183"}],"version-history":[{"count":5,"href":"https:\/\/www.groundworkers.se\/index.php?rest_route=\/wp\/v2\/pages\/3183\/revisions"}],"predecessor-version":[{"id":3198,"href":"https:\/\/www.groundworkers.se\/index.php?rest_route=\/wp\/v2\/pages\/3183\/revisions\/3198"}],"wp:attachment":[{"href":"https:\/\/www.groundworkers.se\/index.php?rest_route=%2Fwp%2Fv2%2Fmedia&parent=3183"}],"curies":[{"name":"wp","href":"https:\/\/api.w.org\/{rel}","templated":true}]}}